{"id":38,"date":"2021-05-06T12:46:43","date_gmt":"2021-05-06T12:46:43","guid":{"rendered":"https:\/\/shop.garagestyger.ch\/?p=38"},"modified":"2022-10-17T06:38:57","modified_gmt":"2022-10-17T06:38:57","slug":"vneck-tee","status":"publish","type":"product","link":"https:\/\/shop.garagestyger.ch\/?product=vneck-tee","title":{"rendered":"EXPANDER CAMPINGSTUHL &#8211; VON FRONT RUNNER"},"content":{"rendered":"<p>Der ausziehbare Expander Stuhl von Front Runner erlaubt es, den Stuhl ultra kompakt zusammenzupacken und damit noch einfacher zu transportieren.<\/p>\n<p>&nbsp;<\/p>\n<p>Das ausziehbare Front Runner Expander Campingstuhl Design erlaubt es den Stuhl ultra kompakt zusammenzupacken und damit noch einfacher zu transportieren. Reisen mit St\u00fchlen ist immer schwierig- ihrer Gr\u00f6\u00dfe wegen. Komfort ist das erste was wegf\u00e4llt, wenn ein Fahrzeug \u00fcberladen wird. Stehen ist aber auch keine Option &#8211; und deshalb gibt es jetzt den Front Runner Expander Stuhl. Dieser Stuhl hat eine neue, platzsparende, zum Patent angemeldeten Technologie zu Grunde liegen. Diese innovative Technologie erlaubt es diesen normalgro\u00dfen Stuhl kompakt auf 1\/16 seiner Gr\u00f6\u00dfe zu verkleinern!<br \/>\nDer Expander Stuhl von Front Runner kann einfach verstaut werden, da er auf die Gr\u00f6\u00dfe einer Laptoptasche schrumpft.<br \/>\nDieser Stuhl eignet sich perfekt f\u00fcr \u00dcberlandfahrten, Offroaden, Picknicks, Outdoorkonzerte, Sportveranstaltungen etc.<br \/>\nDa der Expander Stuhl von Front Runner besonders leicht und kompakt ist, und einen Tragegriff besitzt, l\u00e4sst er sich einfach vom Fahrzeug bis zum gew\u00fcnschten Sitzplatz tragen.<\/p>\n<p>Das ALL-BLACK DESIGN ist nicht nur stylish, sondern passt auch zu vielen anderen Camping- und Fahrzeugaccessoires. Im Vergleich zu allen vergleichbaren Produkten auf dem Markt, sticht es durch besondere Eigenschaften hervor.<\/p>\n<ul>\n<li>Bequem und besonders einfach zu transportieren.<\/li>\n<li>Faltbar in 3 einfachen Schritten.<\/li>\n<li>Sinkt nicht in Sand ein.<\/li>\n<li>Gute H\u00f6he zur Verwendung an Tischen.<\/li>\n<li>Aus robustem Stahl gefertigt.<\/li>\n<\/ul>\n<p>Intelligente Features, wie z.B.:<\/p>\n<ul>\n<li>ein Becherhalter.<\/li>\n<li>eine Media-Tasche f\u00fcr Handy, GPS, iPod etc.<\/li>\n<li>eine Nutztasche f\u00fcr B\u00fccher, Karten etc.<\/li>\n<li>ein Tragegriff.<\/li>\n<\/ul>\n","protected":false},"excerpt":{"rendered":"<p>Expander Campingstuhl &#8211; von Front Runner<\/p>\n","protected":false},"featured_media":121,"comment_status":"open","ping_status":"closed","template":"","meta":[],"product_cat":[732,15,19],"product_tag":[61,54,60,59],"_links":{"self":[{"href":"https:\/\/shop.garagestyger.ch\/index.php?rest_route=\/wp\/v2\/product\/38"}],"collection":[{"href":"https:\/\/shop.garagestyger.ch\/index.php?rest_route=\/wp\/v2\/product"}],"about":[{"href":"https:\/\/shop.garagestyger.ch\/index.php?rest_route=\/wp\/v2\/types\/product"}],"replies":[{"embeddable":true,"href":"https:\/\/shop.garagestyger.ch\/index.php?rest_route=%2Fwp%2Fv2%2Fcomments&post=38"}],"wp:featuredmedia":[{"embeddable":true,"href":"https:\/\/shop.garagestyger.ch\/index.php?rest_route=\/wp\/v2\/media\/121"}],"wp:attachment":[{"href":"https:\/\/shop.garagestyger.ch\/index.php?rest_route=%2Fwp%2Fv2%2Fmedia&parent=38"}],"wp:term":[{"taxonomy":"product_cat","embeddable":true,"href":"https:\/\/shop.garagestyger.ch\/index.php?rest_route=%2Fwp%2Fv2%2Fproduct_cat&post=38"},{"taxonomy":"product_tag","embeddable":true,"href":"https:\/\/shop.garagestyger.ch\/index.php?rest_route=%2Fwp%2Fv2%2Fproduct_tag&post=38"}],"curies":[{"name":"wp","href":"https:\/\/api.w.org\/{rel}","templated":true}]}}