{"id":3230,"date":"2022-10-17T13:22:19","date_gmt":"2022-10-17T13:22:19","guid":{"rendered":"https:\/\/shop.garagestyger.ch\/?post_type=product&#038;p=3230"},"modified":"2026-02-21T19:09:44","modified_gmt":"2026-02-21T19:09:44","slug":"spanngurt-mit-schnellverschluss-von-front-runner","status":"publish","type":"product","link":"https:\/\/shop.garagestyger.ch\/?product=spanngurt-mit-schnellverschluss-von-front-runner","title":{"rendered":"Spanngurt mit Schnellverschluss &#8211; von Front Runner"},"content":{"rendered":"<p>Sichere so ziemlich alles, was gesichert werden muss, mit diesem mit einem Schnellverschluss ausger\u00fcsteten Spanngurt.<\/p>\n<ul>\n<li>Schnelles und effizientes Verzurren Deiner Ausr\u00fcstung<\/li>\n<li>Perfekt f\u00fcr das festzurren von K\u00fchlboxen auf den Front Runner Schubladen- und Auszugsystemen<\/li>\n<li>Geeignet um eine Vielzahl an Ausr\u00fcstung mit einer maximalen Nutzungsl\u00e4nge von 450 mm und einer Gesamtl\u00e4nge von 970 mm zu sichern.<\/li>\n<li>F\u00fcr zus\u00e4tzliche Sicherheit, kann\u00a0<a href=\"https:\/\/www.frontrunneroutfitters.com\/de\/de\/rack-accessory-lock-small.html\">Kabelschloss f\u00fcr Dachtr\u00e4ger Accessoires \/ Klein &#8211; von Front Runner<\/a>\u00a0verwendet werden um den Schnellverschluss abzuschlie\u00dfen.<\/li>\n<\/ul>\n","protected":false},"excerpt":{"rendered":"<p>Sichere so ziemlich alles, was gesichert werden muss, mit diesem mit einem Schnellverschluss ausger\u00fcsteten Spanngurt. Schnelles und effizientes Verzurren Deiner Ausr\u00fcstung Perfekt f\u00fcr das festzurren von K\u00fchlboxen auf den Front Runner Schubladen- und Auszugsystemen Geeignet um eine Vielzahl an Ausr\u00fcstung mit einer maximalen Nutzungsl\u00e4nge von 450 mm und einer Gesamtl\u00e4nge von 970 mm zu sichern. [&hellip;]<\/p>\n","protected":false},"featured_media":3231,"comment_status":"open","ping_status":"closed","template":"","meta":[],"product_cat":[404,15,399,19,30,400],"product_tag":[877,923,922],"_links":{"self":[{"href":"https:\/\/shop.garagestyger.ch\/index.php?rest_route=\/wp\/v2\/product\/3230"}],"collection":[{"href":"https:\/\/shop.garagestyger.ch\/index.php?rest_route=\/wp\/v2\/product"}],"about":[{"href":"https:\/\/shop.garagestyger.ch\/index.php?rest_route=\/wp\/v2\/types\/product"}],"replies":[{"embeddable":true,"href":"https:\/\/shop.garagestyger.ch\/index.php?rest_route=%2Fwp%2Fv2%2Fcomments&post=3230"}],"wp:featuredmedia":[{"embeddable":true,"href":"https:\/\/shop.garagestyger.ch\/index.php?rest_route=\/wp\/v2\/media\/3231"}],"wp:attachment":[{"href":"https:\/\/shop.garagestyger.ch\/index.php?rest_route=%2Fwp%2Fv2%2Fmedia&parent=3230"}],"wp:term":[{"taxonomy":"product_cat","embeddable":true,"href":"https:\/\/shop.garagestyger.ch\/index.php?rest_route=%2Fwp%2Fv2%2Fproduct_cat&post=3230"},{"taxonomy":"product_tag","embeddable":true,"href":"https:\/\/shop.garagestyger.ch\/index.php?rest_route=%2Fwp%2Fv2%2Fproduct_tag&post=3230"}],"curies":[{"name":"wp","href":"https:\/\/api.w.org\/{rel}","templated":true}]}}