{"id":3219,"date":"2022-10-17T13:00:34","date_gmt":"2022-10-17T13:00:34","guid":{"rendered":"https:\/\/shop.garagestyger.ch\/?post_type=product&#038;p=3219"},"modified":"2022-10-17T13:00:34","modified_gmt":"2022-10-17T13:00:34","slug":"expander-tisch-von-front-runner","status":"publish","type":"product","link":"https:\/\/shop.garagestyger.ch\/?product=expander-tisch-von-front-runner","title":{"rendered":"Expander Tisch von Front Runner"},"content":{"rendered":"<p>Der Expander Tisch von Front Runner ist ein unverzichtbarer Gegenstand f\u00fcr \u00dcberlandreisen und Camps. Dieser klappbare, ausziehbare Tisch ist die perfekte Erg\u00e4nzung zu unseren beliebten Expander Campingst\u00fchlen. Der Tisch mit zwei St\u00fchlen bildet eine komplette Outdoor-Ausstattung, die sich f\u00fcr die Fahrt leicht verstauen l\u00e4sst.<\/p>\n<p>&nbsp;<\/p>\n<ul>\n<li>Der Tisch ist h\u00f6henverstellbar, die perfekte Erg\u00e4nzung zum\u00a0<a href=\"https:\/\/www.frontrunneroutfitters.com\/de\/de\/front-runner-expander-chair.html\">Expander Campingstuhl &#8211; von Front Runner<\/a>.<\/li>\n<li>Die hitzebest\u00e4ndige Tischplatte hat eine Fl\u00e4che von 635 mm (L) x 635 mm (B) und ist bis zu 27 kg belastbar.<\/li>\n<li>Die leichte Konstruktion aus Aluminium l\u00e4sst sich flach zusammenklappen und platzsparend verstauen.<\/li>\n<li>Inklusive Reisetasche f\u00fcr die Aufbewahrung und den einfachen Transport des Tisches.<\/li>\n<\/ul>\n","protected":false},"excerpt":{"rendered":"<p>Der Expander Tisch von Front Runner ist ein unverzichtbarer Gegenstand f\u00fcr \u00dcberlandreisen und Camps. Dieser klappbare, ausziehbare Tisch ist die perfekte Erg\u00e4nzung zu unseren beliebten Expander Campingst\u00fchlen. Der Tisch mit zwei St\u00fchlen bildet eine komplette Outdoor-Ausstattung, die sich f\u00fcr die Fahrt leicht verstauen l\u00e4sst. &nbsp; Der Tisch ist h\u00f6henverstellbar, die perfekte Erg\u00e4nzung zum\u00a0Expander Campingstuhl &#8211; [&hellip;]<\/p>\n","protected":false},"featured_media":3220,"comment_status":"open","ping_status":"closed","template":"","meta":[],"product_cat":[732,15,399,19,30,400],"product_tag":[920,921,877,919],"_links":{"self":[{"href":"https:\/\/shop.garagestyger.ch\/index.php?rest_route=\/wp\/v2\/product\/3219"}],"collection":[{"href":"https:\/\/shop.garagestyger.ch\/index.php?rest_route=\/wp\/v2\/product"}],"about":[{"href":"https:\/\/shop.garagestyger.ch\/index.php?rest_route=\/wp\/v2\/types\/product"}],"replies":[{"embeddable":true,"href":"https:\/\/shop.garagestyger.ch\/index.php?rest_route=%2Fwp%2Fv2%2Fcomments&post=3219"}],"wp:featuredmedia":[{"embeddable":true,"href":"https:\/\/shop.garagestyger.ch\/index.php?rest_route=\/wp\/v2\/media\/3220"}],"wp:attachment":[{"href":"https:\/\/shop.garagestyger.ch\/index.php?rest_route=%2Fwp%2Fv2%2Fmedia&parent=3219"}],"wp:term":[{"taxonomy":"product_cat","embeddable":true,"href":"https:\/\/shop.garagestyger.ch\/index.php?rest_route=%2Fwp%2Fv2%2Fproduct_cat&post=3219"},{"taxonomy":"product_tag","embeddable":true,"href":"https:\/\/shop.garagestyger.ch\/index.php?rest_route=%2Fwp%2Fv2%2Fproduct_tag&post=3219"}],"curies":[{"name":"wp","href":"https:\/\/api.w.org\/{rel}","templated":true}]}}