{"id":3217,"date":"2022-10-17T06:43:38","date_gmt":"2022-10-17T06:43:38","guid":{"rendered":"https:\/\/shop.garagestyger.ch\/?post_type=product&#038;p=3217"},"modified":"2022-11-29T14:46:10","modified_gmt":"2022-11-29T14:46:10","slug":"dachzelt-reissverschluss-fuer-hrt05-1-6-m-ykk","status":"publish","type":"product","link":"https:\/\/shop.garagestyger.ch\/?product=dachzelt-reissverschluss-fuer-hrt05-1-6-m-ykk","title":{"rendered":"Dachzelt Reissverschluss f\u00fcr HRT05 1.6 m YKK"},"content":{"rendered":"<div><strong>Dachzelt Rei\u00dfverschluss<br \/>\n<\/strong><\/div>\n<div>Ein kaputter Rei\u00dfverschluss bei unseren Dachzelten bedeutet nicht, dass dies nicht repariert werden kann<br \/>\noder extrem teuer wird. Dieser Ersatzrei\u00dfverschluss kann nach dem heraustrennen des Alten ganz einfach<br \/>\nwieder eingen\u00e4ht werden. Der Rei\u00dfverschluss ist passend f\u00fcr das HRT05-165.<\/div>\n","protected":false},"excerpt":{"rendered":"<p>Dachzelt Rei\u00dfverschluss Ein kaputter Rei\u00dfverschluss bei unseren Dachzelten bedeutet nicht, dass dies nicht repariert werden kann oder extrem teuer wird. Dieser Ersatzrei\u00dfverschluss kann nach dem heraustrennen des Alten ganz einfach wieder eingen\u00e4ht werden. Der Rei\u00dfverschluss ist passend f\u00fcr das HRT05-165.<\/p>\n","protected":false},"featured_media":3218,"comment_status":"open","ping_status":"closed","template":"","meta":[],"product_cat":[426,844,15,399,30,400],"product_tag":[918,771,917],"_links":{"self":[{"href":"https:\/\/shop.garagestyger.ch\/index.php?rest_route=\/wp\/v2\/product\/3217"}],"collection":[{"href":"https:\/\/shop.garagestyger.ch\/index.php?rest_route=\/wp\/v2\/product"}],"about":[{"href":"https:\/\/shop.garagestyger.ch\/index.php?rest_route=\/wp\/v2\/types\/product"}],"replies":[{"embeddable":true,"href":"https:\/\/shop.garagestyger.ch\/index.php?rest_route=%2Fwp%2Fv2%2Fcomments&post=3217"}],"wp:featuredmedia":[{"embeddable":true,"href":"https:\/\/shop.garagestyger.ch\/index.php?rest_route=\/wp\/v2\/media\/3218"}],"wp:attachment":[{"href":"https:\/\/shop.garagestyger.ch\/index.php?rest_route=%2Fwp%2Fv2%2Fmedia&parent=3217"}],"wp:term":[{"taxonomy":"product_cat","embeddable":true,"href":"https:\/\/shop.garagestyger.ch\/index.php?rest_route=%2Fwp%2Fv2%2Fproduct_cat&post=3217"},{"taxonomy":"product_tag","embeddable":true,"href":"https:\/\/shop.garagestyger.ch\/index.php?rest_route=%2Fwp%2Fv2%2Fproduct_tag&post=3217"}],"curies":[{"name":"wp","href":"https:\/\/api.w.org\/{rel}","templated":true}]}}