{"id":3214,"date":"2022-10-11T14:26:23","date_gmt":"2022-10-11T14:26:23","guid":{"rendered":"https:\/\/shop.garagestyger.ch\/?post_type=product&#038;p=3214"},"modified":"2022-10-11T14:26:23","modified_gmt":"2022-10-11T14:26:23","slug":"raptor-liner-kit-1l-2k-polyurethan-beschichtung-schwarz","status":"publish","type":"product","link":"https:\/\/shop.garagestyger.ch\/?product=raptor-liner-kit-1l-2k-polyurethan-beschichtung-schwarz","title":{"rendered":"Raptor Liner Kit 1l, 2K-Polyurethan Beschichtung, schwarz"},"content":{"rendered":"<h2>Beschreibung<\/h2>\n<p><a href=\"https:\/\/www.raptorcoatings.com\/\">U-POL Raptor<\/a>\u00a0erstklassige, super starke und dauerhafte 2 Komponenten Polyurethane-Beschichtung gegen Rost, Korrosion, Salz, Feuchtigkeit und extreme Temperaturen.<br \/>\nRestauriert sogar die am meisten abgen\u00fctzten und unebenen Ladefl\u00e4chen oder Lkw-Boden zu dem vormaligen Finish.<br \/>\nTrocknet besonders schnell und gew\u00e4hrleistet kratz- und fleckenfeste Oberfl\u00e4che, die U.V. resistent ist.<br \/>\nStarke Haftung, wasserfest, flexibel, robust.<\/p>\n<p>Dank den vordosierten Komponenten, sehr einfach in der Handhabung. Einfach\u00a0<strong>zusammengiessen, sch\u00fctteln und auftragen<\/strong>.<br \/>\nAutragbar mittels Raptor\u00a0<a href=\"https:\/\/shop.profidurium.ch\/produkt\/raptor-spritzpistole-einfach\/\">Spr\u00fchpistole<\/a>,\u00a0<a href=\"https:\/\/shop.profidurium.ch\/produkt\/raptor-roller-set\/\">Roller<\/a>\u00a0oder Pinsel.<br \/>\nMit dem\u00a0<a href=\"https:\/\/shop.profidurium.ch\/produkt\/raptor-traction-anti-rutsch-granulat\/\">Raptor Traction Anti-Rutsch Granulat<\/a>\u00a0k\u00f6nnen sie im Handumdrehen eine rutschfeste Oberfl\u00e4che erzielen.<\/p>\n<p>Sehr einfach in der Vorbereitung und Anwendung:<\/p>\n<ul>\n<li>Alle losen Teile und Rost von der zu beschichtenden Oberfl\u00e4che entfernen<\/li>\n<li>Die Oberfl\u00e4che mit Schleifpapier der K\u00f6rnungen P80 bis P180 anschleifen<\/li>\n<li>Die Oberfl\u00e4che nochmals reinigen und entfetten<\/li>\n<li>Durchgescheuerte Stellen sollten mit Rostschutz grundiert werden, zum beispiel Raptor \u00c4tzgrundierung oder Raptor 2K Korrosionschutz-Grundierung<\/li>\n<\/ul>\n<p>Das Kit beinhaltet jeweils die ben\u00f6tigte Menge Raptor Liner und Harz.<br \/>\nDas 4l Kit ist ausreichend f\u00fcr eine normalgrosse Ladefl\u00e4che (ca.11.5m\u00b2).<\/p>\n<p>&nbsp;<\/p>\n<table width=\"100\">\n<tbody>\n<tr>\n<td width=\"300\">Farbe<\/td>\n<td width=\"300\">schwarz<br \/>\nweiss<br \/>\nabt\u00f6nbar<\/td>\n<\/tr>\n<tr>\n<td width=\"300\">Inahlt<\/td>\n<td width=\"300\">1l\/ 4l<\/td>\n<\/tr>\n<tr>\n<td width=\"300\">Ergiebigkeit 1l<\/td>\n<td width=\"300\">ca. 2.5-3m\u00b2<\/td>\n<\/tr>\n<\/tbody>\n<\/table>\n","protected":false},"excerpt":{"rendered":"<p>Beschreibung U-POL Raptor\u00a0erstklassige, super starke und dauerhafte 2 Komponenten Polyurethane-Beschichtung gegen Rost, Korrosion, Salz, Feuchtigkeit und extreme Temperaturen. Restauriert sogar die am meisten abgen\u00fctzten und unebenen Ladefl\u00e4chen oder Lkw-Boden zu dem vormaligen Finish. Trocknet besonders schnell und gew\u00e4hrleistet kratz- und fleckenfeste Oberfl\u00e4che, die U.V. resistent ist. Starke Haftung, wasserfest, flexibel, robust. Dank den vordosierten Komponenten, [&hellip;]<\/p>\n","protected":false},"featured_media":3215,"comment_status":"open","ping_status":"closed","template":"","meta":[],"product_cat":[404,15,400],"product_tag":[916,822,823],"_links":{"self":[{"href":"https:\/\/shop.garagestyger.ch\/index.php?rest_route=\/wp\/v2\/product\/3214"}],"collection":[{"href":"https:\/\/shop.garagestyger.ch\/index.php?rest_route=\/wp\/v2\/product"}],"about":[{"href":"https:\/\/shop.garagestyger.ch\/index.php?rest_route=\/wp\/v2\/types\/product"}],"replies":[{"embeddable":true,"href":"https:\/\/shop.garagestyger.ch\/index.php?rest_route=%2Fwp%2Fv2%2Fcomments&post=3214"}],"wp:featuredmedia":[{"embeddable":true,"href":"https:\/\/shop.garagestyger.ch\/index.php?rest_route=\/wp\/v2\/media\/3215"}],"wp:attachment":[{"href":"https:\/\/shop.garagestyger.ch\/index.php?rest_route=%2Fwp%2Fv2%2Fmedia&parent=3214"}],"wp:term":[{"taxonomy":"product_cat","embeddable":true,"href":"https:\/\/shop.garagestyger.ch\/index.php?rest_route=%2Fwp%2Fv2%2Fproduct_cat&post=3214"},{"taxonomy":"product_tag","embeddable":true,"href":"https:\/\/shop.garagestyger.ch\/index.php?rest_route=%2Fwp%2Fv2%2Fproduct_tag&post=3214"}],"curies":[{"name":"wp","href":"https:\/\/api.w.org\/{rel}","templated":true}]}}