{"id":3212,"date":"2022-10-11T14:19:45","date_gmt":"2022-10-11T14:19:45","guid":{"rendered":"https:\/\/shop.garagestyger.ch\/?post_type=product&#038;p=3212"},"modified":"2022-10-11T14:19:45","modified_gmt":"2022-10-11T14:19:45","slug":"raptor-haftvermittler-spraydose-1k-transparent","status":"publish","type":"product","link":"https:\/\/shop.garagestyger.ch\/?product=raptor-haftvermittler-spraydose-1k-transparent","title":{"rendered":"Raptor Haftvermittler Spraydose, 1K, transparent"},"content":{"rendered":"<h2>Beschreibung<\/h2>\n<p>Raptor Haftvermittler, f\u00f6rdert die Haftung des Lacks auf den meisten Untergr\u00fcnden wie z.Bsp. Kunststoff, Aluminium, galvanisiertem Metall, verzinkten Untergr\u00fcnden, bereits lackierten Untergr\u00fcnden, Plexiglas, etc.. Ideal f\u00fcr schwer zug\u00e4ngliche Stellen, welche aber auch \u00fcberlackiert werden m\u00fcssen. Ersetzt das Demontieren dieser Teile und macht ein anschleifen \u00fcberfl\u00fcssig.<\/p>\n<p>Der Raptor Adhesion Promoter stellt eine Barriere f\u00fcr Rost dar und ist mit allen handels\u00fcblichen Lacken \u00fcberlackierbar.<br \/>\nF\u00fcr eine Langfristige beschichtung von Kunstoffteilen ist dieser Haftvermittler unbedingt zu verwenden.<\/p>\n<table width=\"100\">\n<tbody>\n<tr>\n<td width=\"300\">Farbe<\/td>\n<td width=\"300\">transparent<\/td>\n<\/tr>\n<tr>\n<td width=\"300\">Inahlt<\/td>\n<td width=\"300\">450ml<\/td>\n<\/tr>\n<\/tbody>\n<\/table>\n","protected":false},"excerpt":{"rendered":"<p>Beschreibung Raptor Haftvermittler, f\u00f6rdert die Haftung des Lacks auf den meisten Untergr\u00fcnden wie z.Bsp. Kunststoff, Aluminium, galvanisiertem Metall, verzinkten Untergr\u00fcnden, bereits lackierten Untergr\u00fcnden, Plexiglas, etc.. Ideal f\u00fcr schwer zug\u00e4ngliche Stellen, welche aber auch \u00fcberlackiert werden m\u00fcssen. Ersetzt das Demontieren dieser Teile und macht ein anschleifen \u00fcberfl\u00fcssig. Der Raptor Adhesion Promoter stellt eine Barriere f\u00fcr Rost [&hellip;]<\/p>\n","protected":false},"featured_media":3213,"comment_status":"open","ping_status":"closed","template":"","meta":[],"product_cat":[404,15,400],"product_tag":[913,915,822],"_links":{"self":[{"href":"https:\/\/shop.garagestyger.ch\/index.php?rest_route=\/wp\/v2\/product\/3212"}],"collection":[{"href":"https:\/\/shop.garagestyger.ch\/index.php?rest_route=\/wp\/v2\/product"}],"about":[{"href":"https:\/\/shop.garagestyger.ch\/index.php?rest_route=\/wp\/v2\/types\/product"}],"replies":[{"embeddable":true,"href":"https:\/\/shop.garagestyger.ch\/index.php?rest_route=%2Fwp%2Fv2%2Fcomments&post=3212"}],"wp:featuredmedia":[{"embeddable":true,"href":"https:\/\/shop.garagestyger.ch\/index.php?rest_route=\/wp\/v2\/media\/3213"}],"wp:attachment":[{"href":"https:\/\/shop.garagestyger.ch\/index.php?rest_route=%2Fwp%2Fv2%2Fmedia&parent=3212"}],"wp:term":[{"taxonomy":"product_cat","embeddable":true,"href":"https:\/\/shop.garagestyger.ch\/index.php?rest_route=%2Fwp%2Fv2%2Fproduct_cat&post=3212"},{"taxonomy":"product_tag","embeddable":true,"href":"https:\/\/shop.garagestyger.ch\/index.php?rest_route=%2Fwp%2Fv2%2Fproduct_tag&post=3212"}],"curies":[{"name":"wp","href":"https:\/\/api.w.org\/{rel}","templated":true}]}}