{"id":3204,"date":"2022-10-11T14:14:46","date_gmt":"2022-10-11T14:14:46","guid":{"rendered":"https:\/\/shop.garagestyger.ch\/?post_type=product&#038;p=3204"},"modified":"2022-10-11T14:14:46","modified_gmt":"2022-10-11T14:14:46","slug":"raptor-liner-spraydose-2k-polyurethan-beschichtung-schwarz","status":"publish","type":"product","link":"https:\/\/shop.garagestyger.ch\/?product=raptor-liner-spraydose-2k-polyurethan-beschichtung-schwarz","title":{"rendered":"Raptor Liner Spraydose, 2K-Polyurethan Beschichtung, schwarz"},"content":{"rendered":"<h2>Beschreibung<\/h2>\n<p>U-POL RAPTOR erstklassige, super starke und dauerhafte 2 Komponenten Polyurethane-Beschichtung gegen Rost, Korrosion, Salz, Feuchtigkeit und extreme Temperaturen.<br \/>\nRestauriert sogar die am meisten abgen\u00fctzten und unebenen Ladefl\u00e4chen oder Lkw-Boden zu dem vormaligen Finish.<br \/>\nTrocknet besonders schnell und gew\u00e4hrleistet kratz- und fleckenfeste Oberfl\u00e4che, die U.V. resistent ist.<br \/>\nStarke Haftung, wasserfest, flexibel, robust.<\/p>\n<p>Die praktische Raptor 2K Bedliner Spraydose bietet eine schnelle und einfache M\u00f6glichkeit, Raptor Liner ohne Kompromisse bei der Leistung anzuwenden. Ohne dass eine Spr\u00fchausr\u00fcstung erforderlich ist. Ideal f\u00fcr Spot-Reparaturen und kleinere Arbeiten. Mehr als nur ein Beschichtung, Raptor ist eine sehr haltbare und z\u00e4he Schutzschicht. Das verarbeiten von Raptor ist dank der Sprydose noch einfacher und ganz ohne Spezialwerkzeug m\u00f6glich. F\u00fcr die bestm\u00f6gliche Haftung empfehlen wir die vorg\u00e4ngige verwendung von\u00a0<a href=\"https:\/\/shop.profidurium.ch\/produkt\/raptor-grundierung-spraydose-2k\/\">Raptor 2K Epoxy Grundierung<\/a>\u00a0oder je nach Anwendung den\u00a0<a href=\"https:\/\/shop.profidurium.ch\/produkt\/raptor_haftvermittler_spraydose\/\">Haftvermittler<\/a>\u00a0oder die\u00a0<a href=\"https:\/\/shop.profidurium.ch\/produkt\/raptor-aetzgrundierung\/\">\u00c4tzgrundierung<\/a><\/p>\n<table width=\"100\">\n<tbody>\n<tr>\n<td width=\"300\">Farbe<\/td>\n<td width=\"300\">schwarz<br \/>\nweiss<\/td>\n<\/tr>\n<tr>\n<td width=\"300\">Inahlt<\/td>\n<td width=\"300\">400ml<\/td>\n<\/tr>\n<tr>\n<td width=\"300\">Ergiebigkeit<\/td>\n<td width=\"300\">ca. 1.5-2m\u00b2<\/td>\n<\/tr>\n<\/tbody>\n<\/table>\n","protected":false},"excerpt":{"rendered":"<p>Beschreibung U-POL RAPTOR erstklassige, super starke und dauerhafte 2 Komponenten Polyurethane-Beschichtung gegen Rost, Korrosion, Salz, Feuchtigkeit und extreme Temperaturen. Restauriert sogar die am meisten abgen\u00fctzten und unebenen Ladefl\u00e4chen oder Lkw-Boden zu dem vormaligen Finish. Trocknet besonders schnell und gew\u00e4hrleistet kratz- und fleckenfeste Oberfl\u00e4che, die U.V. resistent ist. Starke Haftung, wasserfest, flexibel, robust. Die praktische Raptor [&hellip;]<\/p>\n","protected":false},"featured_media":3205,"comment_status":"open","ping_status":"closed","template":"","meta":[],"product_cat":[404,15,400],"product_tag":[914,823],"_links":{"self":[{"href":"https:\/\/shop.garagestyger.ch\/index.php?rest_route=\/wp\/v2\/product\/3204"}],"collection":[{"href":"https:\/\/shop.garagestyger.ch\/index.php?rest_route=\/wp\/v2\/product"}],"about":[{"href":"https:\/\/shop.garagestyger.ch\/index.php?rest_route=\/wp\/v2\/types\/product"}],"replies":[{"embeddable":true,"href":"https:\/\/shop.garagestyger.ch\/index.php?rest_route=%2Fwp%2Fv2%2Fcomments&post=3204"}],"wp:featuredmedia":[{"embeddable":true,"href":"https:\/\/shop.garagestyger.ch\/index.php?rest_route=\/wp\/v2\/media\/3205"}],"wp:attachment":[{"href":"https:\/\/shop.garagestyger.ch\/index.php?rest_route=%2Fwp%2Fv2%2Fmedia&parent=3204"}],"wp:term":[{"taxonomy":"product_cat","embeddable":true,"href":"https:\/\/shop.garagestyger.ch\/index.php?rest_route=%2Fwp%2Fv2%2Fproduct_cat&post=3204"},{"taxonomy":"product_tag","embeddable":true,"href":"https:\/\/shop.garagestyger.ch\/index.php?rest_route=%2Fwp%2Fv2%2Fproduct_tag&post=3204"}],"curies":[{"name":"wp","href":"https:\/\/api.w.org\/{rel}","templated":true}]}}