{"id":3202,"date":"2022-10-11T13:34:08","date_gmt":"2022-10-11T13:34:08","guid":{"rendered":"https:\/\/shop.garagestyger.ch\/?post_type=product&#038;p=3202"},"modified":"2022-10-11T14:08:00","modified_gmt":"2022-10-11T14:08:00","slug":"raptor-aetzgrundierung-spraydose-1k-korrosionsschutzgrundierung-grau","status":"publish","type":"product","link":"https:\/\/shop.garagestyger.ch\/?product=raptor-aetzgrundierung-spraydose-1k-korrosionsschutzgrundierung-grau","title":{"rendered":"Raptor \u00c4tzgrundierung Spraydose, 1K Korrosionsschutzgrundierung, grau"},"content":{"rendered":"<h2>Beschreibung<\/h2>\n<p>Eine Formel mit Phosphors\u00e4ureester f\u00f6rdert die Anhaftung an schwierigen Untergr\u00fcnden wie verzinktem Stahl und Aluminium. Ideal f\u00fcr Durchriebe in Grundierungen vor der Anwendung von\u00a0<a href=\"https:\/\/shop.profidurium.ch\/produkt\/raptor-liner-kit-1l-2k-polyurethan-beschichtung\/\">Raptor Liner<\/a>\u00a0sowie f\u00fcr neue blanke Metallpaneele.<\/p>\n<p>Die Raptor \u00c4tzgrundierung \u00c4tzt die Metalloberfl\u00e4che an und Grundiert\/ Versiegelt diese in einem Schritt. Sie ist eine ausgezeichnete Rostschutzgrundierung.<\/p>\n<table width=\"100\">\n<tbody>\n<tr>\n<td width=\"300\">Farbe<\/td>\n<td width=\"300\">grau<\/td>\n<\/tr>\n<tr>\n<td width=\"300\">Inahlt<\/td>\n<td width=\"300\">450ml<\/td>\n<\/tr>\n<\/tbody>\n<\/table>\n","protected":false},"excerpt":{"rendered":"<p>Beschreibung Eine Formel mit Phosphors\u00e4ureester f\u00f6rdert die Anhaftung an schwierigen Untergr\u00fcnden wie verzinktem Stahl und Aluminium. Ideal f\u00fcr Durchriebe in Grundierungen vor der Anwendung von\u00a0Raptor Liner\u00a0sowie f\u00fcr neue blanke Metallpaneele. Die Raptor \u00c4tzgrundierung \u00c4tzt die Metalloberfl\u00e4che an und Grundiert\/ Versiegelt diese in einem Schritt. Sie ist eine ausgezeichnete Rostschutzgrundierung. Farbe grau Inahlt 450ml<\/p>\n","protected":false},"featured_media":3203,"comment_status":"open","ping_status":"closed","template":"","meta":[],"product_cat":[404,15,400],"product_tag":[913,912,822],"_links":{"self":[{"href":"https:\/\/shop.garagestyger.ch\/index.php?rest_route=\/wp\/v2\/product\/3202"}],"collection":[{"href":"https:\/\/shop.garagestyger.ch\/index.php?rest_route=\/wp\/v2\/product"}],"about":[{"href":"https:\/\/shop.garagestyger.ch\/index.php?rest_route=\/wp\/v2\/types\/product"}],"replies":[{"embeddable":true,"href":"https:\/\/shop.garagestyger.ch\/index.php?rest_route=%2Fwp%2Fv2%2Fcomments&post=3202"}],"wp:featuredmedia":[{"embeddable":true,"href":"https:\/\/shop.garagestyger.ch\/index.php?rest_route=\/wp\/v2\/media\/3203"}],"wp:attachment":[{"href":"https:\/\/shop.garagestyger.ch\/index.php?rest_route=%2Fwp%2Fv2%2Fmedia&parent=3202"}],"wp:term":[{"taxonomy":"product_cat","embeddable":true,"href":"https:\/\/shop.garagestyger.ch\/index.php?rest_route=%2Fwp%2Fv2%2Fproduct_cat&post=3202"},{"taxonomy":"product_tag","embeddable":true,"href":"https:\/\/shop.garagestyger.ch\/index.php?rest_route=%2Fwp%2Fv2%2Fproduct_tag&post=3202"}],"curies":[{"name":"wp","href":"https:\/\/api.w.org\/{rel}","templated":true}]}}