{"id":3145,"date":"2022-09-08T05:14:32","date_gmt":"2022-09-08T05:14:32","guid":{"rendered":"https:\/\/shop.garagestyger.ch\/?post_type=product&#038;p=3145"},"modified":"2022-09-08T05:15:49","modified_gmt":"2022-09-08T05:15:49","slug":"halterung-mit-griff-licht-fuer-slimsport-dachtraeger-von-front-runner","status":"publish","type":"product","link":"https:\/\/shop.garagestyger.ch\/?product=halterung-mit-griff-licht-fuer-slimsport-dachtraeger-von-front-runner","title":{"rendered":"HALTERUNG MIT GRIFF &amp; LICHT F\u00dcR SLIMSPORT DACHTR\u00c4GER &#8211; VON FRONT RUNNER"},"content":{"rendered":"<p>Mit dieser Slimsport Dachtr\u00e4ger-Halterung mit Griff \/ Licht hast Du Ausr\u00fcstung auf Deinem Dachtr\u00e4ger immer im Griff. Dieser Griff wird mit einem 4,5 W Rock Light geliefert und kann auf beiden Seiten des Dachtr\u00e4gers montiert werden.<\/p>\n<ul>\n<li>Ein Griff \/ Licht mit Halterung f\u00fcr den Slimsport Dachtr\u00e4ger.<\/li>\n<li>Erleichtert den Zugriff auf die Ausr\u00fcstung auf Deinem Dachtr\u00e4ger.<\/li>\n<li>Wird mit einer 4,5 W LED Rock Light f\u00fcr zus\u00e4tzliche Beleuchtung geliefert.<\/li>\n<li>Hergestellt aus schwarz pulverbeschichtetem Stahl.<\/li>\n<li>Kann an der rechten oder linken Seite des Slimsport Dachtr\u00e4gers montiert werden.<\/li>\n<li>Inklusive Installationszubeh\u00f6r und Montageanleitung.<\/li>\n<\/ul>\n<p>HINWEIS: Elektrischer Anschluss erforderlich <a href=\"https:\/\/www.frontrunneroutfitters.com\/de\/de\/roof-rack-power-point.html\">Dachtr\u00e4ger Stromanschluss und Steckdose &#8211; von Front Runner<\/a> empfohlen (separat erh\u00e4ltlich).<\/p>\n","protected":false},"excerpt":{"rendered":"<p>Mit dieser Slimsport Dachtr\u00e4ger-Halterung mit Griff \/ Licht hast Du Ausr\u00fcstung auf Deinem Dachtr\u00e4ger immer im Griff. Dieser Griff wird mit einem 4,5 W Rock Light geliefert und kann auf beiden Seiten des Dachtr\u00e4gers montiert werden. Ein Griff \/ Licht mit Halterung f\u00fcr den Slimsport Dachtr\u00e4ger. Erleichtert den Zugriff auf die Ausr\u00fcstung auf Deinem Dachtr\u00e4ger. [&hellip;]<\/p>\n","protected":false},"featured_media":3151,"comment_status":"open","ping_status":"closed","template":"","meta":[],"product_cat":[403,404,15,19],"product_tag":[],"_links":{"self":[{"href":"https:\/\/shop.garagestyger.ch\/index.php?rest_route=\/wp\/v2\/product\/3145"}],"collection":[{"href":"https:\/\/shop.garagestyger.ch\/index.php?rest_route=\/wp\/v2\/product"}],"about":[{"href":"https:\/\/shop.garagestyger.ch\/index.php?rest_route=\/wp\/v2\/types\/product"}],"replies":[{"embeddable":true,"href":"https:\/\/shop.garagestyger.ch\/index.php?rest_route=%2Fwp%2Fv2%2Fcomments&post=3145"}],"wp:featuredmedia":[{"embeddable":true,"href":"https:\/\/shop.garagestyger.ch\/index.php?rest_route=\/wp\/v2\/media\/3151"}],"wp:attachment":[{"href":"https:\/\/shop.garagestyger.ch\/index.php?rest_route=%2Fwp%2Fv2%2Fmedia&parent=3145"}],"wp:term":[{"taxonomy":"product_cat","embeddable":true,"href":"https:\/\/shop.garagestyger.ch\/index.php?rest_route=%2Fwp%2Fv2%2Fproduct_cat&post=3145"},{"taxonomy":"product_tag","embeddable":true,"href":"https:\/\/shop.garagestyger.ch\/index.php?rest_route=%2Fwp%2Fv2%2Fproduct_tag&post=3145"}],"curies":[{"name":"wp","href":"https:\/\/api.w.org\/{rel}","templated":true}]}}