{"id":3139,"date":"2022-09-08T05:08:55","date_gmt":"2022-09-08T05:08:55","guid":{"rendered":"https:\/\/shop.garagestyger.ch\/?post_type=product&#038;p=3139"},"modified":"2022-09-08T05:08:55","modified_gmt":"2022-09-08T05:08:55","slug":"reserveradtritt-von-front-runner","status":"publish","type":"product","link":"https:\/\/shop.garagestyger.ch\/?product=reserveradtritt-von-front-runner","title":{"rendered":"RESERVERADTRITT &#8211; VON FRONT RUNNER"},"content":{"rendered":"<p>Spanne diesen Tritt schnell und einfach an Deinem Reserverad fest. Die unkomplizierte und abnehmbare Aufstiegshilfe ist ideal, um auf das Dach Deines Fahrzeuges zu gelangen.<\/p>\n<ul>\n<li>Wird mit einem hochbelastbaren Spanngurt am Reserverad befestigt.<\/li>\n<li>Erm\u00f6glicht einen einfachen Zugang zum Fahrzeugdach.<\/li>\n<li>Schwarz pulverbeschichteter Baustahl-Rahmen mit rutschfesten Trittstufen.<\/li>\n<li>Passend f\u00fcr alle g\u00e4ngigen Reifengr\u00f6\u00dfen &#8211; Au\u00dfendurchmesser von 24&#8243; bis 35&#8243; (60,96 cm &#8211; 88,9 cm).<\/li>\n<li>Kann auch genutzt werden, um den <a href=\"https:\/\/www.frontrunneroutfitters.com\/de\/de\/front-runner-spare-tire-mount-braai-bbq-grate.html\">Ersatzrad BBQ Grill \/ Braai &#8211; von Front Runner<\/a> am Reserverad zu befestigen.<\/li>\n<\/ul>\n<p>HINWEIS: Bitte beachte die landesspezifischen Vorschriften als auch die Zul\u00e4ssigkeit auf \u00f6ffentlichen Stra\u00dfen und pr\u00fcfe diese eigenst\u00e4ndig.<\/p>\n","protected":false},"excerpt":{"rendered":"<p>Spanne diesen Tritt schnell und einfach an Deinem Reserverad fest. Die unkomplizierte und abnehmbare Aufstiegshilfe ist ideal, um auf das Dach Deines Fahrzeuges zu gelangen. Wird mit einem hochbelastbaren Spanngurt am Reserverad befestigt. Erm\u00f6glicht einen einfachen Zugang zum Fahrzeugdach. Schwarz pulverbeschichteter Baustahl-Rahmen mit rutschfesten Trittstufen. Passend f\u00fcr alle g\u00e4ngigen Reifengr\u00f6\u00dfen &#8211; Au\u00dfendurchmesser von 24&#8243; bis [&hellip;]<\/p>\n","protected":false},"featured_media":3140,"comment_status":"open","ping_status":"closed","template":"","meta":[],"product_cat":[404,15,19],"product_tag":[],"_links":{"self":[{"href":"https:\/\/shop.garagestyger.ch\/index.php?rest_route=\/wp\/v2\/product\/3139"}],"collection":[{"href":"https:\/\/shop.garagestyger.ch\/index.php?rest_route=\/wp\/v2\/product"}],"about":[{"href":"https:\/\/shop.garagestyger.ch\/index.php?rest_route=\/wp\/v2\/types\/product"}],"replies":[{"embeddable":true,"href":"https:\/\/shop.garagestyger.ch\/index.php?rest_route=%2Fwp%2Fv2%2Fcomments&post=3139"}],"wp:featuredmedia":[{"embeddable":true,"href":"https:\/\/shop.garagestyger.ch\/index.php?rest_route=\/wp\/v2\/media\/3140"}],"wp:attachment":[{"href":"https:\/\/shop.garagestyger.ch\/index.php?rest_route=%2Fwp%2Fv2%2Fmedia&parent=3139"}],"wp:term":[{"taxonomy":"product_cat","embeddable":true,"href":"https:\/\/shop.garagestyger.ch\/index.php?rest_route=%2Fwp%2Fv2%2Fproduct_cat&post=3139"},{"taxonomy":"product_tag","embeddable":true,"href":"https:\/\/shop.garagestyger.ch\/index.php?rest_route=%2Fwp%2Fv2%2Fproduct_tag&post=3139"}],"curies":[{"name":"wp","href":"https:\/\/api.w.org\/{rel}","templated":true}]}}