{"id":3115,"date":"2022-09-08T04:52:21","date_gmt":"2022-09-08T04:52:21","guid":{"rendered":"https:\/\/shop.garagestyger.ch\/?post_type=product&#038;p=3115"},"modified":"2022-09-08T04:52:22","modified_gmt":"2022-09-08T04:52:22","slug":"antennen-halterung-von-front-runner","status":"publish","type":"product","link":"https:\/\/shop.garagestyger.ch\/?product=antennen-halterung-von-front-runner","title":{"rendered":"ANTENNEN-HALTERUNG &#8211; VON FRONT RUNNER"},"content":{"rendered":"<p>Befestige Deine Antenne direkt an Deinem Front Runner Slimline II Dachtr\u00e4ger mit dieser intelligenten, mit einem Spannstift ausgestatteten Offroad tauglichen Halterung.<\/p>\n<ul>\n<li>Einfache Montage an Deinen Slimline II Dachtr\u00e4ger.<\/li>\n<li>Die Rotationsfunktion erm\u00f6glicht es Dir Deine Antenne wegzuklappen, sobald Du unter niedrigen Hindernissen, wie z.B. in einem Parkhaus oder Parkgarage durchfahren musst.<\/li>\n<li>Rotiert um 90\u00b0 vor- und r\u00fcckw\u00e4rts, verf\u00fcgt \u00fcber eine 180\u00b0 Gesamtrotation.<\/li>\n<li>17 mm \u00d6ffnungsdurchmesser zur Installation und Kabeldurchf\u00fchrung.<\/li>\n<li>Falls die Antenne durch ein Objekt getroffen wird sorgt ein Spannstift daf\u00fcr, dass die Antenne nachgibt und nicht abbricht.<\/li>\n<li>Im Lieferumfang ist zus\u00e4tzlich ein anschraubbare Magnetplatte enthalten, f\u00fcr die Installation von Antennen mit einer Magnetbefestigung.<\/li>\n<li>Ein Schutz an den Seiten sichert die Antennenverbindung vor m\u00f6glichen Steinschl\u00e4gen oder anderen Sch\u00e4den, die bei der Fahrt durch raues Gel\u00e4nde entstehen k\u00f6nnen.<\/li>\n<\/ul>\n<p>HINWEIS: Nicht kompatibel mit Glasfaserantennen \u00fcber 1 m L\u00e4nge.<\/p>\n","protected":false},"excerpt":{"rendered":"<p>Befestige Deine Antenne direkt an Deinem Front Runner Slimline II Dachtr\u00e4ger mit dieser intelligenten, mit einem Spannstift ausgestatteten Offroad tauglichen Halterung. Einfache Montage an Deinen Slimline II Dachtr\u00e4ger. Die Rotationsfunktion erm\u00f6glicht es Dir Deine Antenne wegzuklappen, sobald Du unter niedrigen Hindernissen, wie z.B. in einem Parkhaus oder Parkgarage durchfahren musst. Rotiert um 90\u00b0 vor- und [&hellip;]<\/p>\n","protected":false},"featured_media":3116,"comment_status":"open","ping_status":"closed","template":"","meta":[],"product_cat":[404,19],"product_tag":[],"_links":{"self":[{"href":"https:\/\/shop.garagestyger.ch\/index.php?rest_route=\/wp\/v2\/product\/3115"}],"collection":[{"href":"https:\/\/shop.garagestyger.ch\/index.php?rest_route=\/wp\/v2\/product"}],"about":[{"href":"https:\/\/shop.garagestyger.ch\/index.php?rest_route=\/wp\/v2\/types\/product"}],"replies":[{"embeddable":true,"href":"https:\/\/shop.garagestyger.ch\/index.php?rest_route=%2Fwp%2Fv2%2Fcomments&post=3115"}],"wp:featuredmedia":[{"embeddable":true,"href":"https:\/\/shop.garagestyger.ch\/index.php?rest_route=\/wp\/v2\/media\/3116"}],"wp:attachment":[{"href":"https:\/\/shop.garagestyger.ch\/index.php?rest_route=%2Fwp%2Fv2%2Fmedia&parent=3115"}],"wp:term":[{"taxonomy":"product_cat","embeddable":true,"href":"https:\/\/shop.garagestyger.ch\/index.php?rest_route=%2Fwp%2Fv2%2Fproduct_cat&post=3115"},{"taxonomy":"product_tag","embeddable":true,"href":"https:\/\/shop.garagestyger.ch\/index.php?rest_route=%2Fwp%2Fv2%2Fproduct_tag&post=3115"}],"curies":[{"name":"wp","href":"https:\/\/api.w.org\/{rel}","templated":true}]}}