{"id":3096,"date":"2022-09-06T14:06:04","date_gmt":"2022-09-06T14:06:04","guid":{"rendered":"https:\/\/shop.garagestyger.ch\/?post_type=product&#038;p=3096"},"modified":"2022-09-06T14:06:04","modified_gmt":"2022-09-06T14:06:04","slug":"gepaeckauszug-kuehlboxschiene-40-52-liter-von-front-runner","status":"publish","type":"product","link":"https:\/\/shop.garagestyger.ch\/?product=gepaeckauszug-kuehlboxschiene-40-52-liter-von-front-runner","title":{"rendered":"Gep\u00e4ckauszug \/ K\u00fchlboxschiene \/ 40 &#8211; 52 Liter von Front Runner"},"content":{"rendered":"<p>Dieses ausziehbare Schiebesystem erm\u00f6glicht einen schnellen und einfachen Zugriff auf eine K\u00fchlbox (52 l und kleiner) oder andere Ausr\u00fcstung mit einem flachen, stabilen Design.<\/p>\n<p>&nbsp;<\/p>\n<p>Dieses platzsparende Schiebesystem erm\u00f6glicht einen schnellen und einfachen Zugriff auf Deine K\u00fchlbox oder andere Ausr\u00fcstung.<\/p>\n<ul>\n<li>Kann an jeder flachen Oberfl\u00e4che montiert werden, einschlie\u00dflich Front Runner Schubladensystemen und Pickup-Ladefl\u00e4chen.<\/li>\n<li>Die Befestigungsl\u00f6cher sind vorgebohrt.<\/li>\n<li>Die hochfesten, tragenden Schubladenschienen erm\u00f6glichen es der Plattform, nahezu 100% von der verankerten Basis auszufahren.<\/li>\n<li>Das einzigartige Design sorgt daf\u00fcr, dass die Schiene geschlossen nicht klappert.<\/li>\n<li>Ein Schwenkriegel verschlie\u00dft das Schiebesystem im geschlossenen Zustand.<\/li>\n<li>Mit der gleichen haltbaren, witterungsbest\u00e4ndigen schwarzen Pulverbeschichtung versiegelt wie der Front Runner Slimline II Dachtr\u00e4ger.<\/li>\n<li>Kann auch f\u00fcr andere Zwecke, wie den Transport von Werkzeug, Kisten oder andere Ausr\u00fcstung, verwendet werden.<\/li>\n<li>Inklusive Installationszubeh\u00f6r f\u00fcr Holz- und Metalloberfl\u00e4chen.<\/li>\n<\/ul>\n","protected":false},"excerpt":{"rendered":"<p>Dieses ausziehbare Schiebesystem erm\u00f6glicht einen schnellen und einfachen Zugriff auf eine K\u00fchlbox (52 l und kleiner) oder andere Ausr\u00fcstung mit einem flachen, stabilen Design. &nbsp; Dieses platzsparende Schiebesystem erm\u00f6glicht einen schnellen und einfachen Zugriff auf Deine K\u00fchlbox oder andere Ausr\u00fcstung. Kann an jeder flachen Oberfl\u00e4che montiert werden, einschlie\u00dflich Front Runner Schubladensystemen und Pickup-Ladefl\u00e4chen. Die Befestigungsl\u00f6cher [&hellip;]<\/p>\n","protected":false},"featured_media":3097,"comment_status":"open","ping_status":"closed","template":"","meta":[],"product_cat":[15,399,19,30,400],"product_tag":[897,896],"_links":{"self":[{"href":"https:\/\/shop.garagestyger.ch\/index.php?rest_route=\/wp\/v2\/product\/3096"}],"collection":[{"href":"https:\/\/shop.garagestyger.ch\/index.php?rest_route=\/wp\/v2\/product"}],"about":[{"href":"https:\/\/shop.garagestyger.ch\/index.php?rest_route=\/wp\/v2\/types\/product"}],"replies":[{"embeddable":true,"href":"https:\/\/shop.garagestyger.ch\/index.php?rest_route=%2Fwp%2Fv2%2Fcomments&post=3096"}],"wp:featuredmedia":[{"embeddable":true,"href":"https:\/\/shop.garagestyger.ch\/index.php?rest_route=\/wp\/v2\/media\/3097"}],"wp:attachment":[{"href":"https:\/\/shop.garagestyger.ch\/index.php?rest_route=%2Fwp%2Fv2%2Fmedia&parent=3096"}],"wp:term":[{"taxonomy":"product_cat","embeddable":true,"href":"https:\/\/shop.garagestyger.ch\/index.php?rest_route=%2Fwp%2Fv2%2Fproduct_cat&post=3096"},{"taxonomy":"product_tag","embeddable":true,"href":"https:\/\/shop.garagestyger.ch\/index.php?rest_route=%2Fwp%2Fv2%2Fproduct_tag&post=3096"}],"curies":[{"name":"wp","href":"https:\/\/api.w.org\/{rel}","templated":true}]}}