{"id":3085,"date":"2022-09-06T13:57:45","date_gmt":"2022-09-06T13:57:45","guid":{"rendered":"https:\/\/shop.garagestyger.ch\/?post_type=product&#038;p=3085"},"modified":"2022-09-06T13:57:46","modified_gmt":"2022-09-06T13:57:46","slug":"pro-wasserkanister-mit-hahn-20-liter-von-front-runner","status":"publish","type":"product","link":"https:\/\/shop.garagestyger.ch\/?product=pro-wasserkanister-mit-hahn-20-liter-von-front-runner","title":{"rendered":"Pro Wasserkanister mit Hahn \/ 20 Liter von Front Runner"},"content":{"rendered":"<p>Wasser ist auf Reisen eine Notwendigkeit. Stelle mit diesem Pro Wasserkanister sicher, dass du immer ausreichend dabei hast. Der Wasserhahn erm\u00f6glicht einen einfachen Zugang zum Wasser,\u00a0w\u00e4hrend der robuste Tank und die Halterung stark genug f\u00fcr jedes Terrain sind.<\/p>\n<p>&nbsp;<\/p>\n<p>&nbsp;<\/p>\n<ul>\n<li>20 l Fassungsverm\u00f6gen.<\/li>\n<li>Inklusive eines 1\/2&#8243; schwarz pulverbeschichteten und abschlie\u00dfbaren Hahn aus Stahl.<\/li>\n<li>Hergestellt aus lebensmittelechtem Polyethylen und BPA-frei.<\/li>\n<li>Dieser Pro Wasserkanister hat einen 1\/2&#8243;-Anschluss (BSP-Gewinde) aus Polyethylen f\u00fcr den mitgelieferten Wasserhahn oder jeden anderen 1\/2&#8243;-Anschluss.<\/li>\n<\/ul>\n","protected":false},"excerpt":{"rendered":"<p>Wasser ist auf Reisen eine Notwendigkeit. Stelle mit diesem Pro Wasserkanister sicher, dass du immer ausreichend dabei hast. Der Wasserhahn erm\u00f6glicht einen einfachen Zugang zum Wasser,\u00a0w\u00e4hrend der robuste Tank und die Halterung stark genug f\u00fcr jedes Terrain sind. &nbsp; &nbsp; 20 l Fassungsverm\u00f6gen. Inklusive eines 1\/2&#8243; schwarz pulverbeschichteten und abschlie\u00dfbaren Hahn aus Stahl. Hergestellt aus [&hellip;]<\/p>\n","protected":false},"featured_media":3086,"comment_status":"open","ping_status":"closed","template":"","meta":[],"product_cat":[731,15,399,19,30,400],"product_tag":[892,893,891,894],"_links":{"self":[{"href":"https:\/\/shop.garagestyger.ch\/index.php?rest_route=\/wp\/v2\/product\/3085"}],"collection":[{"href":"https:\/\/shop.garagestyger.ch\/index.php?rest_route=\/wp\/v2\/product"}],"about":[{"href":"https:\/\/shop.garagestyger.ch\/index.php?rest_route=\/wp\/v2\/types\/product"}],"replies":[{"embeddable":true,"href":"https:\/\/shop.garagestyger.ch\/index.php?rest_route=%2Fwp%2Fv2%2Fcomments&post=3085"}],"wp:featuredmedia":[{"embeddable":true,"href":"https:\/\/shop.garagestyger.ch\/index.php?rest_route=\/wp\/v2\/media\/3086"}],"wp:attachment":[{"href":"https:\/\/shop.garagestyger.ch\/index.php?rest_route=%2Fwp%2Fv2%2Fmedia&parent=3085"}],"wp:term":[{"taxonomy":"product_cat","embeddable":true,"href":"https:\/\/shop.garagestyger.ch\/index.php?rest_route=%2Fwp%2Fv2%2Fproduct_cat&post=3085"},{"taxonomy":"product_tag","embeddable":true,"href":"https:\/\/shop.garagestyger.ch\/index.php?rest_route=%2Fwp%2Fv2%2Fproduct_tag&post=3085"}],"curies":[{"name":"wp","href":"https:\/\/api.w.org\/{rel}","templated":true}]}}