{"id":3064,"date":"2022-09-06T13:22:21","date_gmt":"2022-09-06T13:22:21","guid":{"rendered":"https:\/\/shop.garagestyger.ch\/?post_type=product&#038;p=3064"},"modified":"2022-09-06T13:22:22","modified_gmt":"2022-09-06T13:22:22","slug":"pro-wassertank-inkl-halterung-42-liter-von-front-runner","status":"publish","type":"product","link":"https:\/\/shop.garagestyger.ch\/?product=pro-wassertank-inkl-halterung-42-liter-von-front-runner","title":{"rendered":"Pro Wassertank inkl. Halterung, 42 Liter von Front Runner"},"content":{"rendered":"<p>Der 42 l Pro Wassertank mit Halterung ist alles, was Du f\u00fcr die Wasserversorgung auf Deinen Abenteuern brauchst. Der Wassertank kann sicher auf Deinem Dachtr\u00e4ger befestigt oder frei im Camp verwendet werden.<\/p>\n<p>&nbsp;<\/p>\n<ul>\n<li>Der Pro Wassertank hat ein Fassungsverm\u00f6gen von 42 l.<\/li>\n<li>Hergestellt aus lebensmittelechtem Polyethylen und BPA-frei.<\/li>\n<li>Die Halterung verf\u00fcgt \u00fcber einen beweglichen Riemen, mit dem der Wassertank sicher auf Deinem Dachtr\u00e4ger befestigt werden kann.<\/li>\n<li>Der Wassertank kann f\u00fcr den Einsatz am Boden leicht entnommen werden.<\/li>\n<li>Dieser Pro Wassertank hat einen 1\/2&#8243;-Anschluss (BSP-Gewinde) f\u00fcr den\u00a0<a href=\"https:\/\/www.frontrunneroutfitters.com\/de\/de\/pro-water-tank-20l-42l-tap.html\">Wasserhahn f\u00fcr Pro Wasserkanister &#8211; von Front Runner<\/a>\u00a0(separat erh\u00e4ltlich) oder jeden anderen 1\/2&#8243;-Anschluss.<\/li>\n<li>Der\u00a0<a href=\"https:\/\/www.frontrunneroutfitters.com\/de\/de\/pro-water-tank-20l-42l-tap.html\">Wasserhahn f\u00fcr Pro Wasserkanister &#8211; von Front Runner<\/a>\u00a0kann f\u00fcr zus\u00e4tzliche Sicherheit mit dem\u00a0<a href=\"https:\/\/www.frontrunneroutfitters.com\/de\/de\/rack-accessory-lock-small.html\">Kabelschloss f\u00fcr Dachtr\u00e4ger Accessoires \/ Klein &#8211; von Front Runner<\/a>\u00a0abgeschlossen werden.<\/li>\n<li>Die zus\u00e4tzlichen, separat erh\u00e4ltlichen Accessoires\u00a0<a href=\"https:\/\/www.frontrunneroutfitters.com\/de\/de\/tap-extension-bracket.html\">Wasserhahnerweiterung inkl. Halterung &#8211; von Front Runner<\/a>\u00a0und\u00a0<a href=\"https:\/\/www.frontrunneroutfitters.com\/de\/de\/tap-extension-bracket-hose-kit.html\">Schlauch-Set f\u00fcr Wasserhahnerweiterungs-Halterung &#8211; von Front Runner<\/a>\u00a0(inklusive Wasserhahn) sind mit Deinem 42 l Pro Wassertank kompatibel.<\/li>\n<\/ul>\n","protected":false},"excerpt":{"rendered":"<p>Der 42 l Pro Wassertank mit Halterung ist alles, was Du f\u00fcr die Wasserversorgung auf Deinen Abenteuern brauchst. Der Wassertank kann sicher auf Deinem Dachtr\u00e4ger befestigt oder frei im Camp verwendet werden. &nbsp; Der Pro Wassertank hat ein Fassungsverm\u00f6gen von 42 l. Hergestellt aus lebensmittelechtem Polyethylen und BPA-frei. Die Halterung verf\u00fcgt \u00fcber einen beweglichen Riemen, [&hellip;]<\/p>\n","protected":false},"featured_media":3065,"comment_status":"open","ping_status":"closed","template":"","meta":[],"product_cat":[731,15,399,19,30,400],"product_tag":[877,835,885,886],"_links":{"self":[{"href":"https:\/\/shop.garagestyger.ch\/index.php?rest_route=\/wp\/v2\/product\/3064"}],"collection":[{"href":"https:\/\/shop.garagestyger.ch\/index.php?rest_route=\/wp\/v2\/product"}],"about":[{"href":"https:\/\/shop.garagestyger.ch\/index.php?rest_route=\/wp\/v2\/types\/product"}],"replies":[{"embeddable":true,"href":"https:\/\/shop.garagestyger.ch\/index.php?rest_route=%2Fwp%2Fv2%2Fcomments&post=3064"}],"wp:featuredmedia":[{"embeddable":true,"href":"https:\/\/shop.garagestyger.ch\/index.php?rest_route=\/wp\/v2\/media\/3065"}],"wp:attachment":[{"href":"https:\/\/shop.garagestyger.ch\/index.php?rest_route=%2Fwp%2Fv2%2Fmedia&parent=3064"}],"wp:term":[{"taxonomy":"product_cat","embeddable":true,"href":"https:\/\/shop.garagestyger.ch\/index.php?rest_route=%2Fwp%2Fv2%2Fproduct_cat&post=3064"},{"taxonomy":"product_tag","embeddable":true,"href":"https:\/\/shop.garagestyger.ch\/index.php?rest_route=%2Fwp%2Fv2%2Fproduct_tag&post=3064"}],"curies":[{"name":"wp","href":"https:\/\/api.w.org\/{rel}","templated":true}]}}