{"id":3036,"date":"2022-09-06T12:58:22","date_gmt":"2022-09-06T12:58:22","guid":{"rendered":"https:\/\/shop.garagestyger.ch\/?post_type=product&#038;p=3036"},"modified":"2022-09-06T12:58:23","modified_gmt":"2022-09-06T12:58:23","slug":"wolf-pack-pro-von-front-runner","status":"publish","type":"product","link":"https:\/\/shop.garagestyger.ch\/?product=wolf-pack-pro-von-front-runner","title":{"rendered":"Wolf Pack Pro von Front Runner"},"content":{"rendered":"<p>Unsere neuen stapelbaren Aufbewahrungsboxen bestehen aus schlagfestem Kunststoff und verf\u00fcgen \u00fcber besonders sichere Verschl\u00fcsse, die eine zus\u00e4tzliche Best\u00e4ndigkeit bieten.<\/p>\n<p>&nbsp;<\/p>\n<p>Diese kompakte Aufbewahrungsbox aus Kunststoff ist sehr einfach auf der Ladefl\u00e4che zu arrangieren. Spare Platz ein, indem Du die Box vertikal hinstellst. Das Wolf Pack Pro ist durch seinen besonders geformten Deckel gut stapelbar.<\/p>\n<ul>\n<li>Hergestellt aus schwarzem, schlagfestem Kunststoff.<\/li>\n<li>Mit neuen, besonders sicheren Verschl\u00fcssen, die das Wolf Pack Pro sicher gegen Staub und Wasser abdichten.<\/li>\n<li>Staub- und wasserabweisend.<\/li>\n<li>Die integrierten Griffe erm\u00f6glichen ein einfaches Tragen.<\/li>\n<li>Vielseitig verwendbar: auf der Ladefl\u00e4che, im Innenraum oder auf dem Dach des Fahrzeugs.<\/li>\n<li>Auch au\u00dferhalb des Fahrzeugs verwendbar.<\/li>\n<li>Das Wolf Pack Pro bildet das Herzst\u00fcck vieler Front Runner Aufbewahrungssysteme. Die Transit Bags fassen 2 &#8211; 3 Wolf Pack Pro, je nach Gr\u00f6\u00dfe und Konfiguration. Die Front Runner Wolf Pack Schubladensysteme bieten eine umfassende und praktische Aufbewahrungsl\u00f6sung f\u00fcr Fahrzeuge.<\/li>\n<li>Das Wolf Pack Pro kann auch mit der gepolsterten\u00a0<a href=\"https:\/\/www.frontrunneroutfitters.com\/de\/de\/flat-pack.html\">Flat Pack Aufbewahrungsbox &#8211; von Front Runner<\/a>\u00a0oder\u00a0<a href=\"https:\/\/www.frontrunneroutfitters.com\/de\/de\/storage-box-foam-dividers.html\">Schaumstoff-Trennw\u00e4nde f\u00fcr Aufbewahrungsboxen &#8211; von Front Runner<\/a>\u00a0z.B. f\u00fcr Kameraequipment, K\u00fcchenger\u00e4te und andere zerbrechliche Teile verwendet werden.<\/li>\n<li>Kann in Verbindung mit\u00a0<a href=\"https:\/\/www.frontrunneroutfitters.com\/de\/de\/wolf-pack-pro-rack-brackets.html\">Wolf Pack Pro Dachtr\u00e4ger-Halterung &#8211; von Front Runner<\/a>\u00a0oder\u00a0<a href=\"https:\/\/www.frontrunneroutfitters.com\/de\/de\/front-runner-stratchits-pair.html\">Stratchit Kombigurt (Paar) &#8211; von Front Runner<\/a>\u00a0sowie\u00a0<a href=\"https:\/\/www.frontrunneroutfitters.com\/de\/de\/black-tie-down-rings-eye-bolts-nuts.html\">Schwarze galvanisierte Ringschrauben \/ Ringmutter &#8211; von Front Runner<\/a>\u00a0zum sicheren Transport auf dem Dachtr\u00e4ger verwendet werden.<\/li>\n<li><a href=\"https:\/\/www.frontrunneroutfitters.com\/de\/de\/wolf-pack-pro.html\">Wolf Pack Pro &#8211; von Front Runner<\/a>\u00a0ist nicht stapelbar mit\u00a0<a href=\"https:\/\/www.frontrunneroutfitters.com\/de\/de\/front-runner-wolf-pack.html\">Wolf Pack &#8211; von Front Runner<\/a>.<\/li>\n<\/ul>\n<p>HINWEIS: Aufgrund des schwankenden inneren Luftdrucks kann sich der Deckel des Wolf Pack Pro gelegentlich schwer \u00f6ffnen lassen. \u00dcbe zum \u00d6ffnen m\u00e4\u00dfigen Druck auf den Deckel mit einer Hand direkt neben dem Riegel aus und \u00fcberpr\u00fcfe, ob der Riegel richtig geschlossen ist, bevor Du ihn entriegelst.<\/p>\n<p>Um eine Demonstration zu sehen, schau Dir bitte das Video unter dem Reiter VIDEOS oben an.<\/p>\n","protected":false},"excerpt":{"rendered":"<p>Unsere neuen stapelbaren Aufbewahrungsboxen bestehen aus schlagfestem Kunststoff und verf\u00fcgen \u00fcber besonders sichere Verschl\u00fcsse, die eine zus\u00e4tzliche Best\u00e4ndigkeit bieten. &nbsp; Diese kompakte Aufbewahrungsbox aus Kunststoff ist sehr einfach auf der Ladefl\u00e4che zu arrangieren. Spare Platz ein, indem Du die Box vertikal hinstellst. Das Wolf Pack Pro ist durch seinen besonders geformten Deckel gut stapelbar. Hergestellt [&hellip;]<\/p>\n","protected":false},"featured_media":3037,"comment_status":"open","ping_status":"closed","template":"","meta":[],"product_cat":[15,399,19,30,400],"product_tag":[877,878,879],"_links":{"self":[{"href":"https:\/\/shop.garagestyger.ch\/index.php?rest_route=\/wp\/v2\/product\/3036"}],"collection":[{"href":"https:\/\/shop.garagestyger.ch\/index.php?rest_route=\/wp\/v2\/product"}],"about":[{"href":"https:\/\/shop.garagestyger.ch\/index.php?rest_route=\/wp\/v2\/types\/product"}],"replies":[{"embeddable":true,"href":"https:\/\/shop.garagestyger.ch\/index.php?rest_route=%2Fwp%2Fv2%2Fcomments&post=3036"}],"wp:featuredmedia":[{"embeddable":true,"href":"https:\/\/shop.garagestyger.ch\/index.php?rest_route=\/wp\/v2\/media\/3037"}],"wp:attachment":[{"href":"https:\/\/shop.garagestyger.ch\/index.php?rest_route=%2Fwp%2Fv2%2Fmedia&parent=3036"}],"wp:term":[{"taxonomy":"product_cat","embeddable":true,"href":"https:\/\/shop.garagestyger.ch\/index.php?rest_route=%2Fwp%2Fv2%2Fproduct_cat&post=3036"},{"taxonomy":"product_tag","embeddable":true,"href":"https:\/\/shop.garagestyger.ch\/index.php?rest_route=%2Fwp%2Fv2%2Fproduct_tag&post=3036"}],"curies":[{"name":"wp","href":"https:\/\/api.w.org\/{rel}","templated":true}]}}