{"id":3025,"date":"2022-09-06T12:47:24","date_gmt":"2022-09-06T12:47:24","guid":{"rendered":"https:\/\/shop.garagestyger.ch\/?post_type=product&#038;p=3025"},"modified":"2022-09-06T12:47:24","modified_gmt":"2022-09-06T12:47:24","slug":"schaumstoff-trennwaende-fuer-aufbewahrungsboxen-front-runner","status":"publish","type":"product","link":"https:\/\/shop.garagestyger.ch\/?product=schaumstoff-trennwaende-fuer-aufbewahrungsboxen-front-runner","title":{"rendered":"Schaumstoff-Trennw\u00e4nde f\u00fcr Aufbewahrungsboxen Front Runner"},"content":{"rendered":"<p>Die Front Runner Aufbewahrungsl\u00f6sungen k\u00f6nnen f\u00fcr so ziemlich alles auf Deinen Abenteuern verwendet werden. Mit diesen Schaumstoff-Trennw\u00e4nden f\u00fcr Aufbewahrungsboxen kannst Du Kameraausr\u00fcstung, K\u00fcchenutensilien und andere empfindliche Gegenst\u00e4nde zus\u00e4tzlich sch\u00fctzen und organisieren.<\/p>\n<p>&nbsp;<\/p>\n<ul>\n<li>Diese Schaumstoff-Trennw\u00e4nde f\u00fcr Aufbewahrungsboxen sind daf\u00fcr konzipiert, Deine Siebensachen auf jedem Abenteuer aufzuteilen und zu sch\u00fctzen.<\/li>\n<li>Kompatibel mit\u00a0<a href=\"https:\/\/www.frontrunneroutfitters.com\/de\/de\/front-runner-wolf-pack.html\">Wolf Pack &#8211; von Front Runner<\/a>,\u00a0<a href=\"https:\/\/www.frontrunneroutfitters.com\/de\/de\/wolf-pack-pro.html\">Wolf Pack Pro &#8211; von Front Runner<\/a>\u00a0und\u00a0<a href=\"https:\/\/www.frontrunneroutfitters.com\/de\/de\/front-runner-cub-pack.html\">Cub Box &#8211; von Front Runner<\/a>.<\/li>\n<li>Enth\u00e4lt 3 Schaumstoffstreifen, sodass Du Dein eigenes System konfigurieren kannst.<\/li>\n<li>Inklusive Cuttermesser und einem 10er-Set Clips.<\/li>\n<\/ul>\n<p><strong>Inhalt:<\/strong><br \/>\n3 x Schaumstoff-Trennw\u00e4nde<br \/>\n1 x Cuttermesser<br \/>\n1 x 10er-Set Kunststoff-Clips<br \/>\nMontageanleitung<\/p>\n<p><strong>Material:<\/strong><br \/>\nGrauer Schaumstoff<br \/>\nKunststoff<\/p>\n<p><strong>Produktma\u00dfe:<\/strong><br \/>\n950 mm (L) x 178 mm (B) x 12 mm (H) (pro Schaumstoff-Trennwand)<\/p>\n<p><strong>Gewicht:<\/strong><br \/>\n0,57 kg<\/p>\n","protected":false},"excerpt":{"rendered":"<p>Die Front Runner Aufbewahrungsl\u00f6sungen k\u00f6nnen f\u00fcr so ziemlich alles auf Deinen Abenteuern verwendet werden. Mit diesen Schaumstoff-Trennw\u00e4nden f\u00fcr Aufbewahrungsboxen kannst Du Kameraausr\u00fcstung, K\u00fcchenutensilien und andere empfindliche Gegenst\u00e4nde zus\u00e4tzlich sch\u00fctzen und organisieren. &nbsp; Diese Schaumstoff-Trennw\u00e4nde f\u00fcr Aufbewahrungsboxen sind daf\u00fcr konzipiert, Deine Siebensachen auf jedem Abenteuer aufzuteilen und zu sch\u00fctzen. Kompatibel mit\u00a0Wolf Pack &#8211; von Front Runner,\u00a0Wolf [&hellip;]<\/p>\n","protected":false},"featured_media":3026,"comment_status":"open","ping_status":"closed","template":"","meta":[],"product_cat":[15,399,19,30,400],"product_tag":[876,877,875],"_links":{"self":[{"href":"https:\/\/shop.garagestyger.ch\/index.php?rest_route=\/wp\/v2\/product\/3025"}],"collection":[{"href":"https:\/\/shop.garagestyger.ch\/index.php?rest_route=\/wp\/v2\/product"}],"about":[{"href":"https:\/\/shop.garagestyger.ch\/index.php?rest_route=\/wp\/v2\/types\/product"}],"replies":[{"embeddable":true,"href":"https:\/\/shop.garagestyger.ch\/index.php?rest_route=%2Fwp%2Fv2%2Fcomments&post=3025"}],"wp:featuredmedia":[{"embeddable":true,"href":"https:\/\/shop.garagestyger.ch\/index.php?rest_route=\/wp\/v2\/media\/3026"}],"wp:attachment":[{"href":"https:\/\/shop.garagestyger.ch\/index.php?rest_route=%2Fwp%2Fv2%2Fmedia&parent=3025"}],"wp:term":[{"taxonomy":"product_cat","embeddable":true,"href":"https:\/\/shop.garagestyger.ch\/index.php?rest_route=%2Fwp%2Fv2%2Fproduct_cat&post=3025"},{"taxonomy":"product_tag","embeddable":true,"href":"https:\/\/shop.garagestyger.ch\/index.php?rest_route=%2Fwp%2Fv2%2Fproduct_tag&post=3025"}],"curies":[{"name":"wp","href":"https:\/\/api.w.org\/{rel}","templated":true}]}}