{"id":3001,"date":"2022-08-30T12:18:59","date_gmt":"2022-08-30T12:18:59","guid":{"rendered":"https:\/\/shop.garagestyger.ch\/?post_type=product&#038;p=3001"},"modified":"2022-09-06T06:57:38","modified_gmt":"2022-09-06T06:57:38","slug":"wattstunde-solartasche-sunfolder-80w","status":"publish","type":"product","link":"https:\/\/shop.garagestyger.ch\/?product=wattstunde-solartasche-sunfolder-80w","title":{"rendered":"Wattstunde Solartasche, SunFolder 80W"},"content":{"rendered":"<h2>Beschreibung<\/h2>\n<p>Die WATTSTUNDE\u00ae SunFolder Solartasche ist dank des innovativen Designs sehr leicht, absolut platzsparend und bietet dadurch einem hohen Ma\u00df an Flexibilit\u00e4t und Einsetzbarkeit. Die Solartasche punktet durch die M\u00f6glichkeit jederzeit frei ausrichtbar zu sein. Ob hinter der Windschutzscheibe bei Parkbetrieb oder einfach im Freien, Sie k\u00f6nnen die Solartasche beliebig dorthin platzieren wo die Sonne scheint. Zudem haben Sie damit die Garantie eine hohe Energieausbeute durch die SunPower Back-Contact Solarzellen zu gewinnen. Dank des strapazierf\u00e4higen und wasserabweisenden Cordura Gewebes kann die Tasche auch bei Regen eingesetzt werden.<\/p>\n<p>Die SunFolder Solartasche von WATTSTUNDE\u00ae verf\u00fcgt \u00fcber ein 5m langes Anschlusskabel, das am Ende mit einem Anderson Stecksystem versehen ist. Dank des praktischen Stecksystems kann der Anschluss dauerhaft am Laderegler h\u00e4ngen und bei Bedarf wird die Solartasche rausgeholt, in die Sonne geh\u00e4ngt oder gestellt, und man steckt einfach die beiden Anderson-Stecker zusammen und schon ist der SunFolder mit dem Laderegler verbunden. Schneller und praktischer geht es kaum.<\/p>\n<p>Lieferumfang:<\/p>\n<ul>\n<li>SunFolder 80W mit 5m Anschlusskabel<\/li>\n<li>Anderson-Stecker mit Anschlusskabel<\/li>\n<li>Kabel vom Laderegler zur Batterie<\/li>\n<\/ul>\n<p>&nbsp;<\/p>\n<table width=\"600\">\n<tbody>\n<tr>\n<td width=\"300\">Systemspannung<\/td>\n<td width=\"300\">12V<\/td>\n<\/tr>\n<tr>\n<td width=\"300\">Oberfl\u00e4che<\/td>\n<td width=\"300\">Struktukriertes ETFE<\/td>\n<\/tr>\n<tr>\n<td width=\"300\">max. Tagesertrag (Sommer)<\/td>\n<td width=\"300\">400Wh\/d<\/td>\n<\/tr>\n<tr>\n<td width=\"300\">Zelltyp<\/td>\n<td width=\"300\">Sunpower<\/td>\n<\/tr>\n<tr>\n<td width=\"300\">Nennleistung Pmpp<\/td>\n<td width=\"300\">80W<\/td>\n<\/tr>\n<tr>\n<td width=\"300\">Leerlaufspannung Voc<\/td>\n<td width=\"300\">24.64V<\/td>\n<\/tr>\n<tr>\n<td width=\"300\">Maximal-Leistung Vmpp<\/td>\n<td width=\"300\">20.88V<\/td>\n<\/tr>\n<tr>\n<td width=\"300\">Maximal-Leistung Impp<\/td>\n<td width=\"300\">2.06A<\/td>\n<\/tr>\n<tr>\n<td width=\"300\">Kurzschlussstrom Isc<\/td>\n<td width=\"300\">3.84A<\/td>\n<\/tr>\n<tr>\n<td width=\"300\">Anz. Zellen in serie<\/td>\n<td width=\"300\">36<\/td>\n<\/tr>\n<tr>\n<td width=\"300\">Anschlusskabel<\/td>\n<td width=\"300\">Ja 5m mit Anderson Stecker<\/td>\n<\/tr>\n<tr>\n<td width=\"300\">LxBxH geschlossen<br \/>\nge\u00f6ffnet<\/td>\n<td width=\"300\">440x560x15mm<br \/>\n880x560x7.5mm<\/td>\n<\/tr>\n<tr>\n<td width=\"300\">Gewicht<\/td>\n<td width=\"300\">1.6kg<\/td>\n<\/tr>\n<\/tbody>\n<\/table>\n<h2>Zus\u00e4tzliche Information<\/h2>\n<table class=\"woocommerce-product-attributes shop_attributes\">\n<tbody>\n<tr class=\"woocommerce-product-attributes-item woocommerce-product-attributes-item--weight\">\n<th class=\"woocommerce-product-attributes-item__label\">Gewicht<\/th>\n<td class=\"woocommerce-product-attributes-item__value\">2650 g<\/td>\n<\/tr>\n<tr class=\"woocommerce-product-attributes-item woocommerce-product-attributes-item--dimensions\">\n<th class=\"woocommerce-product-attributes-item__label\">Gr\u00f6sse<\/th>\n<td class=\"woocommerce-product-attributes-item__value\">650 \u00d7 550 \u00d7 40 mm<\/td>\n<\/tr>\n<tr class=\"woocommerce-product-attributes-item woocommerce-product-attributes-item--attribute_pa_leist\">\n<th class=\"woocommerce-product-attributes-item__label\">Leistung<\/th>\n<td class=\"woocommerce-product-attributes-item__value\"><a href=\"https:\/\/shop.profidurium.ch\/leist\/80w\/\" rel=\"tag\">80 W<\/a><\/td>\n<\/tr>\n<tr class=\"woocommerce-product-attributes-item woocommerce-product-attributes-item--attribute_pa_pvans\">\n<th class=\"woocommerce-product-attributes-item__label\">PV-Anschluss<\/th>\n<td class=\"woocommerce-product-attributes-item__value\"><a href=\"https:\/\/shop.profidurium.ch\/pvans\/anderson\/\" rel=\"tag\">Anderson<\/a>,\u00a0<a href=\"https:\/\/shop.profidurium.ch\/pvans\/kabel\/\" rel=\"tag\">Kabel<\/a><\/td>\n<\/tr>\n<tr class=\"woocommerce-product-attributes-item woocommerce-product-attributes-item--attribute_pa_pvspa\">\n<th class=\"woocommerce-product-attributes-item__label\">PV-Spannung<\/th>\n<td class=\"woocommerce-product-attributes-item__value\"><a href=\"https:\/\/shop.profidurium.ch\/pvspa\/12v\/\" rel=\"tag\">12 V<\/a><\/td>\n<\/tr>\n<tr class=\"woocommerce-product-attributes-item woocommerce-product-attributes-item--attribute_pa_manufa\">\n<th class=\"woocommerce-product-attributes-item__label\">Hersteller<\/th>\n<td class=\"woocommerce-product-attributes-item__value\"><a href=\"https:\/\/shop.profidurium.ch\/manufa\/wattstunde\/\" rel=\"tag\">Wattstunde<\/a><\/td>\n<\/tr>\n<\/tbody>\n<\/table>\n","protected":false},"excerpt":{"rendered":"<p>Beschreibung Die WATTSTUNDE\u00ae SunFolder Solartasche ist dank des innovativen Designs sehr leicht, absolut platzsparend und bietet dadurch einem hohen Ma\u00df an Flexibilit\u00e4t und Einsetzbarkeit. Die Solartasche punktet durch die M\u00f6glichkeit jederzeit frei ausrichtbar zu sein. Ob hinter der Windschutzscheibe bei Parkbetrieb oder einfach im Freien, Sie k\u00f6nnen die Solartasche beliebig dorthin platzieren wo die Sonne [&hellip;]<\/p>\n","protected":false},"featured_media":3002,"comment_status":"open","ping_status":"closed","template":"","meta":[],"product_cat":[862,15,30,400],"product_tag":[869,855,856],"_links":{"self":[{"href":"https:\/\/shop.garagestyger.ch\/index.php?rest_route=\/wp\/v2\/product\/3001"}],"collection":[{"href":"https:\/\/shop.garagestyger.ch\/index.php?rest_route=\/wp\/v2\/product"}],"about":[{"href":"https:\/\/shop.garagestyger.ch\/index.php?rest_route=\/wp\/v2\/types\/product"}],"replies":[{"embeddable":true,"href":"https:\/\/shop.garagestyger.ch\/index.php?rest_route=%2Fwp%2Fv2%2Fcomments&post=3001"}],"wp:featuredmedia":[{"embeddable":true,"href":"https:\/\/shop.garagestyger.ch\/index.php?rest_route=\/wp\/v2\/media\/3002"}],"wp:attachment":[{"href":"https:\/\/shop.garagestyger.ch\/index.php?rest_route=%2Fwp%2Fv2%2Fmedia&parent=3001"}],"wp:term":[{"taxonomy":"product_cat","embeddable":true,"href":"https:\/\/shop.garagestyger.ch\/index.php?rest_route=%2Fwp%2Fv2%2Fproduct_cat&post=3001"},{"taxonomy":"product_tag","embeddable":true,"href":"https:\/\/shop.garagestyger.ch\/index.php?rest_route=%2Fwp%2Fv2%2Fproduct_tag&post=3001"}],"curies":[{"name":"wp","href":"https:\/\/api.w.org\/{rel}","templated":true}]}}