{"id":2987,"date":"2022-08-30T12:08:28","date_gmt":"2022-08-30T12:08:28","guid":{"rendered":"https:\/\/shop.garagestyger.ch\/?post_type=product&#038;p=2987"},"modified":"2022-09-06T11:54:34","modified_gmt":"2022-09-06T11:54:34","slug":"victron-energy-smartsolar-mppt-100-20","status":"publish","type":"product","link":"https:\/\/shop.garagestyger.ch\/?product=victron-energy-smartsolar-mppt-100-20","title":{"rendered":"Victron Energy, SmartSolar MPPT 100\/20"},"content":{"rendered":"<h2>Beschreibung<\/h2>\n<p>Insbesondere bei bedecktem Himmel, wenn die Lichtintensit\u00e4t sich st\u00e4ndig ver\u00e4ndert, verbessert ein extrem schneller MPPT-Regler den Energieertrag im Vergleich zu PWM-Lade-Reglern um bis zu 30% und im Vergleich zu langsameren MPPT-Reglern um bis zu 10%.<\/p>\n<p>Im Falle einer Teilverschattung k\u00f6nnen auf der Strom-Spannungskurve zwei oder mehr Punkte maximaler Leistung (MPP) vorhanden sein. Herk\u00f6mmliche MPPTs neigen dazu, sich auf einen lokalen MPP einzustellen. Dieser ist jedoch wom\u00f6glich nicht der optimale MPP. Der innovative Algorithmus des SmartSolar Ger\u00e4tes wird den Energieertrag immer maximieren, indem er sich auf den optimalen MPP einstellt.<\/p>\n<p>Der SmartSolar MPPT Laderegler ist vost\u00e4ndig Konfigurierbar, sie k\u00f6nnen mittels Computer-Software oder dem eingebauten Bluetooth Modul die Ladealgorithmen ihrem Zweck entsprechend anpassen. Dazu stehen auch 8 vorprogrammierte Ladealgorithmen zur verf\u00fcgung, welche \u00fcber einen Drehschalter eingestellt werden k\u00f6nnen.<\/p>\n<p>Die Victron Energy Solar Laderegler sind gegen \u00dcberspannung, \u00dcbertemperatur, Kurzschluss und Verpolung gesch\u00fctzt. Im falle von \u00dcbertemperatur reduziert der Laderegler die Leistung und schaltet nicht einfach ab.<\/p>\n<p>Die SmartSolar Ger\u00e4te verf\u00fcgen alle \u00fcber ein eingebautes Bluetooth Modul, damit k\u00f6nnen sie via APP einstellungen vornehmen und den Laderegler konfigurieren. Es ist auch m\u00f6glich ein\u00a0<a href=\"https:\/\/shop.profidurium.ch\/produkt\/victron-energy-smart-battery-sense\/\">Smart Battery Sense<\/a>\u00a0mit dem Laderegler zu koppeln und somit die Optimale Ladespannung und Batterie-Temperatur zu erreichen.<\/p>\n<p>&nbsp;<\/p>\n<table width=\"600\">\n<tbody>\n<tr>\n<td width=\"300\">Systemspannung<\/td>\n<td width=\"300\">12V\/ 24V<\/td>\n<\/tr>\n<tr>\n<td width=\"300\">max. Solar-Spannung<\/td>\n<td width=\"300\">100V<\/td>\n<\/tr>\n<tr>\n<td width=\"300\">max. Ladestrom<\/td>\n<td width=\"300\">20A<\/td>\n<\/tr>\n<tr>\n<td width=\"300\">\u00fcberwachter Lastausgang<\/td>\n<td width=\"300\">Ja max. 20A<\/td>\n<\/tr>\n<tr>\n<td width=\"300\">Betriebstemperatur<\/td>\n<td width=\"300\">-30\u00b0C \u2013 +60\u00b0C<\/td>\n<\/tr>\n<tr>\n<td width=\"300\">Schutzklasse<\/td>\n<td width=\"300\">IP43 (IP22 Anschl\u00fcsse)<\/td>\n<\/tr>\n<tr>\n<td width=\"300\">Anschlussklemmen Batterie<\/td>\n<td width=\"300\">6mm\u00b2<\/td>\n<\/tr>\n<tr>\n<td width=\"300\">Anschluss PV-Panels<\/td>\n<td width=\"300\">6mm\u00b2 Klemmen<\/td>\n<\/tr>\n<tr>\n<td width=\"300\">Programmierbares Relais<\/td>\n<td width=\"300\">Nein<\/td>\n<\/tr>\n<tr>\n<td width=\"300\">LxBxH<\/td>\n<td width=\"300\">100x113x60mm<\/td>\n<\/tr>\n<tr>\n<td width=\"300\">Gewicht<\/td>\n<td width=\"300\">0.65k<\/td>\n<\/tr>\n<\/tbody>\n<\/table>\n<p>&nbsp;<\/p>\n<h2>Zus\u00e4tzliche Information<\/h2>\n<table class=\"woocommerce-product-attributes shop_attributes\">\n<tbody>\n<tr class=\"woocommerce-product-attributes-item woocommerce-product-attributes-item--weight\">\n<th class=\"woocommerce-product-attributes-item__label\">Gewicht<\/th>\n<td class=\"woocommerce-product-attributes-item__value\">700 g<\/td>\n<\/tr>\n<tr class=\"woocommerce-product-attributes-item woocommerce-product-attributes-item--dimensions\">\n<th class=\"woocommerce-product-attributes-item__label\">Gr\u00f6sse<\/th>\n<td class=\"woocommerce-product-attributes-item__value\">100 \u00d7 113 \u00d7 60 mm<\/td>\n<\/tr>\n<tr class=\"woocommerce-product-attributes-item woocommerce-product-attributes-item--attribute_pa_ldstr\">\n<th class=\"woocommerce-product-attributes-item__label\">Ladestrom<\/th>\n<td class=\"woocommerce-product-attributes-item__value\"><a href=\"https:\/\/shop.profidurium.ch\/ldstr\/20a\/\" rel=\"tag\">20 A<\/a><\/td>\n<\/tr>\n<tr class=\"woocommerce-product-attributes-item woocommerce-product-attributes-item--attribute_pa_ansch1\">\n<th class=\"woocommerce-product-attributes-item__label\">Anschluss<\/th>\n<td class=\"woocommerce-product-attributes-item__value\"><a href=\"https:\/\/shop.profidurium.ch\/ansch1\/klemmen\/\" rel=\"tag\">Klemmen<\/a><\/td>\n<\/tr>\n<tr class=\"woocommerce-product-attributes-item woocommerce-product-attributes-item--attribute_pa_pvans\">\n<th class=\"woocommerce-product-attributes-item__label\">PV-Anschluss<\/th>\n<td class=\"woocommerce-product-attributes-item__value\"><a href=\"https:\/\/shop.profidurium.ch\/pvans\/klemmen\/\" rel=\"tag\">Klemmen<\/a><\/td>\n<\/tr>\n<tr class=\"woocommerce-product-attributes-item woocommerce-product-attributes-item--attribute_pa_pvspa\">\n<th class=\"woocommerce-product-attributes-item__label\">PV-Spannung<\/th>\n<td class=\"woocommerce-product-attributes-item__value\"><a href=\"https:\/\/shop.profidurium.ch\/pvspa\/100v\/\" rel=\"tag\">100 V<\/a><\/td>\n<\/tr>\n<tr class=\"woocommerce-product-attributes-item woocommerce-product-attributes-item--attribute_pa_sig\">\n<th class=\"woocommerce-product-attributes-item__label\">Signalverbindung<\/th>\n<td class=\"woocommerce-product-attributes-item__value\"><a href=\"https:\/\/shop.profidurium.ch\/sig\/bluetooth\/\" rel=\"tag\">Bluetooth<\/a>,\u00a0<a href=\"https:\/\/shop.profidurium.ch\/sig\/ve-direct\/\" rel=\"tag\">VE.Direct<\/a><\/td>\n<\/tr>\n<tr class=\"woocommerce-product-attributes-item woocommerce-product-attributes-item--attribute_pa_nenspa\">\n<th class=\"woocommerce-product-attributes-item__label\">Nennspannung<\/th>\n<td class=\"woocommerce-product-attributes-item__value\"><a href=\"https:\/\/shop.profidurium.ch\/nenspa\/12vdc\/\" rel=\"tag\">12 VDC<\/a>,\u00a0<a href=\"https:\/\/shop.profidurium.ch\/nenspa\/24vdc\/\" rel=\"tag\">24 VDC<\/a><\/td>\n<\/tr>\n<tr class=\"woocommerce-product-attributes-item woocommerce-product-attributes-item--attribute_pa_manufa\">\n<th class=\"woocommerce-product-attributes-item__label\">Hersteller<\/th>\n<td class=\"woocommerce-product-attributes-item__value\"><a href=\"https:\/\/shop.profidurium.ch\/manufa\/victron_energy\/\" rel=\"tag\">Victron Energy<\/a><\/td>\n<\/tr>\n<\/tbody>\n<\/table>\n","protected":false},"excerpt":{"rendered":"<p>Beschreibung Insbesondere bei bedecktem Himmel, wenn die Lichtintensit\u00e4t sich st\u00e4ndig ver\u00e4ndert, verbessert ein extrem schneller MPPT-Regler den Energieertrag im Vergleich zu PWM-Lade-Reglern um bis zu 30% und im Vergleich zu langsameren MPPT-Reglern um bis zu 10%. Im Falle einer Teilverschattung k\u00f6nnen auf der Strom-Spannungskurve zwei oder mehr Punkte maximaler Leistung (MPP) vorhanden sein. Herk\u00f6mmliche MPPTs [&hellip;]<\/p>\n","protected":false},"featured_media":2988,"comment_status":"open","ping_status":"closed","template":"","meta":[],"product_cat":[862,15,30,400],"product_tag":[867,865,858],"_links":{"self":[{"href":"https:\/\/shop.garagestyger.ch\/index.php?rest_route=\/wp\/v2\/product\/2987"}],"collection":[{"href":"https:\/\/shop.garagestyger.ch\/index.php?rest_route=\/wp\/v2\/product"}],"about":[{"href":"https:\/\/shop.garagestyger.ch\/index.php?rest_route=\/wp\/v2\/types\/product"}],"replies":[{"embeddable":true,"href":"https:\/\/shop.garagestyger.ch\/index.php?rest_route=%2Fwp%2Fv2%2Fcomments&post=2987"}],"wp:featuredmedia":[{"embeddable":true,"href":"https:\/\/shop.garagestyger.ch\/index.php?rest_route=\/wp\/v2\/media\/2988"}],"wp:attachment":[{"href":"https:\/\/shop.garagestyger.ch\/index.php?rest_route=%2Fwp%2Fv2%2Fmedia&parent=2987"}],"wp:term":[{"taxonomy":"product_cat","embeddable":true,"href":"https:\/\/shop.garagestyger.ch\/index.php?rest_route=%2Fwp%2Fv2%2Fproduct_cat&post=2987"},{"taxonomy":"product_tag","embeddable":true,"href":"https:\/\/shop.garagestyger.ch\/index.php?rest_route=%2Fwp%2Fv2%2Fproduct_tag&post=2987"}],"curies":[{"name":"wp","href":"https:\/\/api.w.org\/{rel}","templated":true}]}}