{"id":2983,"date":"2022-08-30T11:55:59","date_gmt":"2022-08-30T11:55:59","guid":{"rendered":"https:\/\/shop.garagestyger.ch\/?post_type=product&#038;p=2983"},"modified":"2022-08-30T11:56:00","modified_gmt":"2022-08-30T11:56:00","slug":"bergungsboard-von-maxtrax-mkll-olive-drab","status":"publish","type":"product","link":"https:\/\/shop.garagestyger.ch\/?product=bergungsboard-von-maxtrax-mkll-olive-drab","title":{"rendered":"Bergungsboard von Maxtrax MKll olive drab"},"content":{"rendered":"<ul>\n<li>Ein Paar leichte, einfach zu bedienende Bergungs- und Befreiungsboards, welche Dir nach dem Festfahren einen schnellen Weg raus sichern.<\/li>\n<li>Die gro\u00dfen Stollen am MAXTRAX greifen in das Reifenprofil und das Gel\u00e4nde unter Deinem Fahrzeug, um ein Zur\u00fcckrutschen Deines Fahrzeugs in Sand, Schlamm oder Schnee zu verhindern.<\/li>\n<li>Aus UV-best\u00e4ndigem, flexiblem und robustem Technikgrad verst\u00e4rktem Nylon.<\/li>\n<li>Durch die verschachtelte Form k\u00f6nnen MAXTRAX gestapelt und kompakt verstaut werden.<\/li>\n<li>Verstaue die MAXTRAX mit Deiner Campingausr\u00fcstung, Overlanding Zubeh\u00f6r oder Offroad Equipment auf Deinem Slimline II Dachtr\u00e4ger in zwei m\u00f6glichen Varianten:\u00a0<a href=\"https:\/\/www.frontrunneroutfitters.com\/de\/de\/maxtrax-brackets.html\">Seitliche Universal-Halterung f\u00fcr Bergungsboards &#8211; von Front Runner<\/a>\u00a0f\u00fcr die Befestigung an den Seitenprofilen oder ober- \/ unterhalb des Racks mit\u00a0<a href=\"https:\/\/www.frontrunneroutfitters.com\/de\/de\/recovery-device-mounting-kit.html\">Bergungsboard-Halterungskit &#8211; von Front Runner<\/a>\u00a0(Halterungen separat erh\u00e4ltlich).<\/li>\n<li>Leichtes Transportieren und einfaches platzieren unter den Reifen durch 6 integrierte Tragegriffe.<\/li>\n<li>Verf\u00fcgt an beiden Seiten \u00fcber eine Schaufel, um \u00fcbersch\u00fcssige Erde schnell zu entfernen und Befestigungspunkte, um Deine MAXTRAX MKII zu sichern.<\/li>\n<li>MAXTRAX k\u00f6nnen miteinander verbunden werden, um eine l\u00e4ngeren Untergrund zu bilden.<\/li>\n<\/ul>\n<p><strong>Inhalt:<\/strong><br \/>\n1 x Paar MAXTRAXMKII Bergungsvorrichtungen<br \/>\n2 x orange Leinen<\/p>\n<p><strong>Material:<\/strong><br \/>\nUV-stabilisiertes, flexibles, robustes Technikgrad verst\u00e4rktes Nylon<br \/>\nHart-eloxierte Legierung<\/p>\n<p><strong>Produktma\u00dfe:<\/strong><br \/>\n1150 mm (L) x 330 mm (B) x 85 mm (H)<\/p>\n<p><strong>Gewicht:<\/strong><br \/>\n3,4 kg pro MAXTRAX<\/p>\n","protected":false},"excerpt":{"rendered":"<p>Ein Paar leichte, einfach zu bedienende Bergungs- und Befreiungsboards, welche Dir nach dem Festfahren einen schnellen Weg raus sichern. Die gro\u00dfen Stollen am MAXTRAX greifen in das Reifenprofil und das Gel\u00e4nde unter Deinem Fahrzeug, um ein Zur\u00fcckrutschen Deines Fahrzeugs in Sand, Schlamm oder Schnee zu verhindern. Aus UV-best\u00e4ndigem, flexiblem und robustem Technikgrad verst\u00e4rktem Nylon. Durch [&hellip;]<\/p>\n","protected":false},"featured_media":2984,"comment_status":"open","ping_status":"closed","template":"","meta":[],"product_cat":[404,15,400],"product_tag":[863,864],"_links":{"self":[{"href":"https:\/\/shop.garagestyger.ch\/index.php?rest_route=\/wp\/v2\/product\/2983"}],"collection":[{"href":"https:\/\/shop.garagestyger.ch\/index.php?rest_route=\/wp\/v2\/product"}],"about":[{"href":"https:\/\/shop.garagestyger.ch\/index.php?rest_route=\/wp\/v2\/types\/product"}],"replies":[{"embeddable":true,"href":"https:\/\/shop.garagestyger.ch\/index.php?rest_route=%2Fwp%2Fv2%2Fcomments&post=2983"}],"wp:featuredmedia":[{"embeddable":true,"href":"https:\/\/shop.garagestyger.ch\/index.php?rest_route=\/wp\/v2\/media\/2984"}],"wp:attachment":[{"href":"https:\/\/shop.garagestyger.ch\/index.php?rest_route=%2Fwp%2Fv2%2Fmedia&parent=2983"}],"wp:term":[{"taxonomy":"product_cat","embeddable":true,"href":"https:\/\/shop.garagestyger.ch\/index.php?rest_route=%2Fwp%2Fv2%2Fproduct_cat&post=2983"},{"taxonomy":"product_tag","embeddable":true,"href":"https:\/\/shop.garagestyger.ch\/index.php?rest_route=%2Fwp%2Fv2%2Fproduct_tag&post=2983"}],"curies":[{"name":"wp","href":"https:\/\/api.w.org\/{rel}","templated":true}]}}