{"id":2961,"date":"2022-08-30T09:45:43","date_gmt":"2022-08-30T09:45:43","guid":{"rendered":"https:\/\/shop.garagestyger.ch\/?post_type=product&#038;p=2961"},"modified":"2022-10-11T13:01:40","modified_gmt":"2022-10-11T13:01:40","slug":"wattstunde-solartasche-solarbuddy-mit-integrierten-usb-steckdosen-100w","status":"publish","type":"product","link":"https:\/\/shop.garagestyger.ch\/?product=wattstunde-solartasche-solarbuddy-mit-integrierten-usb-steckdosen-100w","title":{"rendered":"Wattstunde Solartasche, SolarBuddy, mit integrierten USB Steckdosen, 100W"},"content":{"rendered":"<h2>Beschreibung<\/h2>\n<p>Der neue WATTSTUNDE\u00ae SolarBuddy kombiniert die Leichtigkeit von Solartaschen mit der Robustheit von Solarkoffern und versorgt dich flexibel mit Strom \u2013 genau dort, wo du ihn brauchst.<\/p>\n<p>Die WATTSTUNDE\u00ae SolarBuddy Hardcover Solartasche ist sowohl robust als auch platzsparend und bietet dir dadurch ein hohes Ma\u00df an Flexibilit\u00e4t. Die Solartasche punktet durch die M\u00f6glichkeit jederzeit frei ausrichtbar zu sein. Ob hinter der Windschutzscheibe bei Parkbetrieb oder auch im Freien, durch die ausklappbaren Standf\u00fc\u00dfe findest du immer deinen optimalen Standort.<br \/>\nDas robuste Polyamid-Gewebe macht den SolarBuddy f\u00fcr den Au\u00dfeneinsatz zu deinem perfekten Begleiter \u2013 nichtsdestotrotz sollte wie beim Umgang mit jedem technischen Ger\u00e4t darauf geachtet werden, dass keinerlei Feuchtigkeit oder Wasser an empfindliche Stellen wie z. B. unter die Abdeckung der USB Ports gelangt. Wir empfehlen den SolarBuddy nicht \u00fcber Nacht drau\u00dfen stehenzulassen.<\/p>\n<p>Lieferumfang:<\/p>\n<ul>\n<li>SolarBuddy 100W<\/li>\n<li>Schutztasche<\/li>\n<li>5m Kabel vom Panel zum Laderegler<\/li>\n<li>1.5m Kabel Laderegler zur Batterie<\/li>\n<\/ul>\n<table class=\"woocommerce-product-attributes shop_attributes\">\n<tbody>\n<tr class=\"woocommerce-product-attributes-item woocommerce-product-attributes-item--weight\">\n<th class=\"woocommerce-product-attributes-item__label\">Gewicht<\/th>\n<td class=\"woocommerce-product-attributes-item__value\">5900 g<\/td>\n<\/tr>\n<tr class=\"woocommerce-product-attributes-item woocommerce-product-attributes-item--dimensions\">\n<th class=\"woocommerce-product-attributes-item__label\">Gr\u00f6sse<\/th>\n<td class=\"woocommerce-product-attributes-item__value\">800 \u00d7 650 \u00d7 60 mm<\/td>\n<\/tr>\n<tr class=\"woocommerce-product-attributes-item woocommerce-product-attributes-item--attribute_pa_leist\">\n<th class=\"woocommerce-product-attributes-item__label\">Leistung<\/th>\n<td class=\"woocommerce-product-attributes-item__value\"><a href=\"https:\/\/shop.profidurium.ch\/leist\/100w\/\" rel=\"tag\">100 W<\/a><\/td>\n<\/tr>\n<tr class=\"woocommerce-product-attributes-item woocommerce-product-attributes-item--attribute_pa_pvans\">\n<th class=\"woocommerce-product-attributes-item__label\">PV-Anschluss<\/th>\n<td class=\"woocommerce-product-attributes-item__value\"><a href=\"https:\/\/shop.profidurium.ch\/pvans\/anderson\/\" rel=\"tag\">Anderson<\/a>,\u00a0<a href=\"https:\/\/shop.profidurium.ch\/pvans\/kabel\/\" rel=\"tag\">Kabel<\/a><\/td>\n<\/tr>\n<tr class=\"woocommerce-product-attributes-item woocommerce-product-attributes-item--attribute_pa_pvspa\">\n<th class=\"woocommerce-product-attributes-item__label\">PV-Spannung<\/th>\n<td class=\"woocommerce-product-attributes-item__value\"><a href=\"https:\/\/shop.profidurium.ch\/pvspa\/12v\/\" rel=\"tag\">12 V<\/a><\/td>\n<\/tr>\n<tr class=\"woocommerce-product-attributes-item woocommerce-product-attributes-item--attribute_pa_manufa\">\n<th class=\"woocommerce-product-attributes-item__label\">Hersteller<\/th>\n<td class=\"woocommerce-product-attributes-item__value\"><a href=\"https:\/\/shop.profidurium.ch\/manufa\/wattstunde\/\" rel=\"tag\">Wattstunde<\/a><\/td>\n<\/tr>\n<\/tbody>\n<\/table>\n","protected":false},"excerpt":{"rendered":"<p>Beschreibung Der neue WATTSTUNDE\u00ae SolarBuddy kombiniert die Leichtigkeit von Solartaschen mit der Robustheit von Solarkoffern und versorgt dich flexibel mit Strom \u2013 genau dort, wo du ihn brauchst. Die WATTSTUNDE\u00ae SolarBuddy Hardcover Solartasche ist sowohl robust als auch platzsparend und bietet dir dadurch ein hohes Ma\u00df an Flexibilit\u00e4t. Die Solartasche punktet durch die M\u00f6glichkeit jederzeit [&hellip;]<\/p>\n","protected":false},"featured_media":2962,"comment_status":"open","ping_status":"closed","template":"","meta":[],"product_cat":[862,15,30,400],"product_tag":[857,855,856],"_links":{"self":[{"href":"https:\/\/shop.garagestyger.ch\/index.php?rest_route=\/wp\/v2\/product\/2961"}],"collection":[{"href":"https:\/\/shop.garagestyger.ch\/index.php?rest_route=\/wp\/v2\/product"}],"about":[{"href":"https:\/\/shop.garagestyger.ch\/index.php?rest_route=\/wp\/v2\/types\/product"}],"replies":[{"embeddable":true,"href":"https:\/\/shop.garagestyger.ch\/index.php?rest_route=%2Fwp%2Fv2%2Fcomments&post=2961"}],"wp:featuredmedia":[{"embeddable":true,"href":"https:\/\/shop.garagestyger.ch\/index.php?rest_route=\/wp\/v2\/media\/2962"}],"wp:attachment":[{"href":"https:\/\/shop.garagestyger.ch\/index.php?rest_route=%2Fwp%2Fv2%2Fmedia&parent=2961"}],"wp:term":[{"taxonomy":"product_cat","embeddable":true,"href":"https:\/\/shop.garagestyger.ch\/index.php?rest_route=%2Fwp%2Fv2%2Fproduct_cat&post=2961"},{"taxonomy":"product_tag","embeddable":true,"href":"https:\/\/shop.garagestyger.ch\/index.php?rest_route=%2Fwp%2Fv2%2Fproduct_tag&post=2961"}],"curies":[{"name":"wp","href":"https:\/\/api.w.org\/{rel}","templated":true}]}}