{"id":2957,"date":"2022-08-09T07:03:29","date_gmt":"2022-08-09T07:03:29","guid":{"rendered":"https:\/\/shop.garagestyger.ch\/?post_type=product&#038;p=2957"},"modified":"2023-07-03T04:34:30","modified_gmt":"2023-07-03T04:34:30","slug":"road-shower-winkelstueck","status":"publish","type":"product","link":"https:\/\/shop.garagestyger.ch\/?product=road-shower-winkelstueck","title":{"rendered":"Road Shower Winkelst\u00fcck"},"content":{"rendered":"<p>Dieses zus\u00e4tzliche On-Off-Winkelst\u00fcck kann verwendet werden, um Ihrer RoadShower ein zweites Auslassventil hinzuzuf\u00fcgen, was das Hinzuf\u00fcgen von Zubeh\u00f6r erleichtert.<\/p>\n<p>&nbsp;<\/p>\n<p>&nbsp;<\/p>\n<p><strong>PRODUKTDETAILS<\/strong><\/p>\n<p>-L\u00e4sst sich einfach an den zus\u00e4tzlichen 1\/2-Zoll-Auslassanschluss an der RoadShower anbringen, um an beiden Enden Wasserzugang zu haben.<\/p>\n<p>-Der Winkel enth\u00e4lt ein Absperrventil, mit dem der Wasserauslassdruck f\u00fcr verschiedene Zwecke reguliert werden kann.<\/p>\n<p>-Erm\u00f6glicht das Anbringen des RoadShower-Schlauchs oder eines anderen Gartenschlauchs.<\/p>\n<p>-Erleichtert das Wechseln des Schlauchs an beiden Enden oder das Hinzuf\u00fcgen des Duschkopfzubeh\u00f6rs.<\/p>\n","protected":false},"excerpt":{"rendered":"<p>Dieses zus\u00e4tzliche On-Off-Winkelst\u00fcck kann verwendet werden, um Ihrer RoadShower ein zweites Auslassventil hinzuzuf\u00fcgen, was das Hinzuf\u00fcgen von Zubeh\u00f6r erleichtert. &nbsp; &nbsp; PRODUKTDETAILS -L\u00e4sst sich einfach an den zus\u00e4tzlichen 1\/2-Zoll-Auslassanschluss an der RoadShower anbringen, um an beiden Enden Wasserzugang zu haben. -Der Winkel enth\u00e4lt ein Absperrventil, mit dem der Wasserauslassdruck f\u00fcr verschiedene Zwecke reguliert werden kann. [&hellip;]<\/p>\n","protected":false},"featured_media":2958,"comment_status":"open","ping_status":"closed","template":"","meta":[],"product_cat":[844,15,30,400],"product_tag":[852,743,848,849,854,853],"_links":{"self":[{"href":"https:\/\/shop.garagestyger.ch\/index.php?rest_route=\/wp\/v2\/product\/2957"}],"collection":[{"href":"https:\/\/shop.garagestyger.ch\/index.php?rest_route=\/wp\/v2\/product"}],"about":[{"href":"https:\/\/shop.garagestyger.ch\/index.php?rest_route=\/wp\/v2\/types\/product"}],"replies":[{"embeddable":true,"href":"https:\/\/shop.garagestyger.ch\/index.php?rest_route=%2Fwp%2Fv2%2Fcomments&post=2957"}],"wp:featuredmedia":[{"embeddable":true,"href":"https:\/\/shop.garagestyger.ch\/index.php?rest_route=\/wp\/v2\/media\/2958"}],"wp:attachment":[{"href":"https:\/\/shop.garagestyger.ch\/index.php?rest_route=%2Fwp%2Fv2%2Fmedia&parent=2957"}],"wp:term":[{"taxonomy":"product_cat","embeddable":true,"href":"https:\/\/shop.garagestyger.ch\/index.php?rest_route=%2Fwp%2Fv2%2Fproduct_cat&post=2957"},{"taxonomy":"product_tag","embeddable":true,"href":"https:\/\/shop.garagestyger.ch\/index.php?rest_route=%2Fwp%2Fv2%2Fproduct_tag&post=2957"}],"curies":[{"name":"wp","href":"https:\/\/api.w.org\/{rel}","templated":true}]}}