{"id":2955,"date":"2022-08-09T06:59:22","date_gmt":"2022-08-09T06:59:22","guid":{"rendered":"https:\/\/shop.garagestyger.ch\/?post_type=product&#038;p=2955"},"modified":"2023-07-03T04:34:30","modified_gmt":"2023-07-03T04:34:30","slug":"duschkopf-lang","status":"publish","type":"product","link":"https:\/\/shop.garagestyger.ch\/?product=duschkopf-lang","title":{"rendered":"Road Shower Duschkopf lang"},"content":{"rendered":"<p>Bringen Sie den Luxus einer Dusche nach drau\u00dfen, indem Sie Ihre RoadShower mit diesem flexiblen Duschkopfaufsatz aufr\u00fcsten. Verbinden Sie es mit dem mitgelieferten Ausgang oder mit einem zweiten Ein\/Aus Winkelst\u00fcck (separat erh\u00e4ltlich).<\/p>\n<p>&nbsp;<\/p>\n<p><strong>PRODUKTDETAILS<\/strong><\/p>\n<p>-30&#8243; L\u00e4ngen (ca 76cm)<\/p>\n<p>-L\u00e4sst sich am Ein-\/Aus-Winkel der RoadShower mit Schnellverbindungsteilen f\u00fcr eine einfache Installation und Demontage befestigen.<\/p>\n<p>-Flexibler Hals und variabler Brausekopf f\u00fcr die perfekte Dusche.<\/p>\n<p>-Die Duschd\u00fcse hat einen geringen Durchfluss mit hohem Druck, um gespeichertes Wasser effizient zu nutzen.<\/p>\n","protected":false},"excerpt":{"rendered":"<p>Bringen Sie den Luxus einer Dusche nach drau\u00dfen, indem Sie Ihre RoadShower mit diesem flexiblen Duschkopfaufsatz aufr\u00fcsten. Verbinden Sie es mit dem mitgelieferten Ausgang oder mit einem zweiten Ein\/Aus Winkelst\u00fcck (separat erh\u00e4ltlich). &nbsp; PRODUKTDETAILS -30&#8243; L\u00e4ngen (ca 76cm) -L\u00e4sst sich am Ein-\/Aus-Winkel der RoadShower mit Schnellverbindungsteilen f\u00fcr eine einfache Installation und Demontage befestigen. -Flexibler Hals [&hellip;]<\/p>\n","protected":false},"featured_media":2956,"comment_status":"open","ping_status":"closed","template":"","meta":[],"product_cat":[844,15,30,400],"product_tag":[847,851,848,849],"_links":{"self":[{"href":"https:\/\/shop.garagestyger.ch\/index.php?rest_route=\/wp\/v2\/product\/2955"}],"collection":[{"href":"https:\/\/shop.garagestyger.ch\/index.php?rest_route=\/wp\/v2\/product"}],"about":[{"href":"https:\/\/shop.garagestyger.ch\/index.php?rest_route=\/wp\/v2\/types\/product"}],"replies":[{"embeddable":true,"href":"https:\/\/shop.garagestyger.ch\/index.php?rest_route=%2Fwp%2Fv2%2Fcomments&post=2955"}],"wp:featuredmedia":[{"embeddable":true,"href":"https:\/\/shop.garagestyger.ch\/index.php?rest_route=\/wp\/v2\/media\/2956"}],"wp:attachment":[{"href":"https:\/\/shop.garagestyger.ch\/index.php?rest_route=%2Fwp%2Fv2%2Fmedia&parent=2955"}],"wp:term":[{"taxonomy":"product_cat","embeddable":true,"href":"https:\/\/shop.garagestyger.ch\/index.php?rest_route=%2Fwp%2Fv2%2Fproduct_cat&post=2955"},{"taxonomy":"product_tag","embeddable":true,"href":"https:\/\/shop.garagestyger.ch\/index.php?rest_route=%2Fwp%2Fv2%2Fproduct_tag&post=2955"}],"curies":[{"name":"wp","href":"https:\/\/api.w.org\/{rel}","templated":true}]}}