{"id":2949,"date":"2022-08-09T06:46:29","date_gmt":"2022-08-09T06:46:29","guid":{"rendered":"https:\/\/shop.garagestyger.ch\/?post_type=product&#038;p=2949"},"modified":"2022-12-05T07:29:01","modified_gmt":"2022-12-05T07:29:01","slug":"road-shower-groesse-m","status":"publish","type":"product","link":"https:\/\/shop.garagestyger.ch\/?product=road-shower-groesse-m","title":{"rendered":"Road Shower Gr\u00f6sse M"},"content":{"rendered":"<p>Sandige F\u00fc\u00dfe, schmutzige Pfoten und schlammbedeckte Fahrr\u00e4der. Die Road Shower ist Ihr treuer Begleiter f\u00fcr den Komfort von Druckwasser mitten im Nirgendwo. Durch die zuverl\u00e4ssige Befestigung an Ihrem Fahrzeug oder Anh\u00e4nger k\u00f6nnen Sie sich frei bewegen. Und w\u00e4hrend Sie sich vergn\u00fcgen, heizt die Sonne das Wasser im Tank auf. \u00dcberpr\u00fcfen Sie das Thermometer und genie\u00dfen Sie eine hei\u00dfe, von der Sonne angetriebene Dusche oder spritzen Sie Mac-n-Cheese von den Gerichten des Campingplatzes ab.<\/p>\n<p>&nbsp;<\/p>\n<p><strong>PRODUKTDETAILS<\/strong><\/p>\n<p>-Erh\u00e4ltlich in den Gr\u00f6\u00dfen 4, 7 und 10 Gallonen.<\/p>\n<p>-Das patentierte Design ist robust mit einer geschwei\u00dften Aluminiumkonstruktion und einer langlebigen Pulverbeschichtung.<\/p>\n<p>-Die gro\u00dfe Top-Cap erm\u00f6glicht ein einfaches Bef\u00fcllen.<\/p>\n<p>-Setzen Sie den Tank \u00fcber das Schrader-Luftventil oder einen Gartenschlauch unter Druck.<\/p>\n<p>-Mit Hand- oder Elektropumpe unter Druck setzen &#8211; Eingebautes Druckentlastungsventil sicher und automatisch bei 55 psi (max.).<\/p>\n<p>-Der mitgelieferte Gartenschlauchadapter nutzt den Druck Ihres Wasserauslaufs zu Hause und f\u00fcllt und setzt ihn gleichzeitig unter Druck.<\/p>\n<p>-Enth\u00e4lt einen aufklebbaren Thermometerstreifen f\u00fcr die Au\u00dfenseite des Tanks.<\/p>\n<p>-Beinhaltet zwei Auslasswasseranschl\u00fcsse, einen an jedem Ende, f\u00fcr bequemen Wasserzugang.<\/p>\n<p>-Enthaltene Schlauchl\u00e4ngen: 4G und 7G &#8211; 55&#8243;, 10G &#8211; 81&#8243;.<\/p>\n<p>-Schl\u00f6sser am Dachtr\u00e4ger mit mitgelieferten SKS-Schl\u00f6ssern f\u00fcr zus\u00e4tzliche Sicherheit<\/p>\n<p>-Universal-Befestigungsteile aus Edelstahl passen auf alle Yakima\u00ae-Quertr\u00e4ger und die meisten anderen Dachtr\u00e4ger.<\/p>\n<p>-1 Jahr eingeschr\u00e4nkte Garantie.<\/p>\n<p>-RoadShower 7G mit 7 Gallonen Wasser \u2013 ca 26.5 Liter<\/p>\n","protected":false},"excerpt":{"rendered":"<p>Sandige F\u00fc\u00dfe, schmutzige Pfoten und schlammbedeckte Fahrr\u00e4der. Die Road Shower ist Ihr treuer Begleiter f\u00fcr den Komfort von Druckwasser mitten im Nirgendwo. Durch die zuverl\u00e4ssige Befestigung an Ihrem Fahrzeug oder Anh\u00e4nger k\u00f6nnen Sie sich frei bewegen. Und w\u00e4hrend Sie sich vergn\u00fcgen, heizt die Sonne das Wasser im Tank auf. \u00dcberpr\u00fcfen Sie das Thermometer und genie\u00dfen [&hellip;]<\/p>\n","protected":false},"featured_media":2950,"comment_status":"open","ping_status":"closed","template":"","meta":[],"product_cat":[844,15,30,400],"product_tag":[744,743,848,849],"_links":{"self":[{"href":"https:\/\/shop.garagestyger.ch\/index.php?rest_route=\/wp\/v2\/product\/2949"}],"collection":[{"href":"https:\/\/shop.garagestyger.ch\/index.php?rest_route=\/wp\/v2\/product"}],"about":[{"href":"https:\/\/shop.garagestyger.ch\/index.php?rest_route=\/wp\/v2\/types\/product"}],"replies":[{"embeddable":true,"href":"https:\/\/shop.garagestyger.ch\/index.php?rest_route=%2Fwp%2Fv2%2Fcomments&post=2949"}],"wp:featuredmedia":[{"embeddable":true,"href":"https:\/\/shop.garagestyger.ch\/index.php?rest_route=\/wp\/v2\/media\/2950"}],"wp:attachment":[{"href":"https:\/\/shop.garagestyger.ch\/index.php?rest_route=%2Fwp%2Fv2%2Fmedia&parent=2949"}],"wp:term":[{"taxonomy":"product_cat","embeddable":true,"href":"https:\/\/shop.garagestyger.ch\/index.php?rest_route=%2Fwp%2Fv2%2Fproduct_cat&post=2949"},{"taxonomy":"product_tag","embeddable":true,"href":"https:\/\/shop.garagestyger.ch\/index.php?rest_route=%2Fwp%2Fv2%2Fproduct_tag&post=2949"}],"curies":[{"name":"wp","href":"https:\/\/api.w.org\/{rel}","templated":true}]}}