{"id":2934,"date":"2022-06-28T13:35:02","date_gmt":"2022-06-28T13:35:02","guid":{"rendered":"https:\/\/shop.garagestyger.ch\/?post_type=product&#038;p=2934"},"modified":"2023-04-11T19:07:15","modified_gmt":"2023-04-11T19:07:15","slug":"duschzelt-mit-regenhaube-vickywood-schwarz-100cm-x-180-cm","status":"publish","type":"product","link":"https:\/\/shop.garagestyger.ch\/?product=duschzelt-mit-regenhaube-vickywood-schwarz-100cm-x-180-cm","title":{"rendered":"Duschzelt mit Regenhaube Vickywood schwarz 100cm x 180 cm"},"content":{"rendered":"<h5 class=\"et_pb_toggle_title\">Beschreibung<\/h5>\n<div class=\"et_pb_toggle_content clearfix\">\n<p>Neben dem Auto ungest\u00f6rt Duschen oder einfach nur in Ruhe umziehen? Dann ist das Duschzelt von Vickywood genau das Richtige f\u00fcr Dich.<\/p>\n<p>\u00dcber ein Schienensystem kannst du das Zelt individuell an deinem Dachtr\u00e4ger montieren. In weniger als zwei Minuten ist das Duschzelt einsatzbereit, da es sehr leicht \u00fcber zwei ausklappbare Leisten installierbar ist. Damit du deinen Wasserbeutel aufh\u00e4ngen kannst, findest du oben eine Vorrichtung. Nach unten hin ist das Duschzelt offen damit das Wasser ablaufen kann. Um deine Waschutensilien zu verstauen gibt es zwei Taschen.<\/p>\n<p>Um nicht im Dunkeln zu tappen, hat es im Zelt eine integrierte Innenbeleuchtung, welche \u00fcber einen USB Anschluss betrieben werden kann.<\/p>\n<p>Einfach, rasch zu installieren und vielseitig einsatzbereit. Deshalb ist dieses Zelt unsere Empfehlung zu jedem Dachzelt.<\/p>\n<\/div>\n","protected":false},"excerpt":{"rendered":"<p>Beschreibung Neben dem Auto ungest\u00f6rt Duschen oder einfach nur in Ruhe umziehen? Dann ist das Duschzelt von Vickywood genau das Richtige f\u00fcr Dich. \u00dcber ein Schienensystem kannst du das Zelt individuell an deinem Dachtr\u00e4ger montieren. In weniger als zwei Minuten ist das Duschzelt einsatzbereit, da es sehr leicht \u00fcber zwei ausklappbare Leisten installierbar ist. Damit [&hellip;]<\/p>\n","protected":false},"featured_media":2935,"comment_status":"open","ping_status":"closed","template":"","meta":[],"product_cat":[844,15,30,400],"product_tag":[743,845,846],"_links":{"self":[{"href":"https:\/\/shop.garagestyger.ch\/index.php?rest_route=\/wp\/v2\/product\/2934"}],"collection":[{"href":"https:\/\/shop.garagestyger.ch\/index.php?rest_route=\/wp\/v2\/product"}],"about":[{"href":"https:\/\/shop.garagestyger.ch\/index.php?rest_route=\/wp\/v2\/types\/product"}],"replies":[{"embeddable":true,"href":"https:\/\/shop.garagestyger.ch\/index.php?rest_route=%2Fwp%2Fv2%2Fcomments&post=2934"}],"wp:featuredmedia":[{"embeddable":true,"href":"https:\/\/shop.garagestyger.ch\/index.php?rest_route=\/wp\/v2\/media\/2935"}],"wp:attachment":[{"href":"https:\/\/shop.garagestyger.ch\/index.php?rest_route=%2Fwp%2Fv2%2Fmedia&parent=2934"}],"wp:term":[{"taxonomy":"product_cat","embeddable":true,"href":"https:\/\/shop.garagestyger.ch\/index.php?rest_route=%2Fwp%2Fv2%2Fproduct_cat&post=2934"},{"taxonomy":"product_tag","embeddable":true,"href":"https:\/\/shop.garagestyger.ch\/index.php?rest_route=%2Fwp%2Fv2%2Fproduct_tag&post=2934"}],"curies":[{"name":"wp","href":"https:\/\/api.w.org\/{rel}","templated":true}]}}