{"id":2917,"date":"2022-06-28T12:33:42","date_gmt":"2022-06-28T12:33:42","guid":{"rendered":"https:\/\/shop.garagestyger.ch\/?post_type=product&#038;p=2917"},"modified":"2022-06-28T12:33:42","modified_gmt":"2022-06-28T12:33:42","slug":"batwing-markise-rechts","status":"publish","type":"product","link":"https:\/\/shop.garagestyger.ch\/?product=batwing-markise-rechts","title":{"rendered":"Batwing Markise rechts"},"content":{"rendered":"<p>Die brandneue Batwing ist \u00e4u\u00dferst stilvoll und funktional und hat Eigenschaften, die auf \u00c4sthetik und einfache Bedienung ausgelegt sind. Mit 270 Grad Schatten und 11 m\u00b2 Abdeckungsfl\u00e4che ist die Batwing die perfekte Erg\u00e4nzung f\u00fcr jedes Abenteuer.Die Batwing besteht aus einem hochbelastbaren, wasser- und schimmelresistenten Material, das einen zertifizierten UPF 50 + hat und maximalen Sonnenschutz bietet. Alle Ihre bevorzugten Markisenzubeh\u00f6rteile, einschlie\u00dflich Seitenw\u00e4nde, Erweiterungen und Zelte, sind weiterhin kompatibel, wodurch die Abdeckungsfl\u00e4che noch gr\u00f6\u00dfer wird.<\/p>\n<p>&nbsp;<\/p>\n<div class=\"spec\">\n<p><strong>Ma\u00dfe<\/strong><br \/>\nHeight 2,300 mm \/ Length 2,500 mm \/ Width 2,500 mm<br \/>\n<strong>Ausstattung f\u00fcr Tr\u00e4gerstangentyp<\/strong><br \/>\nEuro Heavy Duty Vortex<br \/>\n<strong>Ausstattung f\u00fcr Heckablagentyp<\/strong><br \/>\nPioneer Platform<br \/>\n<strong>Material<\/strong><br \/>\nRip-Stop-Polycotton-Stoff<br \/>\n<strong>Montageposition<\/strong><br \/>\nRichtig<br \/>\n<strong>Produktgewicht<\/strong><br \/>\n21.5 kg<br \/>\n<strong>Garantie<\/strong><br \/>\n1 Jahr<br \/>\n<strong>Herkunftsland<\/strong><br \/>\nDesigned in Australia. Made in China.<\/p>\n<\/div>\n<div class=\"spec\">\n<div><\/div>\n<\/div>\n","protected":false},"excerpt":{"rendered":"<p>Die brandneue Batwing ist \u00e4u\u00dferst stilvoll und funktional und hat Eigenschaften, die auf \u00c4sthetik und einfache Bedienung ausgelegt sind. Mit 270 Grad Schatten und 11 m\u00b2 Abdeckungsfl\u00e4che ist die Batwing die perfekte Erg\u00e4nzung f\u00fcr jedes Abenteuer.Die Batwing besteht aus einem hochbelastbaren, wasser- und schimmelresistenten Material, das einen zertifizierten UPF 50 + hat und maximalen Sonnenschutz [&hellip;]<\/p>\n","protected":false},"featured_media":2918,"comment_status":"open","ping_status":"closed","template":"","meta":[],"product_cat":[733,15,30,400],"product_tag":[843,841,770,842],"_links":{"self":[{"href":"https:\/\/shop.garagestyger.ch\/index.php?rest_route=\/wp\/v2\/product\/2917"}],"collection":[{"href":"https:\/\/shop.garagestyger.ch\/index.php?rest_route=\/wp\/v2\/product"}],"about":[{"href":"https:\/\/shop.garagestyger.ch\/index.php?rest_route=\/wp\/v2\/types\/product"}],"replies":[{"embeddable":true,"href":"https:\/\/shop.garagestyger.ch\/index.php?rest_route=%2Fwp%2Fv2%2Fcomments&post=2917"}],"wp:featuredmedia":[{"embeddable":true,"href":"https:\/\/shop.garagestyger.ch\/index.php?rest_route=\/wp\/v2\/media\/2918"}],"wp:attachment":[{"href":"https:\/\/shop.garagestyger.ch\/index.php?rest_route=%2Fwp%2Fv2%2Fmedia&parent=2917"}],"wp:term":[{"taxonomy":"product_cat","embeddable":true,"href":"https:\/\/shop.garagestyger.ch\/index.php?rest_route=%2Fwp%2Fv2%2Fproduct_cat&post=2917"},{"taxonomy":"product_tag","embeddable":true,"href":"https:\/\/shop.garagestyger.ch\/index.php?rest_route=%2Fwp%2Fv2%2Fproduct_tag&post=2917"}],"curies":[{"name":"wp","href":"https:\/\/api.w.org\/{rel}","templated":true}]}}