{"id":2907,"date":"2022-06-07T05:38:10","date_gmt":"2022-06-07T05:38:10","guid":{"rendered":"https:\/\/shop.garagestyger.ch\/?post_type=product&#038;p=2907"},"modified":"2022-09-06T06:59:12","modified_gmt":"2022-09-06T06:59:12","slug":"easy-out-markise-2-5m-von-front-runner","status":"publish","type":"product","link":"https:\/\/shop.garagestyger.ch\/?product=easy-out-markise-2-5m-von-front-runner","title":{"rendered":"Easy-Out Markise 2.5m von Front Runner"},"content":{"rendered":"<ul>\n<li>Schneller und einfacher Aufbau zu zweit in unter 60 Sekunden.<\/li>\n<li>Wird schnell und einfach seitlich an Deinem Front Runner Dachtr\u00e4ger montiert und bietet sofortigen Sonnen- oder Regenschutz.<\/li>\n<li>Die wasserabweisende, UV-best\u00e4ndige Markise ist 2,50 m breit und reicht 2,10 m vom Montageprofil hinaus.<\/li>\n<li>Die leichten aber dennoch robusten vertikalen St\u00fctzstangen haben an ihrem Ende Spikes, sodass sie sicher im Boden befestigt werden k\u00f6nnen. Sie lassen sich auf eine maximale H\u00f6he von 2,40 m ausfahren, wodurch sie auch f\u00fcr h\u00f6here Fahrzeuge geeignet sind.<\/li>\n<li>Teleskopstangen mit Drehverschluss aus Aluminium und Sparrenstangen sowie Aluminiumsparren sorgen f\u00fcr Stabilit\u00e4t.<\/li>\n<li>Inklusive reflektierender Abspannleinen und Heringen, die Deine Markise auch bei windigen Wetterbedingungen stabilisieren.<\/li>\n<li>Die haltbare und strapazierf\u00e4hige PVC-beschichtete 650 g-Nylon Rei\u00dfverschlusstasche sch\u00fctzt die Markise w\u00e4hrend des Transports und w\u00e4hrend sie verstaut ist.<\/li>\n<li>Inklusive Universal-Installationszubeh\u00f6r. F\u00fcr beste Ergebnisse an Front Runner Dachtr\u00e4gern empfehlen wir ein Upgrade auf\u00a0<a href=\"https:\/\/www.frontrunneroutfitters.com\/de\/de\/quick-release-awning-mount-kit.html\">Quick Release Markisen Befestigungskit &#8211; von Front Runner<\/a>\u00a0oder\u00a0<a href=\"https:\/\/www.frontrunneroutfitters.com\/de\/de\/front-runner-awning-brackets.html\">Easy-Out Markisen-Halterung &#8211; von Front Runner<\/a>.<\/li>\n<li>Schaffe mit\u00a0<a href=\"https:\/\/www.frontrunneroutfitters.com\/de\/de\/wind-break-for-2-5m-awning-front.html\">Wind- und Sonnenschutz f\u00fcr 2,50 m Markise \/ Vorderseite &#8211; von Front Runner<\/a>\u00a0oder\u00a0<a href=\"https:\/\/www.frontrunneroutfitters.com\/de\/de\/wind-sun-break-for-2m-2-5m-awning-side.html\">Wind- und Sonnenschutz f\u00fcr 1,40 m \/ 2,00 m \/ 2,50 m Markise \/ Seite &#8211; von Front Runner<\/a>\u00a0vorne oder seitlich einen zus\u00e4tzlichen Sonnen- und Regenschutz.<\/li>\n<li>Mit\u00a0<a href=\"https:\/\/www.frontrunneroutfitters.com\/de\/de\/front-runner-easy-out-awning-3-wall-enclosure.html\">Easy-Out Seitenw\u00e4nde f\u00fcr 2,50 m Markise &#8211; von Front Runner<\/a>\u00a0oder\u00a0<a href=\"https:\/\/www.frontrunneroutfitters.com\/de\/de\/front-runner-easy-out-awning-mosquito-net.html\">Easy-Out Markise Moskitonetz\/ 2.5 m &#8211; von Front Runner<\/a>\u00a0verwandelst Du jede Markise in einen Zufluchtsort.<\/li>\n<li>L\u00e4sst sich einfach in die Rei\u00dfverschlusstasche einrollen, die permanent am Fahrzeug befestigt werden kann.<\/li>\n<li>Verwende die 3 Befestigungsschlaufen, um den\u00a0<a href=\"https:\/\/www.frontrunneroutfitters.com\/de\/de\/led-light-strip-1-2m.html\">LED Lichtstreifen \/ 1,20 m &#8211; von Front Runner<\/a>\u00a0zu installieren und den Raum unter der Markise zu beleuchten.<\/li>\n<\/ul>\n<p><strong>Inhalt:<\/strong><br \/>\n1 x Markise mit verstellbaren horizontalen und vertikalen St\u00fctzstangen<br \/>\n1 x Montageplatte mit strapazierf\u00e4higer Rei\u00dfverschlusstasche zur Aufbewahrung<br \/>\n2 x Heringe<br \/>\nAbspannseile<\/p>\n<p><strong>Material:<\/strong><br \/>\nMarkise: 400d Nylon-Ripstop-Oxford-Gewebe, UV-resistent (UPF 50+), PU-beschichtet 1500 mm wasserabweisend<br \/>\nRei\u00dfverschlusstasche: Strapazierf\u00e4higes 650g PVC-beschichtetes Nylon<\/p>\n<p><strong>Produktma\u00dfe:<\/strong><br \/>\nGeschlossen:<br \/>\n120 mm (L) x 2590 mm (B) x 120 mm (H)<\/p>\n<p>Ge\u00f6ffnet:<br \/>\n2100 mm (L) x 2500 mm (B) x 2400 mm (H) (maximale H\u00f6he)<\/p>\n<p><strong>Gewicht:<\/strong><br \/>\n13,5 kg<\/p>\n","protected":false},"excerpt":{"rendered":"<p>Schneller und einfacher Aufbau zu zweit in unter 60 Sekunden. Wird schnell und einfach seitlich an Deinem Front Runner Dachtr\u00e4ger montiert und bietet sofortigen Sonnen- oder Regenschutz. Die wasserabweisende, UV-best\u00e4ndige Markise ist 2,50 m breit und reicht 2,10 m vom Montageprofil hinaus. Die leichten aber dennoch robusten vertikalen St\u00fctzstangen haben an ihrem Ende Spikes, sodass [&hellip;]<\/p>\n","protected":false},"featured_media":2908,"comment_status":"open","ping_status":"closed","template":"","meta":[],"product_cat":[733,15,19,30,400],"product_tag":[838,770,840,839],"_links":{"self":[{"href":"https:\/\/shop.garagestyger.ch\/index.php?rest_route=\/wp\/v2\/product\/2907"}],"collection":[{"href":"https:\/\/shop.garagestyger.ch\/index.php?rest_route=\/wp\/v2\/product"}],"about":[{"href":"https:\/\/shop.garagestyger.ch\/index.php?rest_route=\/wp\/v2\/types\/product"}],"replies":[{"embeddable":true,"href":"https:\/\/shop.garagestyger.ch\/index.php?rest_route=%2Fwp%2Fv2%2Fcomments&post=2907"}],"wp:featuredmedia":[{"embeddable":true,"href":"https:\/\/shop.garagestyger.ch\/index.php?rest_route=\/wp\/v2\/media\/2908"}],"wp:attachment":[{"href":"https:\/\/shop.garagestyger.ch\/index.php?rest_route=%2Fwp%2Fv2%2Fmedia&parent=2907"}],"wp:term":[{"taxonomy":"product_cat","embeddable":true,"href":"https:\/\/shop.garagestyger.ch\/index.php?rest_route=%2Fwp%2Fv2%2Fproduct_cat&post=2907"},{"taxonomy":"product_tag","embeddable":true,"href":"https:\/\/shop.garagestyger.ch\/index.php?rest_route=%2Fwp%2Fv2%2Fproduct_tag&post=2907"}],"curies":[{"name":"wp","href":"https:\/\/api.w.org\/{rel}","templated":true}]}}