{"id":2898,"date":"2022-06-07T05:23:21","date_gmt":"2022-06-07T05:23:21","guid":{"rendered":"https:\/\/shop.garagestyger.ch\/?post_type=product&#038;p=2898"},"modified":"2022-07-20T08:47:10","modified_gmt":"2022-07-20T08:47:10","slug":"befestigungsstifte-set-matrax-xtreme-frontrunner","status":"publish","type":"product","link":"https:\/\/shop.garagestyger.ch\/?product=befestigungsstifte-set-matrax-xtreme-frontrunner","title":{"rendered":"Befestigungsstifte Set MATRAX XTREME Frontrunner"},"content":{"rendered":"<ul>\n<li>Ein Set von 4 schnell zu l\u00f6senden Befestigungsstiften, um 1 oder 2 Paar MAXTRAX XTREME Bergungsboards an\u00a0<a href=\"https:\/\/www.frontrunneroutfitters.com\/de\/de\/maxtrax-brackets.html\">Seitliche Universal-Halterung f\u00fcr Bergungsboards &#8211; von Front Runner<\/a>\u00a0oder andere MAXTRAX Befestigungssysteme zu montieren.<\/li>\n<li>Hergestellt aus schwarzem Nylon und Edelstahl.<\/li>\n<li>Ein Set besteht aus 4 Edelstahl Nyloc-Muttern und 4 Edelstahl Unterlegscheiben.<\/li>\n<li>Jeder Befestigungsstift hat ein \u00d6ffnung f\u00fcr ein Vorh\u00e4ngeschloss (nicht im Lieferumfang enthalten).<\/li>\n<\/ul>\n<p>HINWEIS: Dieses Set ist nur mit MAXTRAX XTREME kompatibel (MAXTRAX werden separat verkauft). Diese Befestigungsstifte lassen sich nicht direkt am Slimline II Dachtr\u00e4ger montieren.<\/p>\n","protected":false},"excerpt":{"rendered":"<p>Ein Set von 4 schnell zu l\u00f6senden Befestigungsstiften, um 1 oder 2 Paar MAXTRAX XTREME Bergungsboards an\u00a0Seitliche Universal-Halterung f\u00fcr Bergungsboards &#8211; von Front Runner\u00a0oder andere MAXTRAX Befestigungssysteme zu montieren. Hergestellt aus schwarzem Nylon und Edelstahl. Ein Set besteht aus 4 Edelstahl Nyloc-Muttern und 4 Edelstahl Unterlegscheiben. Jeder Befestigungsstift hat ein \u00d6ffnung f\u00fcr ein Vorh\u00e4ngeschloss (nicht [&hellip;]<\/p>\n","protected":false},"featured_media":2899,"comment_status":"open","ping_status":"closed","template":"","meta":[],"product_cat":[404,15,19,30,400],"product_tag":[751,834],"_links":{"self":[{"href":"https:\/\/shop.garagestyger.ch\/index.php?rest_route=\/wp\/v2\/product\/2898"}],"collection":[{"href":"https:\/\/shop.garagestyger.ch\/index.php?rest_route=\/wp\/v2\/product"}],"about":[{"href":"https:\/\/shop.garagestyger.ch\/index.php?rest_route=\/wp\/v2\/types\/product"}],"replies":[{"embeddable":true,"href":"https:\/\/shop.garagestyger.ch\/index.php?rest_route=%2Fwp%2Fv2%2Fcomments&post=2898"}],"wp:featuredmedia":[{"embeddable":true,"href":"https:\/\/shop.garagestyger.ch\/index.php?rest_route=\/wp\/v2\/media\/2899"}],"wp:attachment":[{"href":"https:\/\/shop.garagestyger.ch\/index.php?rest_route=%2Fwp%2Fv2%2Fmedia&parent=2898"}],"wp:term":[{"taxonomy":"product_cat","embeddable":true,"href":"https:\/\/shop.garagestyger.ch\/index.php?rest_route=%2Fwp%2Fv2%2Fproduct_cat&post=2898"},{"taxonomy":"product_tag","embeddable":true,"href":"https:\/\/shop.garagestyger.ch\/index.php?rest_route=%2Fwp%2Fv2%2Fproduct_tag&post=2898"}],"curies":[{"name":"wp","href":"https:\/\/api.w.org\/{rel}","templated":true}]}}