{"id":2895,"date":"2022-05-31T12:45:06","date_gmt":"2022-05-31T12:45:06","guid":{"rendered":"https:\/\/shop.garagestyger.ch\/?post_type=product&#038;p=2895"},"modified":"2022-05-31T12:46:29","modified_gmt":"2022-05-31T12:46:29","slug":"hi-lift-jack-1-2-meter","status":"publish","type":"product","link":"https:\/\/shop.garagestyger.ch\/?product=hi-lift-jack-1-2-meter","title":{"rendered":"Hi-Lift Jack 1.2 Meter"},"content":{"rendered":"<p>Der einzige Wagenheber, der weltweit aus hoch- und zugfestem Gusseisen, dem gleichen Material seit \u00fcber 100 Jahren, hergestellt wird.<\/p>\n<ul>\n<li>Vollst\u00e4ndig gegossene Konstruktion.<\/li>\n<li>3175 Kg gepr\u00fcfte Kapazit\u00e4t.<\/li>\n<li>1,20 m lang<\/li>\n<li>Die Oberseite ist serienm\u00e4\u00dfig mit einer Klemme f\u00fcr den Windenanschluss ausgestattet.<\/li>\n<li>Hochwertige und langlebige rotpulverbeschichtete Oberfl\u00e4che.<\/li>\n<li>Informationen zur sicheren Verwendung einschlie\u00dflich Angaben zur Nennlast und Bedienungsanleitung sind dem Produkt beigef\u00fcgt.<\/li>\n<li>Zweiteiliger Handgriff und Steckdose, die sich als die zuverl\u00e4ssigste und effektivste Konstruktion erwiesen haben.<\/li>\n<li>Aufz\u00fcge, Winden, Klemmen und mehr.<\/li>\n<\/ul>\n","protected":false},"excerpt":{"rendered":"<p>Der einzige Wagenheber, der weltweit aus hoch- und zugfestem Gusseisen, dem gleichen Material seit \u00fcber 100 Jahren, hergestellt wird. Vollst\u00e4ndig gegossene Konstruktion. 3175 Kg gepr\u00fcfte Kapazit\u00e4t. 1,20 m lang Die Oberseite ist serienm\u00e4\u00dfig mit einer Klemme f\u00fcr den Windenanschluss ausgestattet. Hochwertige und langlebige rotpulverbeschichtete Oberfl\u00e4che. Informationen zur sicheren Verwendung einschlie\u00dflich Angaben zur Nennlast und Bedienungsanleitung [&hellip;]<\/p>\n","protected":false},"featured_media":2896,"comment_status":"open","ping_status":"closed","template":"","meta":[],"product_cat":[404,15,399,19,30,400],"product_tag":[832,831,833,207],"_links":{"self":[{"href":"https:\/\/shop.garagestyger.ch\/index.php?rest_route=\/wp\/v2\/product\/2895"}],"collection":[{"href":"https:\/\/shop.garagestyger.ch\/index.php?rest_route=\/wp\/v2\/product"}],"about":[{"href":"https:\/\/shop.garagestyger.ch\/index.php?rest_route=\/wp\/v2\/types\/product"}],"replies":[{"embeddable":true,"href":"https:\/\/shop.garagestyger.ch\/index.php?rest_route=%2Fwp%2Fv2%2Fcomments&post=2895"}],"wp:featuredmedia":[{"embeddable":true,"href":"https:\/\/shop.garagestyger.ch\/index.php?rest_route=\/wp\/v2\/media\/2896"}],"wp:attachment":[{"href":"https:\/\/shop.garagestyger.ch\/index.php?rest_route=%2Fwp%2Fv2%2Fmedia&parent=2895"}],"wp:term":[{"taxonomy":"product_cat","embeddable":true,"href":"https:\/\/shop.garagestyger.ch\/index.php?rest_route=%2Fwp%2Fv2%2Fproduct_cat&post=2895"},{"taxonomy":"product_tag","embeddable":true,"href":"https:\/\/shop.garagestyger.ch\/index.php?rest_route=%2Fwp%2Fv2%2Fproduct_tag&post=2895"}],"curies":[{"name":"wp","href":"https:\/\/api.w.org\/{rel}","templated":true}]}}