{"id":2893,"date":"2022-05-31T12:41:38","date_gmt":"2022-05-31T12:41:38","guid":{"rendered":"https:\/\/shop.garagestyger.ch\/?post_type=product&#038;p=2893"},"modified":"2022-09-06T12:14:48","modified_gmt":"2022-09-06T12:14:48","slug":"fx-1000-cb-sm-zusatzscheinwerfer-led-12v-24v-kombilicht-osram","status":"publish","type":"product","link":"https:\/\/shop.garagestyger.ch\/?product=fx-1000-cb-sm-zusatzscheinwerfer-led-12v-24v-kombilicht-osram","title":{"rendered":"FX-1000-CB SM Zusatzscheinwerfer LED 12V \/ 24V Kombilicht Osram"},"content":{"rendered":"<h3 class=\"font-headline-text-bold orange\">Bringing light to life mit den OSRAM LEDriving Zusatz- und Arbeitsscheinwerfern<\/h3>\n<div class=\"product-text\">\n<div class=\"space-paragraph\" data-attr-id=\"ZPIM1TE00821\">Beachtliche Weitsicht auf dunklen Landstra\u00dfen, Waldwegen und im Gel\u00e4nde, on-road und off-road\u2013 das kann man mit der OSRAM LEDriving Lightbar FX1000-CB SM erreichen. Mit 40 langlebigen Hochleistungs-LEDs erreicht die OSRAM Lightbar FX1000-CB SM eine Reichweite von bis zu 635 Metern und bietet dem Fahrer somit eindrucksvolle Weitsicht auf der Stra\u00dfe und im Gel\u00e4nde. Auch bei D\u00e4mmerlicht und verminderten Sichtweiten durch \u00e4u\u00dfere Umwelteinfl\u00fcsse kann die OSRAM LEDriving Lightbar FX1000-CB SM mit bis zu 6000 Kelvin f\u00fcr tageslicht\u00e4hnliche Verh\u00e4ltnisse sorgen. Das Kraftpaket mit bis zu 8000 Lumen Leuchtkraft punktet mit h\u00f6chster optischer Effizienz und homogener Lichtverteilung. Dadurch ergibt sich die M\u00f6glichkeit einer verbesserten Sicht f\u00fcr Sie und die verbesserte Sichtbarkeit Ihres Fahrzeugs durch andere Verkehrsteilnehmer, infolgedessen auch eine erh\u00f6hte Sicherheit on-road und off-road.<br \/>\nOb on-road oder off-road \u2013 die OSRAM LEDriving Lightbar FX1000-CB SM \u00fcberzeugt durch ihre starke Leistung und eine hohe Lebensdauer mit bis zu 5000 Stunden. Vielseitig einsetzbar trotzt sie zahlreichen Umwelteinfl\u00fcssen und ist dank hochwertig verarbeiteter Materialien, wie dem Aluminiumgeh\u00e4use und der stabilen Polycarbonatscheibe, besonders leicht und gleichzeitig robust und widerstandsf\u00e4hig. Die OSRAM LEDriving Lightbar FX1000-CB SM wurde in unserem DIN zertifizierten Umweltsimulationslabor auf extreme \u00e4u\u00dfere Einfl\u00fcsse in Bezug auf Wasser, Staub, St\u00f6\u00dfe, Hitze, K\u00e4lte und dauerhafte Vibration getestet und mit der IP-Schutzklasse IP69K validiert. Das integrierte W\u00e4rmemanagementsystem reguliert die Temperatur des LED-Scheinwerfers und kann so Sch\u00e4den durch \u00dcberhitzung verhindern. Der Polarit\u00e4tsschutz hemmt bei der Spannungsversorgung die falsche Verpolung und kann dadurch m\u00f6gliche Sch\u00e4den, durch das automatische Abschalten der LEDs, abwenden. On-Road und Off-Road ist die OSRAM LEDriving Lightbar FX1000-CB SM eine effektive und effiziente Erg\u00e4nzung f\u00fcr ihr Fahrzeug. F\u00fcr diese ECE zertifizierten LED-Zusatzscheinwerfer ist keine Registrierung und keine Eintragung in den Fahrzeugpapieren notwendig<sup>2)<\/sup>.<br \/>\nECE Referenznummer: 50+50<br \/>\nAngebracht werden kann der LED-Scheinwerfer an Autos, Lastkraftwagen, Landmaschinen, Forstmaschinen, Nutzfahrzeugen, Baufahrzeugen, Wohnwagen, Gel\u00e4ndefahrzeugen und Quads<sup>2)<\/sup>.<br \/>\nDie OSRAM LEDriving Lightbar FX1000-CB SM: Vielseitig anwendbar und flexibel einsetzbar.<\/div>\n<\/div>\n","protected":false},"excerpt":{"rendered":"<p>Bringing light to life mit den OSRAM LEDriving Zusatz- und Arbeitsscheinwerfern Beachtliche Weitsicht auf dunklen Landstra\u00dfen, Waldwegen und im Gel\u00e4nde, on-road und off-road\u2013 das kann man mit der OSRAM LEDriving Lightbar FX1000-CB SM erreichen. Mit 40 langlebigen Hochleistungs-LEDs erreicht die OSRAM Lightbar FX1000-CB SM eine Reichweite von bis zu 635 Metern und bietet dem Fahrer [&hellip;]<\/p>\n","protected":false},"featured_media":2894,"comment_status":"open","ping_status":"closed","template":"","meta":[],"product_cat":[403,15,399,20,400],"product_tag":[386,830,395,377,829],"_links":{"self":[{"href":"https:\/\/shop.garagestyger.ch\/index.php?rest_route=\/wp\/v2\/product\/2893"}],"collection":[{"href":"https:\/\/shop.garagestyger.ch\/index.php?rest_route=\/wp\/v2\/product"}],"about":[{"href":"https:\/\/shop.garagestyger.ch\/index.php?rest_route=\/wp\/v2\/types\/product"}],"replies":[{"embeddable":true,"href":"https:\/\/shop.garagestyger.ch\/index.php?rest_route=%2Fwp%2Fv2%2Fcomments&post=2893"}],"wp:featuredmedia":[{"embeddable":true,"href":"https:\/\/shop.garagestyger.ch\/index.php?rest_route=\/wp\/v2\/media\/2894"}],"wp:attachment":[{"href":"https:\/\/shop.garagestyger.ch\/index.php?rest_route=%2Fwp%2Fv2%2Fmedia&parent=2893"}],"wp:term":[{"taxonomy":"product_cat","embeddable":true,"href":"https:\/\/shop.garagestyger.ch\/index.php?rest_route=%2Fwp%2Fv2%2Fproduct_cat&post=2893"},{"taxonomy":"product_tag","embeddable":true,"href":"https:\/\/shop.garagestyger.ch\/index.php?rest_route=%2Fwp%2Fv2%2Fproduct_tag&post=2893"}],"curies":[{"name":"wp","href":"https:\/\/api.w.org\/{rel}","templated":true}]}}