{"id":2887,"date":"2022-05-24T13:46:08","date_gmt":"2022-05-24T13:46:08","guid":{"rendered":"https:\/\/shop.garagestyger.ch\/?post_type=product&#038;p=2887"},"modified":"2022-05-24T13:46:08","modified_gmt":"2022-05-24T13:46:08","slug":"dachtraeger-wingbar-evo-135cm","status":"publish","type":"product","link":"https:\/\/shop.garagestyger.ch\/?product=dachtraeger-wingbar-evo-135cm","title":{"rendered":"Dachtr\u00e4ger Wingbar EVO 135cm"},"content":{"rendered":"<p>Hochwertige aerodynamische Laststreben sorgen f\u00fcr eine au\u00dfergew\u00f6hnlich ruhige Fahrt und einfaches Anbringen von Zubeh\u00f6r. Zweierpack.<\/p>\n<p>&nbsp;<\/p>\n<ul>\n<li><span data-original=\"Traverse f\u00fcr Thule Evo Dachtr\u00e4gersystem\" data-withplaceholders=\"\">Traverse f\u00fcr Thule Evo Dachtr\u00e4gersystem<\/span><\/li>\n<li class=\"show-image-on-click\" data-bs-target=\"#allfeatures-image-slider\" data-bs-slide-to=\"2\"><span data-original=\"Die WindDiffuser-Technologie unterbricht den Luftstrom und sorgt f\u00fcr weniger Ger\u00e4usche und Luftwiderstand sowie f\u00fcr geringeren Kraftstoffverbrauch\" data-withplaceholders=\"\">Die WindDiffuser-Technologie unterbricht den Luftstrom und sorgt f\u00fcr weniger Ger\u00e4usche und Luftwiderstand sowie f\u00fcr geringeren Kraftstoffverbrauch<\/span><\/li>\n<li class=\"show-image-on-click active\" data-bs-target=\"#allfeatures-image-slider\" data-bs-slide-to=\"0\"><span data-original=\"Das TrailEdge-Design reduziert den Luftwiderstand durch Trennung der Luft vom Tr\u00e4ger\" data-withplaceholders=\"\">Das TrailEdge-Design reduziert den Luftwiderstand durch Trennung der Luft vom Tr\u00e4ger<\/span><\/li>\n<li class=\"show-image-on-click\" data-bs-target=\"#allfeatures-image-slider\" data-bs-slide-to=\"1\"><span data-original=\"Die verschiebbare L\u00e4ngenskala SmartSlides dient auch als aerodynamische Abdeckung unter dem Tr\u00e4ger und erm\u00f6glicht eine schnelle und problemlose Tr\u00e4germontage\" data-withplaceholders=\"\">Die verschiebbare L\u00e4ngenskala SmartSlides dient auch als aerodynamische Abdeckung unter dem Tr\u00e4ger und erm\u00f6glicht eine schnelle und problemlose Tr\u00e4germontage<\/span><\/li>\n<li class=\"show-image-on-click\" data-bs-target=\"#allfeatures-image-slider\" data-bs-slide-to=\"2\"><span data-original=\"Die SwingBlade-Endkappe l\u00e4sst sich \u00f6ffnen und gew\u00e4hrt Zugang zur T-Nut f\u00fcr ein leichtes Anbringen von Zubeh\u00f6r\" data-withplaceholders=\"\">Die SwingBlade-Endkappe l\u00e4sst sich \u00f6ffnen und gew\u00e4hrt Zugang zur T-Nut f\u00fcr ein leichtes Anbringen von Zubeh\u00f6r<\/span><\/li>\n<li class=\"show-image-on-click\" data-bs-target=\"#allfeatures-image-slider\" data-bs-slide-to=\"3\"><span data-original=\"Oberes T-Profil mit QuickAccess erlaubt das einfache Anbringen und Abnehmen von Zubeh\u00f6r\" data-withplaceholders=\"\">Oberes T-Profil mit QuickAccess erlaubt das einfache Anbringen und Abnehmen von Zubeh\u00f6r<\/span><\/li>\n<li><span data-original=\"Die interne BoxBeam-Struktur sorgt f\u00fcr eine au\u00dfergew\u00f6hnlich stabile Laststrebe\" data-withplaceholders=\"\">Die interne BoxBeam-Struktur sorgt f\u00fcr eine au\u00dfergew\u00f6hnlich stabile Laststrebe<\/span><\/li>\n<li><span data-original=\"Mit der Thule Kaufhilfe finden Sie den passenden Lastentr\u00e4ger f\u00fcr Ihr Fahrzeug\" data-withplaceholders=\"\">Mit der Thule Kaufhilfe finden Sie den passenden Lastentr\u00e4ger f\u00fcr Ihr Fahrzeug<\/span><\/li>\n<\/ul>\n<table>\n<tbody>\n<tr>\n<th>Breite der Auflagefl\u00e4che<\/th>\n<td>135 cm<\/td>\n<\/tr>\n<tr>\n<th>L\u00e4nge (cm)<\/th>\n<td>135 cm<\/td>\n<\/tr>\n<tr>\n<th>Maximale Zuladung<\/th>\n<td>100\u00a0kg. Bitte pr\u00fcfen Sie auch die maximale Dachlast Ihres Fahrzeugs.<\/td>\n<\/tr>\n<tr>\n<th>Mit T-Nuten<\/th>\n<td>ja<\/td>\n<\/tr>\n<tr>\n<th>Schl\u00f6sser im Lieferumfang enthalten<\/th>\n<td>nein<\/td>\n<\/tr>\n<tr>\n<th>Modellnummer<\/th>\n<td>711400<\/td>\n<\/tr>\n<\/tbody>\n<\/table>\n","protected":false},"excerpt":{"rendered":"<p>Hochwertige aerodynamische Laststreben sorgen f\u00fcr eine au\u00dfergew\u00f6hnlich ruhige Fahrt und einfaches Anbringen von Zubeh\u00f6r. Zweierpack. &nbsp; Traverse f\u00fcr Thule Evo Dachtr\u00e4gersystem Die WindDiffuser-Technologie unterbricht den Luftstrom und sorgt f\u00fcr weniger Ger\u00e4usche und Luftwiderstand sowie f\u00fcr geringeren Kraftstoffverbrauch Das TrailEdge-Design reduziert den Luftwiderstand durch Trennung der Luft vom Tr\u00e4ger Die verschiebbare L\u00e4ngenskala SmartSlides dient auch als [&hellip;]<\/p>\n","protected":false},"featured_media":2888,"comment_status":"open","ping_status":"closed","template":"","meta":[],"product_cat":[404,733,15,30,400],"product_tag":[124,828,827],"_links":{"self":[{"href":"https:\/\/shop.garagestyger.ch\/index.php?rest_route=\/wp\/v2\/product\/2887"}],"collection":[{"href":"https:\/\/shop.garagestyger.ch\/index.php?rest_route=\/wp\/v2\/product"}],"about":[{"href":"https:\/\/shop.garagestyger.ch\/index.php?rest_route=\/wp\/v2\/types\/product"}],"replies":[{"embeddable":true,"href":"https:\/\/shop.garagestyger.ch\/index.php?rest_route=%2Fwp%2Fv2%2Fcomments&post=2887"}],"wp:featuredmedia":[{"embeddable":true,"href":"https:\/\/shop.garagestyger.ch\/index.php?rest_route=\/wp\/v2\/media\/2888"}],"wp:attachment":[{"href":"https:\/\/shop.garagestyger.ch\/index.php?rest_route=%2Fwp%2Fv2%2Fmedia&parent=2887"}],"wp:term":[{"taxonomy":"product_cat","embeddable":true,"href":"https:\/\/shop.garagestyger.ch\/index.php?rest_route=%2Fwp%2Fv2%2Fproduct_cat&post=2887"},{"taxonomy":"product_tag","embeddable":true,"href":"https:\/\/shop.garagestyger.ch\/index.php?rest_route=%2Fwp%2Fv2%2Fproduct_tag&post=2887"}],"curies":[{"name":"wp","href":"https:\/\/api.w.org\/{rel}","templated":true}]}}