{"id":2880,"date":"2022-05-17T14:25:34","date_gmt":"2022-05-17T14:25:34","guid":{"rendered":"https:\/\/shop.garagestyger.ch\/?post_type=product&#038;p=2880"},"modified":"2022-06-21T13:15:29","modified_gmt":"2022-06-21T13:15:29","slug":"dachzelt-aluminium-14-5-cm-hoehe","status":"publish","type":"product","link":"https:\/\/shop.garagestyger.ch\/?product=dachzelt-aluminium-14-5-cm-hoehe","title":{"rendered":"Dachzelt Aluminium 14.5 cm H\u00f6he"},"content":{"rendered":"<p><strong>das flachste Dachzelt in Aluminium<\/strong><\/p>\n<p>Hard Shell Tent Aluminium, geschlossen: 215cm x 140cm x 14.5cm<\/p>\n<p>Diese Konstruktion ist das flachste Aluminium &#8211; Dachzelt auf dem Markt.<\/p>\n<p>Das Modell 2022 ist ab sofort in unserer neuen Ausstellung jederzeit zu besichtigen.<\/p>\n<p>Modell 2022 mit gr\u00f6sserer Liegefl.: 202cm x 135cm bei aufgestelltem Dach ca. 150cm H\u00f6he,<\/p>\n<p>automatische \u00d6ffnung durch beidseitige D\u00e4mpfer, Zurrgurt zur Schliessung,<\/p>\n<p>sehr schnelles \u00f6ffnen und schlissen, s\u00e4mtliche Beschl\u00e4ge + Leiteraufnahmen und Schrauben in Edelstahl (V2A) gefertigt (ausser Nieten im Innenbereich), Einstieg von drei Seiten m\u00f6glich, 5cm Matratze es besteht die M\u00f6glichkeit eine Isomatte zu verlegen, 2 Seitenfenster und mit einem \u00fcberdachtem Heckeinstieg, leichter und flacher Dachtr\u00e4ger integriert mit 2 Quertr\u00e4gern f\u00fcr max. 60Kg Zuladung, die Montage ist auf allen handels\u00fcblichen Quertr\u00e4gersystemen m\u00f6glich, gerne \u00fcbernehmen wir die Montage auf ihrem Fahrzeug, zzgl. 99,- CHF pauschal f\u00fcr den Aufbau und der Montage.<\/p>\n<p>Zeltstoff: 280G Polycotton mit PU Beschichtung, Rainfly 600D Oxford, Wassers\u00e4ule:<\/p>\n<p>3000 mm &#8211; 10000 mm WS, Zeltstoff innen: Baumwoll-Leinen hitzeabsorbierend beschichtet, Teleskopleiter ca. 2.2m, Zeltfarbe: in Grau noch erh\u00e4ltlich, Aussenfarbe: Schwarz gepulvert.<\/p>\n<p>Gewicht: ca. 70Kg, Lieferzeit: sofort, aus unserer eigenen Fertigung. Eine Besichtigung ist jeder Zeit m\u00f6glich. Optionen: Awning\/Markise mit 270\u00b0 (ohne Stangen und Schn\u00fcre) ist auch sofort lieferbar.<\/p>\n","protected":false},"excerpt":{"rendered":"<p>das flachste Dachzelt in Aluminium Hard Shell Tent Aluminium, geschlossen: 215cm x 140cm x 14.5cm Diese Konstruktion ist das flachste Aluminium &#8211; Dachzelt auf dem Markt. Das Modell 2022 ist ab sofort in unserer neuen Ausstellung jederzeit zu besichtigen. Modell 2022 mit gr\u00f6sserer Liegefl.: 202cm x 135cm bei aufgestelltem Dach ca. 150cm H\u00f6he, automatische \u00d6ffnung [&hellip;]<\/p>\n","protected":false},"featured_media":2881,"comment_status":"open","ping_status":"closed","template":"","meta":[],"product_cat":[404,733,15,30,400],"product_tag":[825,826,24,738],"_links":{"self":[{"href":"https:\/\/shop.garagestyger.ch\/index.php?rest_route=\/wp\/v2\/product\/2880"}],"collection":[{"href":"https:\/\/shop.garagestyger.ch\/index.php?rest_route=\/wp\/v2\/product"}],"about":[{"href":"https:\/\/shop.garagestyger.ch\/index.php?rest_route=\/wp\/v2\/types\/product"}],"replies":[{"embeddable":true,"href":"https:\/\/shop.garagestyger.ch\/index.php?rest_route=%2Fwp%2Fv2%2Fcomments&post=2880"}],"wp:featuredmedia":[{"embeddable":true,"href":"https:\/\/shop.garagestyger.ch\/index.php?rest_route=\/wp\/v2\/media\/2881"}],"wp:attachment":[{"href":"https:\/\/shop.garagestyger.ch\/index.php?rest_route=%2Fwp%2Fv2%2Fmedia&parent=2880"}],"wp:term":[{"taxonomy":"product_cat","embeddable":true,"href":"https:\/\/shop.garagestyger.ch\/index.php?rest_route=%2Fwp%2Fv2%2Fproduct_cat&post=2880"},{"taxonomy":"product_tag","embeddable":true,"href":"https:\/\/shop.garagestyger.ch\/index.php?rest_route=%2Fwp%2Fv2%2Fproduct_tag&post=2880"}],"curies":[{"name":"wp","href":"https:\/\/api.w.org\/{rel}","templated":true}]}}