{"id":2863,"date":"2022-05-10T13:44:46","date_gmt":"2022-05-10T13:44:46","guid":{"rendered":"https:\/\/shop.garagestyger.ch\/?post_type=product&#038;p=2863"},"modified":"2022-05-10T13:45:18","modified_gmt":"2022-05-10T13:45:18","slug":"osram-led-lightbar-fx250-cb","status":"publish","type":"product","link":"https:\/\/shop.garagestyger.ch\/?product=osram-led-lightbar-fx250-cb","title":{"rendered":"FX250-CB LED Lightbar Osram"},"content":{"rendered":"<ul>\n<li>Die 10 intensiven Hochleistungs-LEDs erreichen eine Entfernung von 320 m bei einer Leuchtkraft von 2700 Lumen.<\/li>\n<li>Die 6000 Kelvin sorgen f\u00fcr tageslicht\u00e4hnliche Verh\u00e4ltnisse bei einer gleichm\u00e4\u00dfigen Verteilung in einem 5-Grad-Winkel.<\/li>\n<li>Das intelligente Reflektordesign lenkt das Licht der LEDs um, so dass der Gegenverkehr nur indirekt dem Licht ausgesetzt wird.<\/li>\n<li>Um seine breite Palette von Anwendungen unterzubringen, ist das Suchlicht mit einer langlebigen Polycarbonat-Linse ausgestattet.<\/li>\n<li>Das integrierte Treiber- und W\u00e4rmemanagementsystem reguliert die Temperatur des LED-Scheinwerfers f\u00fcrs Auto und verhindert so Sch\u00e4den durch \u00dcberhitzung.<\/li>\n<li>Die 12 V \/ 24 V LED-Leuchtleiste ist ECE-konform und vielseitig einsetzbar und nicht nur auf den Einsatz in der Automobilindustrie beschr\u00e4nkt.<\/li>\n<li>Kann am Front Runner Slimline II Dachtr\u00e4ger mit Hilfe von\u00a0<a href=\"https:\/\/www.frontrunneroutfitters.com\/de\/de\/led-light-bar-2700-5500-lm-combo-spot-mbracket.html\">12&#8243; \/ 22&#8243; LED Zusatzscheinwerfer-Halterung \/ Osram FX250-SP \/ FX250-CB \/ FX500-SP \/ FX500-CB &#8211; von Front Runner<\/a>\u00a0sicher befestigt werden.<\/li>\n<li>Optional sind\u00a0<a href=\"https:\/\/www.frontrunneroutfitters.com\/de\/de\/led-light-bar-wire-harness-ax-2ls.html\">LED Lightbar Kabelbaum AX 2LS &#8211; von OSRAM<\/a>\u00a0oder\u00a0<a href=\"https:\/\/www.frontrunneroutfitters.com\/de\/de\/led-light-bar-wire-harness-ax-1ls.html\">LED Lightbar Kabelbaum AX 1LS &#8211; von OSRAM<\/a>\u00a0verf\u00fcgbar (separat erh\u00e4ltlich).<\/li>\n<\/ul>\n","protected":false},"excerpt":{"rendered":"<p>Die 10 intensiven Hochleistungs-LEDs erreichen eine Entfernung von 320 m bei einer Leuchtkraft von 2700 Lumen. Die 6000 Kelvin sorgen f\u00fcr tageslicht\u00e4hnliche Verh\u00e4ltnisse bei einer gleichm\u00e4\u00dfigen Verteilung in einem 5-Grad-Winkel. Das intelligente Reflektordesign lenkt das Licht der LEDs um, so dass der Gegenverkehr nur indirekt dem Licht ausgesetzt wird. Um seine breite Palette von Anwendungen [&hellip;]<\/p>\n","protected":false},"featured_media":2864,"comment_status":"open","ping_status":"closed","template":"","meta":[],"product_cat":[403,15,399,20,400],"product_tag":[380,395,377],"_links":{"self":[{"href":"https:\/\/shop.garagestyger.ch\/index.php?rest_route=\/wp\/v2\/product\/2863"}],"collection":[{"href":"https:\/\/shop.garagestyger.ch\/index.php?rest_route=\/wp\/v2\/product"}],"about":[{"href":"https:\/\/shop.garagestyger.ch\/index.php?rest_route=\/wp\/v2\/types\/product"}],"replies":[{"embeddable":true,"href":"https:\/\/shop.garagestyger.ch\/index.php?rest_route=%2Fwp%2Fv2%2Fcomments&post=2863"}],"wp:featuredmedia":[{"embeddable":true,"href":"https:\/\/shop.garagestyger.ch\/index.php?rest_route=\/wp\/v2\/media\/2864"}],"wp:attachment":[{"href":"https:\/\/shop.garagestyger.ch\/index.php?rest_route=%2Fwp%2Fv2%2Fmedia&parent=2863"}],"wp:term":[{"taxonomy":"product_cat","embeddable":true,"href":"https:\/\/shop.garagestyger.ch\/index.php?rest_route=%2Fwp%2Fv2%2Fproduct_cat&post=2863"},{"taxonomy":"product_tag","embeddable":true,"href":"https:\/\/shop.garagestyger.ch\/index.php?rest_route=%2Fwp%2Fv2%2Fproduct_tag&post=2863"}],"curies":[{"name":"wp","href":"https:\/\/api.w.org\/{rel}","templated":true}]}}