{"id":2850,"date":"2022-04-05T12:31:33","date_gmt":"2022-04-05T12:31:33","guid":{"rendered":"https:\/\/shop.garagestyger.ch\/?post_type=product&#038;p=2850"},"modified":"2023-01-17T15:30:54","modified_gmt":"2023-01-17T15:30:54","slug":"vx-1000-cb-sm-led-lightbar-osram","status":"publish","type":"product","link":"https:\/\/shop.garagestyger.ch\/?product=vx-1000-cb-sm-led-lightbar-osram","title":{"rendered":"VX-1000-CB\/SM LED Lightbar Osram"},"content":{"rendered":"<p><strong>Beschreibung<\/strong><\/p>\n<p>&nbsp;<\/p>\n<p>LED-Zusatzscheinwerfer mit Zulassung (Zusatzfernlicht) Osram LEDriving Lightbar FX500-CB SM (Single Mount). Mit 36 langlebigen Osram Hochleistungs-LEDs erreicht die VX1000-CB SM eine Reichweite von bis zu 525 Metern und bietet dem Fahrer somit eindrucksvolle Weitsicht auf der Strasse und im Gel\u00e4nde. Auch bei D\u00e4mmerlicht und verminderten Sichtweiten durch \u00e4ussere Umwelteinfl\u00fcsse kann die Osram LEDriving Lightbar VX1000-CB SM mit bis zu 6000 Kelvin f\u00fcr tageslicht\u00e4hnliche Verh\u00e4ltnisse sorgen. Das Kraftpaket mit bis zu 6000 Lumen Leuchtkraft punktet mit h\u00f6chster optischer Effizienz und homogener Lichtverteilung. Dadurch ergibt sich die M\u00f6glichkeit einer verbesserten Sicht f\u00fcr Sie und die verbesserte Sichtbarkeit Ihres Fahrzeugs durch andere Verkehrsteilnehmer, infolgedessen auch eine erh\u00f6hte Sicherheit on-road und off-road. Angebracht werden kann der LED-Scheinwerfer an Autos, Lastkraftwagen, Landmaschinen, Forstmaschinen, Nutzfahrzeugen, Baufahrzeugen, Wohnwagen, Gel\u00e4ndefahrzeugen und Quads.<\/p>\n","protected":false},"excerpt":{"rendered":"<p>Beschreibung &nbsp; LED-Zusatzscheinwerfer mit Zulassung (Zusatzfernlicht) Osram LEDriving Lightbar FX500-CB SM (Single Mount). Mit 36 langlebigen Osram Hochleistungs-LEDs erreicht die VX1000-CB SM eine Reichweite von bis zu 525 Metern und bietet dem Fahrer somit eindrucksvolle Weitsicht auf der Strasse und im Gel\u00e4nde. Auch bei D\u00e4mmerlicht und verminderten Sichtweiten durch \u00e4ussere Umwelteinfl\u00fcsse kann die Osram LEDriving [&hellip;]<\/p>\n","protected":false},"featured_media":2851,"comment_status":"open","ping_status":"closed","template":"","meta":[],"product_cat":[403,404,15,399,30,20,400],"product_tag":[380,381,395,377],"_links":{"self":[{"href":"https:\/\/shop.garagestyger.ch\/index.php?rest_route=\/wp\/v2\/product\/2850"}],"collection":[{"href":"https:\/\/shop.garagestyger.ch\/index.php?rest_route=\/wp\/v2\/product"}],"about":[{"href":"https:\/\/shop.garagestyger.ch\/index.php?rest_route=\/wp\/v2\/types\/product"}],"replies":[{"embeddable":true,"href":"https:\/\/shop.garagestyger.ch\/index.php?rest_route=%2Fwp%2Fv2%2Fcomments&post=2850"}],"wp:featuredmedia":[{"embeddable":true,"href":"https:\/\/shop.garagestyger.ch\/index.php?rest_route=\/wp\/v2\/media\/2851"}],"wp:attachment":[{"href":"https:\/\/shop.garagestyger.ch\/index.php?rest_route=%2Fwp%2Fv2%2Fmedia&parent=2850"}],"wp:term":[{"taxonomy":"product_cat","embeddable":true,"href":"https:\/\/shop.garagestyger.ch\/index.php?rest_route=%2Fwp%2Fv2%2Fproduct_cat&post=2850"},{"taxonomy":"product_tag","embeddable":true,"href":"https:\/\/shop.garagestyger.ch\/index.php?rest_route=%2Fwp%2Fv2%2Fproduct_tag&post=2850"}],"curies":[{"name":"wp","href":"https:\/\/api.w.org\/{rel}","templated":true}]}}