{"id":2821,"date":"2022-03-15T14:35:38","date_gmt":"2022-03-15T14:35:38","guid":{"rendered":"https:\/\/shop.garagestyger.ch\/?post_type=product&#038;p=2821"},"modified":"2022-03-15T14:35:38","modified_gmt":"2022-03-15T14:35:38","slug":"quick-fist-13-114mm-long-arm-werkzeughalter-2stk","status":"publish","type":"product","link":"https:\/\/shop.garagestyger.ch\/?product=quick-fist-13-114mm-long-arm-werkzeughalter-2stk","title":{"rendered":"Quick Fist 13-114mm Long Arm Werkzeughalter 2Stk."},"content":{"rendered":"<p><strong>Quick Fist Long Arm Werkzeughalter<\/strong><\/p>\n<div><\/div>\n<div>Diese Werkzeughalterung eignet sich ideal f\u00fcr Gegenst\u00e4nde mit einem Durchmesser von 13 &#8211; 114 mm.<br \/>\nJede Halterung hat eine zuverl\u00e4ssige Traglast von 23 kg und eine Bruchlast von 55 kg.<\/p>\n<p>Die Montage ist einfach und erfolgt \u00fcber zwei 6 mm Bolzer oder #14 Holz- oder Metalschrauben mit Unterlegscheiben.<br \/>\nDer Kunststoff wurde gem\u00e4\u00df AfPS GS 2015:01 PAK gepr\u00fcft und ist f\u00fcr l\u00e4ngerfristigen Hautkontakt geeignet.<\/p>\n<\/div>\n","protected":false},"excerpt":{"rendered":"<p>Quick Fist Long Arm Werkzeughalter Diese Werkzeughalterung eignet sich ideal f\u00fcr Gegenst\u00e4nde mit einem Durchmesser von 13 &#8211; 114 mm. Jede Halterung hat eine zuverl\u00e4ssige Traglast von 23 kg und eine Bruchlast von 55 kg. Die Montage ist einfach und erfolgt \u00fcber zwei 6 mm Bolzer oder #14 Holz- oder Metalschrauben mit Unterlegscheiben. Der Kunststoff [&hellip;]<\/p>\n","protected":false},"featured_media":2822,"comment_status":"open","ping_status":"closed","template":"","meta":[],"product_cat":[426,404,15,399,30,400],"product_tag":[816,422,425,817],"_links":{"self":[{"href":"https:\/\/shop.garagestyger.ch\/index.php?rest_route=\/wp\/v2\/product\/2821"}],"collection":[{"href":"https:\/\/shop.garagestyger.ch\/index.php?rest_route=\/wp\/v2\/product"}],"about":[{"href":"https:\/\/shop.garagestyger.ch\/index.php?rest_route=\/wp\/v2\/types\/product"}],"replies":[{"embeddable":true,"href":"https:\/\/shop.garagestyger.ch\/index.php?rest_route=%2Fwp%2Fv2%2Fcomments&post=2821"}],"wp:featuredmedia":[{"embeddable":true,"href":"https:\/\/shop.garagestyger.ch\/index.php?rest_route=\/wp\/v2\/media\/2822"}],"wp:attachment":[{"href":"https:\/\/shop.garagestyger.ch\/index.php?rest_route=%2Fwp%2Fv2%2Fmedia&parent=2821"}],"wp:term":[{"taxonomy":"product_cat","embeddable":true,"href":"https:\/\/shop.garagestyger.ch\/index.php?rest_route=%2Fwp%2Fv2%2Fproduct_cat&post=2821"},{"taxonomy":"product_tag","embeddable":true,"href":"https:\/\/shop.garagestyger.ch\/index.php?rest_route=%2Fwp%2Fv2%2Fproduct_tag&post=2821"}],"curies":[{"name":"wp","href":"https:\/\/api.w.org\/{rel}","templated":true}]}}