{"id":2813,"date":"2022-03-15T14:28:07","date_gmt":"2022-03-15T14:28:07","guid":{"rendered":"https:\/\/shop.garagestyger.ch\/?post_type=product&#038;p=2813"},"modified":"2024-05-21T19:57:54","modified_gmt":"2024-05-21T19:57:54","slug":"quick-fist-12-203mm-schnell-spann-system-gurthalter","status":"publish","type":"product","link":"https:\/\/shop.garagestyger.ch\/?product=quick-fist-12-203mm-schnell-spann-system-gurthalter","title":{"rendered":"Quick Fist 12-203mm Schnell Spann System Gurthalter"},"content":{"rendered":"<p><strong>Quick Fist Schnellspannsystem Gurthalter<\/strong><\/p>\n<div>Das Ratschensystem kann einfach mit einem Finger bedient werden und kann Gegenst\u00e4nde<br \/>\nvon 12 mm bis 203 mm \u00d8 aufnehmen. Die maximale Traglast pro Halter betr\u00e4gt 30 kg.<br \/>\nSomit ist das System ideal geeignet f\u00fcr Werkzeuge, Flaschen, Feuerl\u00f6scher, uvm.<\/div>\n<p>&nbsp;<\/p>\n<hr \/>\n<p><strong>Technische Daten:<\/strong><\/p>\n<ul>\n<li>Arbeitsbereich: -20 \u00b0C bis +80 \u00b0C<\/li>\n<li>Gepr\u00fcft gem\u00e4\u00df AfPS GS 2014:01 PAK: f\u00fcr l\u00e4ngerfristigen Hautkontakt geeignet<\/li>\n<li>Montagefl\u00e4che: 170 x 100 mm<\/li>\n<li>Einfache Montage mit 10 mm Schrauben<\/li>\n<li>Max. Traglast: 30 kg<\/li>\n<\/ul>\n","protected":false},"excerpt":{"rendered":"<p>Quick Fist Schnellspannsystem Gurthalter Das Ratschensystem kann einfach mit einem Finger bedient werden und kann Gegenst\u00e4nde von 12 mm bis 203 mm \u00d8 aufnehmen. Die maximale Traglast pro Halter betr\u00e4gt 30 kg. Somit ist das System ideal geeignet f\u00fcr Werkzeuge, Flaschen, Feuerl\u00f6scher, uvm. &nbsp; Technische Daten: Arbeitsbereich: -20 \u00b0C bis +80 \u00b0C Gepr\u00fcft gem\u00e4\u00df AfPS [&hellip;]<\/p>\n","protected":false},"featured_media":2814,"comment_status":"open","ping_status":"closed","template":"","meta":[],"product_cat":[426,404,15,399,30,400],"product_tag":[816,422,425,817],"_links":{"self":[{"href":"https:\/\/shop.garagestyger.ch\/index.php?rest_route=\/wp\/v2\/product\/2813"}],"collection":[{"href":"https:\/\/shop.garagestyger.ch\/index.php?rest_route=\/wp\/v2\/product"}],"about":[{"href":"https:\/\/shop.garagestyger.ch\/index.php?rest_route=\/wp\/v2\/types\/product"}],"replies":[{"embeddable":true,"href":"https:\/\/shop.garagestyger.ch\/index.php?rest_route=%2Fwp%2Fv2%2Fcomments&post=2813"}],"wp:featuredmedia":[{"embeddable":true,"href":"https:\/\/shop.garagestyger.ch\/index.php?rest_route=\/wp\/v2\/media\/2814"}],"wp:attachment":[{"href":"https:\/\/shop.garagestyger.ch\/index.php?rest_route=%2Fwp%2Fv2%2Fmedia&parent=2813"}],"wp:term":[{"taxonomy":"product_cat","embeddable":true,"href":"https:\/\/shop.garagestyger.ch\/index.php?rest_route=%2Fwp%2Fv2%2Fproduct_cat&post=2813"},{"taxonomy":"product_tag","embeddable":true,"href":"https:\/\/shop.garagestyger.ch\/index.php?rest_route=%2Fwp%2Fv2%2Fproduct_tag&post=2813"}],"curies":[{"name":"wp","href":"https:\/\/api.w.org\/{rel}","templated":true}]}}