{"id":2799,"date":"2022-03-15T14:18:25","date_gmt":"2022-03-15T14:18:25","guid":{"rendered":"https:\/\/shop.garagestyger.ch\/?post_type=product&#038;p=2799"},"modified":"2025-08-05T13:44:01","modified_gmt":"2025-08-05T13:44:01","slug":"quick-fist-13-22-mm-micro-werkzeughalter-4-stk","status":"publish","type":"product","link":"https:\/\/shop.garagestyger.ch\/?product=quick-fist-13-22-mm-micro-werkzeughalter-4-stk","title":{"rendered":"Quick Fist 13 &#8211; 22 mm Micro Werkzeughalter"},"content":{"rendered":"<p><strong>Quick Fist Micro-Werkzeughalter<\/strong><\/p>\n<div><\/div>\n<div>Diese Werkzeughalterung eignet sich ideal f\u00fcr Gegenst\u00e4nde mit einem Durchmesser von 13 &#8211; 25 mm.<br \/>\nJede Halterung hat eine zuverl\u00e4ssige Traglast von 6 kg. Mit diesen Eigenschaften ist er perfekt geeignet,<br \/>\num d\u00fcnnere Stiele wie Taschenlampen, Werkzeug, Angelruten u. v. m. zu fixieren.Die Montage erfolgt durch eine Schraube, die mittig im Halter platziert wird und ist somit kinderleicht.<br \/>\nDer Kunststoff wurde gem\u00e4\u00df AfPS GS 2015:01 PAK gepr\u00fcft und ist f\u00fcr l\u00e4ngerfristigen Hautkontakt geeignet.<\/p>\n<hr \/>\n<p><strong>Lieferumfang:<\/strong><\/p>\n<\/div>\n<ul>\n<li>1x Quick Fist Micro-Werkzeughalter<\/li>\n<\/ul>\n","protected":false},"excerpt":{"rendered":"<p>Quick Fist Micro-Werkzeughalter Diese Werkzeughalterung eignet sich ideal f\u00fcr Gegenst\u00e4nde mit einem Durchmesser von 13 &#8211; 25 mm. Jede Halterung hat eine zuverl\u00e4ssige Traglast von 6 kg. Mit diesen Eigenschaften ist er perfekt geeignet, um d\u00fcnnere Stiele wie Taschenlampen, Werkzeug, Angelruten u. v. m. zu fixieren.Die Montage erfolgt durch eine Schraube, die mittig im Halter [&hellip;]<\/p>\n","protected":false},"featured_media":2800,"comment_status":"open","ping_status":"closed","template":"","meta":[],"product_cat":[426,404,15,399,30,400],"product_tag":[24,816,422,425,817],"_links":{"self":[{"href":"https:\/\/shop.garagestyger.ch\/index.php?rest_route=\/wp\/v2\/product\/2799"}],"collection":[{"href":"https:\/\/shop.garagestyger.ch\/index.php?rest_route=\/wp\/v2\/product"}],"about":[{"href":"https:\/\/shop.garagestyger.ch\/index.php?rest_route=\/wp\/v2\/types\/product"}],"replies":[{"embeddable":true,"href":"https:\/\/shop.garagestyger.ch\/index.php?rest_route=%2Fwp%2Fv2%2Fcomments&post=2799"}],"wp:featuredmedia":[{"embeddable":true,"href":"https:\/\/shop.garagestyger.ch\/index.php?rest_route=\/wp\/v2\/media\/2800"}],"wp:attachment":[{"href":"https:\/\/shop.garagestyger.ch\/index.php?rest_route=%2Fwp%2Fv2%2Fmedia&parent=2799"}],"wp:term":[{"taxonomy":"product_cat","embeddable":true,"href":"https:\/\/shop.garagestyger.ch\/index.php?rest_route=%2Fwp%2Fv2%2Fproduct_cat&post=2799"},{"taxonomy":"product_tag","embeddable":true,"href":"https:\/\/shop.garagestyger.ch\/index.php?rest_route=%2Fwp%2Fv2%2Fproduct_tag&post=2799"}],"curies":[{"name":"wp","href":"https:\/\/api.w.org\/{rel}","templated":true}]}}