{"id":2789,"date":"2022-03-15T14:10:21","date_gmt":"2022-03-15T14:10:21","guid":{"rendered":"https:\/\/shop.garagestyger.ch\/?post_type=product&#038;p=2789"},"modified":"2022-09-06T06:59:12","modified_gmt":"2022-09-06T06:59:12","slug":"markise-straight-25x2m-horntools-vordach-dachzelt-awning-sonnenschutz","status":"publish","type":"product","link":"https:\/\/shop.garagestyger.ch\/?product=markise-straight-25x2m-horntools-vordach-dachzelt-awning-sonnenschutz","title":{"rendered":"Markise Straight 2,5x2m horntools Vordach Dachzelt Awning Sonnenschutz"},"content":{"rendered":"<p><strong>horntools Offroad Markise<\/strong><\/p>\n<div>der ideale Sonnenschutz f\u00fcr Camper<\/p>\n<p>Die Markise ist aus hochwertigem Leinen gefertigt und ist im Handumdrehen aufgestellt.<br \/>\nDurch die verstellbaren Teleskopf\u00fc\u00dfe kannst du die Markise auch auf unebenem Gel\u00e4nde aufstellen.<\/p>\n<hr \/>\n<p><strong>Technische Daten:<\/strong><\/div>\n<ul>\n<li>Gr\u00f6\u00dfe aufgebaut: 2 x 2,5 m<\/li>\n<li>Material: 260G Leinen wasserdicht<\/li>\n<li>Gewicht: 14 kg<\/li>\n<\/ul>\n","protected":false},"excerpt":{"rendered":"<p>horntools Offroad Markise der ideale Sonnenschutz f\u00fcr Camper Die Markise ist aus hochwertigem Leinen gefertigt und ist im Handumdrehen aufgestellt. Durch die verstellbaren Teleskopf\u00fc\u00dfe kannst du die Markise auch auf unebenem Gel\u00e4nde aufstellen. Technische Daten: Gr\u00f6\u00dfe aufgebaut: 2 x 2,5 m Material: 260G Leinen wasserdicht Gewicht: 14 kg<\/p>\n","protected":false},"featured_media":2790,"comment_status":"open","ping_status":"closed","template":"","meta":[],"product_cat":[426,404,733,15,399,30,400],"product_tag":[24,738,422,770],"_links":{"self":[{"href":"https:\/\/shop.garagestyger.ch\/index.php?rest_route=\/wp\/v2\/product\/2789"}],"collection":[{"href":"https:\/\/shop.garagestyger.ch\/index.php?rest_route=\/wp\/v2\/product"}],"about":[{"href":"https:\/\/shop.garagestyger.ch\/index.php?rest_route=\/wp\/v2\/types\/product"}],"replies":[{"embeddable":true,"href":"https:\/\/shop.garagestyger.ch\/index.php?rest_route=%2Fwp%2Fv2%2Fcomments&post=2789"}],"wp:featuredmedia":[{"embeddable":true,"href":"https:\/\/shop.garagestyger.ch\/index.php?rest_route=\/wp\/v2\/media\/2790"}],"wp:attachment":[{"href":"https:\/\/shop.garagestyger.ch\/index.php?rest_route=%2Fwp%2Fv2%2Fmedia&parent=2789"}],"wp:term":[{"taxonomy":"product_cat","embeddable":true,"href":"https:\/\/shop.garagestyger.ch\/index.php?rest_route=%2Fwp%2Fv2%2Fproduct_cat&post=2789"},{"taxonomy":"product_tag","embeddable":true,"href":"https:\/\/shop.garagestyger.ch\/index.php?rest_route=%2Fwp%2Fv2%2Fproduct_tag&post=2789"}],"curies":[{"name":"wp","href":"https:\/\/api.w.org\/{rel}","templated":true}]}}