{"id":2769,"date":"2022-03-15T13:48:07","date_gmt":"2022-03-15T13:48:07","guid":{"rendered":"https:\/\/shop.garagestyger.ch\/?post_type=product&#038;p=2769"},"modified":"2022-06-28T14:03:36","modified_gmt":"2022-06-28T14:03:36","slug":"schuhtasche-shoebag-big-tasche-dachzelt","status":"publish","type":"product","link":"https:\/\/shop.garagestyger.ch\/?product=schuhtasche-shoebag-big-tasche-dachzelt","title":{"rendered":"Schuhtasche Shoebag Big Tasche Dachzelt"},"content":{"rendered":"<div>\n<p><strong>Schuhtasche Dachzelt Gro\u00df<\/strong><\/p>\n<p>Schluss mit dreckigen Schuhen und Unordnung im Dachzelt.<\/p>\n<p>Die neuen Schuhtaschen von horntools helfen dir Ordnung im Zelt zu halten und<br \/>\ndreckige und nasse Sachen au\u00dferhalb des Zelts lagern und trocknen zu k\u00f6nnen.<\/p>\n<p>Durch die geschlossene Bauwei\u00dfe k\u00f6nnen so auch Lebensmittel k\u00fchl<\/p>\n<\/div>\n<div>\n<p>\u00fcber Nacht gelagert werden.<\/p>\n<p>Die Taschen werden in die Kederleiste neben der Leiter eingezogen und m\u00fcssen<br \/>\nbeim zusammenbauen nicht entfernt werden.<\/p>\n<p>Die Schuhtasche ver\u00fcgt \u00fcber eine gro\u00dfe \u00d6ffnung mit Rei\u00dfverschluss und ein Netz<br \/>\nR\u00fcckseite.<\/p>\n<\/div>\n<div>\n<hr \/>\n<p><strong>\u00a0<\/strong><\/p>\n<div><strong>Technische Daten:<\/strong><\/div>\n<ul>\n<li>H\u00f6he: 65cm \/ Breite: 40cm \/ Tiefe: 30cm<\/li>\n<li>Material: Polyester<\/li>\n<li>Gewicht: 0,5kg<\/li>\n<\/ul>\n<\/div>\n","protected":false},"excerpt":{"rendered":"<p>Schuhtasche Dachzelt Gro\u00df Schluss mit dreckigen Schuhen und Unordnung im Dachzelt. Die neuen Schuhtaschen von horntools helfen dir Ordnung im Zelt zu halten und dreckige und nasse Sachen au\u00dferhalb des Zelts lagern und trocknen zu k\u00f6nnen. Durch die geschlossene Bauwei\u00dfe k\u00f6nnen so auch Lebensmittel k\u00fchl \u00fcber Nacht gelagert werden. Die Taschen werden in die Kederleiste [&hellip;]<\/p>\n","protected":false},"featured_media":2770,"comment_status":"open","ping_status":"closed","template":"","meta":[],"product_cat":[426,404,844,15,399,30,400],"product_tag":[24,738,422,814,815,813],"_links":{"self":[{"href":"https:\/\/shop.garagestyger.ch\/index.php?rest_route=\/wp\/v2\/product\/2769"}],"collection":[{"href":"https:\/\/shop.garagestyger.ch\/index.php?rest_route=\/wp\/v2\/product"}],"about":[{"href":"https:\/\/shop.garagestyger.ch\/index.php?rest_route=\/wp\/v2\/types\/product"}],"replies":[{"embeddable":true,"href":"https:\/\/shop.garagestyger.ch\/index.php?rest_route=%2Fwp%2Fv2%2Fcomments&post=2769"}],"wp:featuredmedia":[{"embeddable":true,"href":"https:\/\/shop.garagestyger.ch\/index.php?rest_route=\/wp\/v2\/media\/2770"}],"wp:attachment":[{"href":"https:\/\/shop.garagestyger.ch\/index.php?rest_route=%2Fwp%2Fv2%2Fmedia&parent=2769"}],"wp:term":[{"taxonomy":"product_cat","embeddable":true,"href":"https:\/\/shop.garagestyger.ch\/index.php?rest_route=%2Fwp%2Fv2%2Fproduct_cat&post=2769"},{"taxonomy":"product_tag","embeddable":true,"href":"https:\/\/shop.garagestyger.ch\/index.php?rest_route=%2Fwp%2Fv2%2Fproduct_tag&post=2769"}],"curies":[{"name":"wp","href":"https:\/\/api.w.org\/{rel}","templated":true}]}}