{"id":2757,"date":"2022-03-15T13:29:43","date_gmt":"2022-03-15T13:29:43","guid":{"rendered":"https:\/\/shop.garagestyger.ch\/?post_type=product&#038;p=2757"},"modified":"2022-09-06T12:10:46","modified_gmt":"2022-09-06T12:10:46","slug":"seilwinde-43to-alpha-9-5-quick-12v-30m-kunststoffseil-horntools","status":"publish","type":"product","link":"https:\/\/shop.garagestyger.ch\/?product=seilwinde-43to-alpha-9-5-quick-12v-30m-kunststoffseil-horntools","title":{"rendered":"Seilwinde 4,3to Alpha 9.5 Quick 12V 30m Kunststoffseil horntools"},"content":{"rendered":"<p><strong>Elektro Seilwinde Alpha 9.5 Quick 12 V<br \/>\n<\/strong><\/p>\n<p>Die Alpha 9.5 Serie z\u00e4hlt zu den beliebtesten Seilwinden bei unseren Kunden. Sie sind vielseitig einsetzbar, haben ein geringes Eigengewicht und eine kompakte Bauweise.<br \/>\nDamit sind sie ideal f\u00fcr Fahrzeuge wie den Ford Ranger, Land Rover Defender oder Mitsubishi L200 geeignet.<\/p>\n<p>Die Alpha 9.5 Seilwinde von horntools ist vielseitig an deinem Fahrzeug verwendbar. Sie kann sowohl als Frontseilwinde, verbaut oder direkt auf der Sto\u00dfstange, als auch als Heckseilwinde<br \/>\nauf einer Anh\u00e4ngerkupplung oder auf einem passenden Tr\u00e4ger auf der Ladefl\u00e4che eingesetzt werden. Bitte achte bei deiner Bestellung auf die Auswahl der geeigneten Winde f\u00fcr den vorgesehenden Einsatz.<\/p>\n<p>Das besondere an den Quick Modellen der Alpha Serie ist die extrem hohe maximale Zuggeschwindigkeit von 15 m\/min (gemessen ohne Belastung). Dadurch ziehst du deine Ladungen oder andere Gegenst\u00e4nde noch schneller aus dem Morast oder auf die Ladefl\u00e4che.<\/p>\n","protected":false},"excerpt":{"rendered":"<p>Elektro Seilwinde Alpha 9.5 Quick 12 V Die Alpha 9.5 Serie z\u00e4hlt zu den beliebtesten Seilwinden bei unseren Kunden. Sie sind vielseitig einsetzbar, haben ein geringes Eigengewicht und eine kompakte Bauweise. Damit sind sie ideal f\u00fcr Fahrzeuge wie den Ford Ranger, Land Rover Defender oder Mitsubishi L200 geeignet. Die Alpha 9.5 Seilwinde von horntools ist [&hellip;]<\/p>\n","protected":false},"featured_media":2758,"comment_status":"open","ping_status":"closed","template":"","meta":[],"product_cat":[426,404,15,399,400],"product_tag":[],"_links":{"self":[{"href":"https:\/\/shop.garagestyger.ch\/index.php?rest_route=\/wp\/v2\/product\/2757"}],"collection":[{"href":"https:\/\/shop.garagestyger.ch\/index.php?rest_route=\/wp\/v2\/product"}],"about":[{"href":"https:\/\/shop.garagestyger.ch\/index.php?rest_route=\/wp\/v2\/types\/product"}],"replies":[{"embeddable":true,"href":"https:\/\/shop.garagestyger.ch\/index.php?rest_route=%2Fwp%2Fv2%2Fcomments&post=2757"}],"wp:featuredmedia":[{"embeddable":true,"href":"https:\/\/shop.garagestyger.ch\/index.php?rest_route=\/wp\/v2\/media\/2758"}],"wp:attachment":[{"href":"https:\/\/shop.garagestyger.ch\/index.php?rest_route=%2Fwp%2Fv2%2Fmedia&parent=2757"}],"wp:term":[{"taxonomy":"product_cat","embeddable":true,"href":"https:\/\/shop.garagestyger.ch\/index.php?rest_route=%2Fwp%2Fv2%2Fproduct_cat&post=2757"},{"taxonomy":"product_tag","embeddable":true,"href":"https:\/\/shop.garagestyger.ch\/index.php?rest_route=%2Fwp%2Fv2%2Fproduct_tag&post=2757"}],"curies":[{"name":"wp","href":"https:\/\/api.w.org\/{rel}","templated":true}]}}