{"id":2754,"date":"2022-03-15T13:20:28","date_gmt":"2022-03-15T13:20:28","guid":{"rendered":"https:\/\/shop.garagestyger.ch\/?post_type=product&#038;p=2754"},"modified":"2022-03-15T13:20:28","modified_gmt":"2022-03-15T13:20:28","slug":"dachzelt-ecke-kunststoff-mit-nieten","status":"publish","type":"product","link":"https:\/\/shop.garagestyger.ch\/?product=dachzelt-ecke-kunststoff-mit-nieten","title":{"rendered":"Dachzelt Ecke Kunststoff mit Nieten"},"content":{"rendered":"<div><strong>Dachzeltecke inkl. Nieten<\/strong><\/div>\n<div>\nDank den passenden Ersatzteilen f\u00fcr unsere Dachzelte musst du nicht gleich ein<br \/>\nneues kaufen, wenn einmal etwas kaputt geht. Die Ersatzecken aus Kunstoff f\u00fcr dein<br \/>\nDachzelt kommen mit den passenden Nieten und k\u00f6nnen somit ausgetauscht werden.<\/div>\n","protected":false},"excerpt":{"rendered":"<p>Dachzeltecke inkl. Nieten Dank den passenden Ersatzteilen f\u00fcr unsere Dachzelte musst du nicht gleich ein neues kaufen, wenn einmal etwas kaputt geht. Die Ersatzecken aus Kunstoff f\u00fcr dein Dachzelt kommen mit den passenden Nieten und k\u00f6nnen somit ausgetauscht werden.<\/p>\n","protected":false},"featured_media":2755,"comment_status":"open","ping_status":"closed","template":"","meta":[],"product_cat":[426,404,15,30],"product_tag":[],"_links":{"self":[{"href":"https:\/\/shop.garagestyger.ch\/index.php?rest_route=\/wp\/v2\/product\/2754"}],"collection":[{"href":"https:\/\/shop.garagestyger.ch\/index.php?rest_route=\/wp\/v2\/product"}],"about":[{"href":"https:\/\/shop.garagestyger.ch\/index.php?rest_route=\/wp\/v2\/types\/product"}],"replies":[{"embeddable":true,"href":"https:\/\/shop.garagestyger.ch\/index.php?rest_route=%2Fwp%2Fv2%2Fcomments&post=2754"}],"wp:featuredmedia":[{"embeddable":true,"href":"https:\/\/shop.garagestyger.ch\/index.php?rest_route=\/wp\/v2\/media\/2755"}],"wp:attachment":[{"href":"https:\/\/shop.garagestyger.ch\/index.php?rest_route=%2Fwp%2Fv2%2Fmedia&parent=2754"}],"wp:term":[{"taxonomy":"product_cat","embeddable":true,"href":"https:\/\/shop.garagestyger.ch\/index.php?rest_route=%2Fwp%2Fv2%2Fproduct_cat&post=2754"},{"taxonomy":"product_tag","embeddable":true,"href":"https:\/\/shop.garagestyger.ch\/index.php?rest_route=%2Fwp%2Fv2%2Fproduct_tag&post=2754"}],"curies":[{"name":"wp","href":"https:\/\/api.w.org\/{rel}","templated":true}]}}