{"id":2749,"date":"2022-03-15T12:51:37","date_gmt":"2022-03-15T12:51:37","guid":{"rendered":"https:\/\/shop.garagestyger.ch\/?post_type=product&#038;p=2749"},"modified":"2022-06-28T14:02:42","modified_gmt":"2022-06-28T14:02:42","slug":"dachzelt-befestigungs-gegen-platte-edelstahl-4-stueck-fuer-u-buegel","status":"publish","type":"product","link":"https:\/\/shop.garagestyger.ch\/?product=dachzelt-befestigungs-gegen-platte-edelstahl-4-stueck-fuer-u-buegel","title":{"rendered":"Dachzelt Befestigungs Gegen Platte Edelstahl 4 St\u00fcck f\u00fcr U B\u00fcgel"},"content":{"rendered":"<div>\n<p><strong>Dachzelt Gegenplatte<\/strong><\/p>\n<p>DIe Gegenplatte aus Edelstahl kommt im Set mit 4 St\u00fcck und ist geeignet f\u00fcr die Befestigung<br \/>\nunserer Dachzelte. Je nach Breite des Befestigungspunktes muss eventuell die gr\u00f6\u00dfere<br \/>\nVariante benutzt werden. Diese findest du direkt unter diesem Link:\u00a0<a href=\"https:\/\/www.horntools.com\/dachzelt-befestigungs-gegen-platte-lang-edelstahl-stueck\/p-7292.html\" target=\"_blank\" rel=\"noopener\">Gegenplatte 130&#215;30 mm<\/a><\/p>\n<hr \/>\n<p><strong>Technische Daten:<\/strong><\/p>\n<\/div>\n<ul>\n<li>Ma\u00dfe (LxBxH): 95 x 30 x 4 mm<\/li>\n<li>Lochma\u00df: 65 bzw. 73 mm<\/li>\n<li>Loch-\u00d8: 8 mm<\/li>\n<li>Passend f\u00fcr: Desert I, Trapper Joe, Uranos<\/li>\n<\/ul>\n","protected":false},"excerpt":{"rendered":"<p>Dachzelt Gegenplatte DIe Gegenplatte aus Edelstahl kommt im Set mit 4 St\u00fcck und ist geeignet f\u00fcr die Befestigung unserer Dachzelte. Je nach Breite des Befestigungspunktes muss eventuell die gr\u00f6\u00dfere Variante benutzt werden. Diese findest du direkt unter diesem Link:\u00a0Gegenplatte 130&#215;30 mm Technische Daten: Ma\u00dfe (LxBxH): 95 x 30 x 4 mm Lochma\u00df: 65 bzw. 73 [&hellip;]<\/p>\n","protected":false},"featured_media":2750,"comment_status":"open","ping_status":"closed","template":"","meta":[],"product_cat":[426,844,15,30,400],"product_tag":[],"_links":{"self":[{"href":"https:\/\/shop.garagestyger.ch\/index.php?rest_route=\/wp\/v2\/product\/2749"}],"collection":[{"href":"https:\/\/shop.garagestyger.ch\/index.php?rest_route=\/wp\/v2\/product"}],"about":[{"href":"https:\/\/shop.garagestyger.ch\/index.php?rest_route=\/wp\/v2\/types\/product"}],"replies":[{"embeddable":true,"href":"https:\/\/shop.garagestyger.ch\/index.php?rest_route=%2Fwp%2Fv2%2Fcomments&post=2749"}],"wp:featuredmedia":[{"embeddable":true,"href":"https:\/\/shop.garagestyger.ch\/index.php?rest_route=\/wp\/v2\/media\/2750"}],"wp:attachment":[{"href":"https:\/\/shop.garagestyger.ch\/index.php?rest_route=%2Fwp%2Fv2%2Fmedia&parent=2749"}],"wp:term":[{"taxonomy":"product_cat","embeddable":true,"href":"https:\/\/shop.garagestyger.ch\/index.php?rest_route=%2Fwp%2Fv2%2Fproduct_cat&post=2749"},{"taxonomy":"product_tag","embeddable":true,"href":"https:\/\/shop.garagestyger.ch\/index.php?rest_route=%2Fwp%2Fv2%2Fproduct_tag&post=2749"}],"curies":[{"name":"wp","href":"https:\/\/api.w.org\/{rel}","templated":true}]}}