{"id":2576,"date":"2022-01-18T15:25:45","date_gmt":"2022-01-18T15:25:45","guid":{"rendered":"https:\/\/shop.garagestyger.ch\/?post_type=product&#038;p=2576"},"modified":"2023-05-30T12:50:32","modified_gmt":"2023-05-30T12:50:32","slug":"alu-cab-dachzelt-expedition-3-1-schwarz","status":"publish","type":"product","link":"https:\/\/shop.garagestyger.ch\/?product=alu-cab-dachzelt-expedition-3-1-schwarz","title":{"rendered":"Alu Cab Dachzelt Expedition 3.1 schwarz"},"content":{"rendered":"<p><strong>NEUE Zusatzfunktionen<\/strong><\/p>\n<ul>\n<li>die seitliche Regenabdeckung ist jetzt Standard<\/li>\n<li>eine speziell angefertigte Teleskopleiter mit breiten und abgewinkelten Sprossen, die den Einstieg in das Zelt barfuss wesentlich bequemer machen<\/li>\n<li>mit einem zus\u00e4tzlichen Rei\u00dfverschluss zu \u00f6ffnende T\u00fcren<\/li>\n<li>Abzippbares Heckvorzelt &#8211; das Vorzelt kann hochgezippt werden und weggerollt bleiben. Das Vorzelt muss nur dann ausgefahren werden, wenn das Wetter es erfordert.<\/li>\n<li>Edelstahl-\u00d6sen f\u00fcr die Federstangen<\/li>\n<li>Verl\u00e4ngerte C-Schienen schaffen mehr Platz und zus\u00e4tzliche M\u00f6glichkeiten f\u00fcr die Montage auf dem Dach<\/li>\n<li>Erh\u00f6hte L\u00fcftungsschlitze zur Reduzierung von Kondenswasser<\/li>\n<li>Atmungsaktives 3D-Netzgewebe zur weiteren Unterst\u00fctzung der Kondensation<\/li>\n<\/ul>\n<p><strong>Merkmale<\/strong><\/p>\n<ul>\n<li>Leichte Aluminium-Konstruktion<\/li>\n<li>Integrierte C-Schienen f\u00fcr die Montage an Quertr\u00e4gern<\/li>\n<li>Hartschalenkonstruktion, die zus\u00e4tzliche Ausr\u00fcstung aufnehmen kann &#8211; Solarpaneele, Kajak, Mountainbikes oder Campingtisch<\/li>\n<li>Stromlinienf\u00f6rmiges, aerodynamisches Profil<\/li>\n<li>3-Punkt-Einstieg mit einer T\u00fcr\/Fenster auf jeder Seite<\/li>\n<li>Gasdruckfeder-unterst\u00fctztes Pop-up-Design<\/li>\n<li>\u00d6ffnet und schlie\u00dft sich in Sekundenschnelle<\/li>\n<li>75 mm High-Density-Schaumstoffmatratze mit abzippbarem Bezug<\/li>\n<li>Schnell abnehmbare Leiter, die im geschlossenen Zustand im Zelt verstaut werden kann<\/li>\n<li>Aufbewahrungstaschen im Himmel vom Dachzelt<\/li>\n<li>Interne USB-Stromanschl\u00fcsse<\/li>\n<li>Interne 12-V-Steckdose<\/li>\n<li>Interne Beleuchtung<\/li>\n<li>Hintere T\u00fcrmarkise, um den Eingang trocken zu halten<\/li>\n<li>Zweilagiger Zeltstoff f\u00fcr bessere Isolierung und Schutz<\/li>\n<li>Windsichere Konstruktion dank einseitiger \u00d6ffnung<\/li>\n<li>Schaumstoffisolierung oben und unten f\u00fcr beste Isolationswerte<\/li>\n<\/ul>\n<p><strong>TRAGF\u00c4HIGKEIT F\u00dcR LASTSCHIENEN:<\/strong><br \/>\nDie Belastungsangabe f\u00fcr die Lastschienen auf dem Zeltdach betr\u00e4gt 50 kg. Es ist wichtig zu beachten, dass die Stelle, an der sich die Last auf dem Dach befindet, dar\u00fcber entscheidet, wie einfach oder schwierig es ist, das Zelt zu \u00f6ffnen.<br \/>\nEs wird immer empfohlen, schwerere Lasten zur Vorderseite des Zelts zu verlagern und viel leichtere Lasten, wie z. B. ein Solarpanel, zur R\u00fcckseite.<\/p>\n","protected":false},"excerpt":{"rendered":"<p>NEUE Zusatzfunktionen die seitliche Regenabdeckung ist jetzt Standard eine speziell angefertigte Teleskopleiter mit breiten und abgewinkelten Sprossen, die den Einstieg in das Zelt barfuss wesentlich bequemer machen mit einem zus\u00e4tzlichen Rei\u00dfverschluss zu \u00f6ffnende T\u00fcren Abzippbares Heckvorzelt &#8211; das Vorzelt kann hochgezippt werden und weggerollt bleiben. Das Vorzelt muss nur dann ausgefahren werden, wenn das Wetter [&hellip;]<\/p>\n","protected":false},"featured_media":2577,"comment_status":"open","ping_status":"closed","template":"","meta":[],"product_cat":[404,733,15,30,400],"product_tag":[812,24,738],"_links":{"self":[{"href":"https:\/\/shop.garagestyger.ch\/index.php?rest_route=\/wp\/v2\/product\/2576"}],"collection":[{"href":"https:\/\/shop.garagestyger.ch\/index.php?rest_route=\/wp\/v2\/product"}],"about":[{"href":"https:\/\/shop.garagestyger.ch\/index.php?rest_route=\/wp\/v2\/types\/product"}],"replies":[{"embeddable":true,"href":"https:\/\/shop.garagestyger.ch\/index.php?rest_route=%2Fwp%2Fv2%2Fcomments&post=2576"}],"wp:featuredmedia":[{"embeddable":true,"href":"https:\/\/shop.garagestyger.ch\/index.php?rest_route=\/wp\/v2\/media\/2577"}],"wp:attachment":[{"href":"https:\/\/shop.garagestyger.ch\/index.php?rest_route=%2Fwp%2Fv2%2Fmedia&parent=2576"}],"wp:term":[{"taxonomy":"product_cat","embeddable":true,"href":"https:\/\/shop.garagestyger.ch\/index.php?rest_route=%2Fwp%2Fv2%2Fproduct_cat&post=2576"},{"taxonomy":"product_tag","embeddable":true,"href":"https:\/\/shop.garagestyger.ch\/index.php?rest_route=%2Fwp%2Fv2%2Fproduct_tag&post=2576"}],"curies":[{"name":"wp","href":"https:\/\/api.w.org\/{rel}","templated":true}]}}