{"id":2575,"date":"2022-01-18T14:22:35","date_gmt":"2022-01-18T14:22:35","guid":{"rendered":"https:\/\/shop.garagestyger.ch\/?post_type=product&#038;p=2575"},"modified":"2024-07-26T04:37:23","modified_gmt":"2024-07-26T04:37:23","slug":"vorzelt-fuer-soft-tent-dachzelte-160cm-oder-140cm","status":"publish","type":"product","link":"https:\/\/shop.garagestyger.ch\/?product=vorzelt-fuer-soft-tent-dachzelte-160cm-oder-140cm","title":{"rendered":"Vorzelt f\u00fcr Soft Tent Dachzelte 160cm oder 140cm"},"content":{"rendered":"<p>Das Vorzelt zu den Soft Tent Dachzelten ist separat erh\u00e4ltlich und passt f\u00fcr beide Gr\u00f6ssen.<\/p>\n<p>&nbsp;<\/p>\n","protected":false},"excerpt":{"rendered":"<p>Das Vorzelt zu den Soft Tent Dachzelten ist separat erh\u00e4ltlich und passt f\u00fcr beide Gr\u00f6ssen. &nbsp;<\/p>\n","protected":false},"featured_media":2558,"comment_status":"open","ping_status":"closed","template":"","meta":[],"product_cat":[15],"product_tag":[],"_links":{"self":[{"href":"https:\/\/shop.garagestyger.ch\/index.php?rest_route=\/wp\/v2\/product\/2575"}],"collection":[{"href":"https:\/\/shop.garagestyger.ch\/index.php?rest_route=\/wp\/v2\/product"}],"about":[{"href":"https:\/\/shop.garagestyger.ch\/index.php?rest_route=\/wp\/v2\/types\/product"}],"replies":[{"embeddable":true,"href":"https:\/\/shop.garagestyger.ch\/index.php?rest_route=%2Fwp%2Fv2%2Fcomments&post=2575"}],"wp:featuredmedia":[{"embeddable":true,"href":"https:\/\/shop.garagestyger.ch\/index.php?rest_route=\/wp\/v2\/media\/2558"}],"wp:attachment":[{"href":"https:\/\/shop.garagestyger.ch\/index.php?rest_route=%2Fwp%2Fv2%2Fmedia&parent=2575"}],"wp:term":[{"taxonomy":"product_cat","embeddable":true,"href":"https:\/\/shop.garagestyger.ch\/index.php?rest_route=%2Fwp%2Fv2%2Fproduct_cat&post=2575"},{"taxonomy":"product_tag","embeddable":true,"href":"https:\/\/shop.garagestyger.ch\/index.php?rest_route=%2Fwp%2Fv2%2Fproduct_tag&post=2575"}],"curies":[{"name":"wp","href":"https:\/\/api.w.org\/{rel}","templated":true}]}}