{"id":2545,"date":"2022-01-18T14:00:30","date_gmt":"2022-01-18T14:00:30","guid":{"rendered":"https:\/\/shop.garagestyger.ch\/?post_type=product&#038;p=2545"},"modified":"2023-05-30T12:51:03","modified_gmt":"2023-05-30T12:51:03","slug":"aufklapp-dachzelt-160cm-x-150cm","status":"publish","type":"product","link":"https:\/\/shop.garagestyger.ch\/?product=aufklapp-dachzelt-160cm-x-150cm","title":{"rendered":"Aufklapp-Dachzelt Soft Tent 160cm x 240cm"},"content":{"rendered":"<p>Modell 2022, mit LED Beleuchtung, Teleskopleiter,<\/p>\n<p>2x Dachfenster im Regenschutz integriert, straffe Fenster\u00fcberdachung, usw.<\/p>\n<p>Achtung: Preisanpassung ab 01\/2022 1&#8217;990,- CHF<\/p>\n<p>Ab Lager Zug sofort verf\u00fcgbar.<\/p>\n<p>Dachzelt aufgebaut: ca. 163cm x 310cm x 150cm Long mit Einstiegs-Wetterschutz,<\/p>\n<p>Packmass: 1.63m x 1.23m und ca. 27 cm H\u00f6he, auf s\u00e4mtl. Quertr\u00e4ger montierbar.<\/p>\n<p>Liegefl.: 160cm x 240cm, mit \u00dcberdachterm Einstieg (Long) L\u00e4nge: 315cm<\/p>\n<p>Farbe: Grau. Lieferung und Montage nach Absprache m\u00f6glich. S\u00e4mtl. Befestigungsmaterial vorhanden. Leiter in Teleskop Ausf\u00fchrung.<\/p>\n<p>Das Dachzelt verf\u00fcgt \u00fcber drei Seitenfenster und zwei Dachfenster, alle mit<\/p>\n<p>Insektenschutz und Reisverschluss zum \u00f6ffnen. Der Regenschutz ist \u00fcber das ganze Dachzelt gespannt. Cover mit Reisverschluss und Spanngurten gesichert, Farbe schwarz.<\/p>\n<p>Solide Bauweise mit Sandwichplatte, 6 x Stangenhalter f\u00fcr die Fenster\u00fcberdachung.<\/p>\n<p>Gewicht: ca 62 kg.\u00a0Auch in 140cm Breite lieferbar!!<\/p>\n<p>Montage: Auf Wunsch erfolgt die Montage auf ihrem Fahrzeug, zzgl. 90,- CHF.<\/p>\n<p>Selbstmontage: Mit 2 Personen ist dies selbsterkl\u00e4rend, inkl. einer Anleitung und s\u00e4mtl. Montagematerial. Abholort: Garage Styger GmbH Steinerberg<\/p>\n<p>Wassers\u00e4ule: zw. 2000mm &#8211; 6000mm je nach der Materialbeschaffenheit (Cotton oder Plane)<\/p>\n<p>Die Aussagekraft der Wassers\u00e4ule wird vom Endverbraucher oftmals \u00fcberbewertet, denn: F\u00fcr die Bestimmung der Wassers\u00e4ule gibt es verschiedene Normen, Messverfahren und Testmethoden. Auch die Laborbedingungen sind nicht \u00fcberall gleich. Die Werte sind daher grunds\u00e4tzlich nicht ohne Weiteres vergleichbar. Geregelt nach: Europ\u00e4ische Norm EN 343:2003, ab 1300mm WS gilt es als Wasserdicht (CH-Norm: ab 4000mm WS Wasserdicht).<\/p>\n<p>Lieferzeit: sofort verf\u00fcgbar<\/p>\n<p>Ein Vorzelt mit Eingang und Fenster ist als Option lieferbar, der Aufpreis betr\u00e4gt 490,- CHF.<\/p>\n<p>&nbsp;<\/p>\n<p>&nbsp;<\/p>\n","protected":false},"excerpt":{"rendered":"<p>Modell 2022, mit LED Beleuchtung, Teleskopleiter, 2x Dachfenster im Regenschutz integriert, straffe Fenster\u00fcberdachung, usw. Achtung: Preisanpassung ab 01\/2022 1&#8217;990,- CHF Ab Lager Zug sofort verf\u00fcgbar. Dachzelt aufgebaut: ca. 163cm x 310cm x 150cm Long mit Einstiegs-Wetterschutz, Packmass: 1.63m x 1.23m und ca. 27 cm H\u00f6he, auf s\u00e4mtl. Quertr\u00e4ger montierbar. Liegefl.: 160cm x 240cm, mit \u00dcberdachterm [&hellip;]<\/p>\n","protected":false},"featured_media":2546,"comment_status":"open","ping_status":"closed","template":"","meta":[],"product_cat":[404,733,15,30,400],"product_tag":[810,24,738,809,425],"_links":{"self":[{"href":"https:\/\/shop.garagestyger.ch\/index.php?rest_route=\/wp\/v2\/product\/2545"}],"collection":[{"href":"https:\/\/shop.garagestyger.ch\/index.php?rest_route=\/wp\/v2\/product"}],"about":[{"href":"https:\/\/shop.garagestyger.ch\/index.php?rest_route=\/wp\/v2\/types\/product"}],"replies":[{"embeddable":true,"href":"https:\/\/shop.garagestyger.ch\/index.php?rest_route=%2Fwp%2Fv2%2Fcomments&post=2545"}],"wp:featuredmedia":[{"embeddable":true,"href":"https:\/\/shop.garagestyger.ch\/index.php?rest_route=\/wp\/v2\/media\/2546"}],"wp:attachment":[{"href":"https:\/\/shop.garagestyger.ch\/index.php?rest_route=%2Fwp%2Fv2%2Fmedia&parent=2545"}],"wp:term":[{"taxonomy":"product_cat","embeddable":true,"href":"https:\/\/shop.garagestyger.ch\/index.php?rest_route=%2Fwp%2Fv2%2Fproduct_cat&post=2545"},{"taxonomy":"product_tag","embeddable":true,"href":"https:\/\/shop.garagestyger.ch\/index.php?rest_route=%2Fwp%2Fv2%2Fproduct_tag&post=2545"}],"curies":[{"name":"wp","href":"https:\/\/api.w.org\/{rel}","templated":true}]}}