{"id":2532,"date":"2021-12-21T15:23:17","date_gmt":"2021-12-21T15:23:17","guid":{"rendered":"https:\/\/shop.garagestyger.ch\/?post_type=product&#038;p=2532"},"modified":"2024-01-04T05:46:42","modified_gmt":"2024-01-04T05:46:42","slug":"rhino-rhack-markise","status":"publish","type":"product","link":"https:\/\/shop.garagestyger.ch\/?product=rhino-rhack-markise","title":{"rendered":"Rhino Rhack Markise"},"content":{"rendered":"<h3>\u00dcberblick<\/h3>\n<p>Die Batwing Compact Markise bietet den gleichen Stil und die gleiche Funktion wie die gro\u00dfe Markise und verf\u00fcgt \u00fcber Funktionen f\u00fcr eine einfache Verwendung.<\/p>\n<p>&nbsp;<\/p>\n<h3>Spezifikation<\/h3>\n<div class=\"spec\">\n<div class=\"title\"><strong>Ma\u00dfe<\/strong><\/div>\n<div>Height 2,300 mm \/\u00a0Length 2,000 mm \/\u00a0Width 2,000 mm<\/div>\n<\/div>\n<div class=\"spec\">\n<div class=\"title\"><strong>Ausstattung f\u00fcr Tr\u00e4gerstangentyp<\/strong><\/div>\n<div>\n<div>Heavy Duty<\/div>\n<div>Vortex<\/div>\n<\/div>\n<\/div>\n<div class=\"spec\">\n<div class=\"title\"><strong>Ausstattung f\u00fcr Heckablagentyp<\/strong><\/div>\n<div>Pioneer Platform<\/div>\n<\/div>\n<div class=\"spec\">\n<div class=\"title\"><strong>Material<\/strong><\/div>\n<div>Rip-Stop-Polycotton-Stoff<\/div>\n<\/div>\n<div class=\"spec\">\n<div class=\"title\"><strong>Montageposition<\/strong><\/div>\n<div>Richtig<\/div>\n<\/div>\n<div class=\"spec\">\n<div class=\"title\"><strong>Produktgewicht<\/strong><\/div>\n<div>17.9 kg<\/div>\n<\/div>\n<div class=\"spec\">\n<div class=\"title\"><strong>Garantie<\/strong><\/div>\n<div>1 Jahr<\/div>\n<\/div>\n<div class=\"spec\">\n<div class=\"title\"><strong>Herkunftsland<\/strong><\/div>\n<div>Designed in Australia. Made in China.<\/div>\n<\/div>\n<p>&nbsp;<\/p>\n","protected":false},"excerpt":{"rendered":"<p>\u00dcberblick Die Batwing Compact Markise bietet den gleichen Stil und die gleiche Funktion wie die gro\u00dfe Markise und verf\u00fcgt \u00fcber Funktionen f\u00fcr eine einfache Verwendung. &nbsp; Spezifikation Ma\u00dfe Height 2,300 mm \/\u00a0Length 2,000 mm \/\u00a0Width 2,000 mm Ausstattung f\u00fcr Tr\u00e4gerstangentyp Heavy Duty Vortex Ausstattung f\u00fcr Heckablagentyp Pioneer Platform Material Rip-Stop-Polycotton-Stoff Montageposition Richtig Produktgewicht 17.9 kg [&hellip;]<\/p>\n","protected":false},"featured_media":2533,"comment_status":"open","ping_status":"closed","template":"","meta":[],"product_cat":[404,15,30,400],"product_tag":[738,770,808],"_links":{"self":[{"href":"https:\/\/shop.garagestyger.ch\/index.php?rest_route=\/wp\/v2\/product\/2532"}],"collection":[{"href":"https:\/\/shop.garagestyger.ch\/index.php?rest_route=\/wp\/v2\/product"}],"about":[{"href":"https:\/\/shop.garagestyger.ch\/index.php?rest_route=\/wp\/v2\/types\/product"}],"replies":[{"embeddable":true,"href":"https:\/\/shop.garagestyger.ch\/index.php?rest_route=%2Fwp%2Fv2%2Fcomments&post=2532"}],"wp:featuredmedia":[{"embeddable":true,"href":"https:\/\/shop.garagestyger.ch\/index.php?rest_route=\/wp\/v2\/media\/2533"}],"wp:attachment":[{"href":"https:\/\/shop.garagestyger.ch\/index.php?rest_route=%2Fwp%2Fv2%2Fmedia&parent=2532"}],"wp:term":[{"taxonomy":"product_cat","embeddable":true,"href":"https:\/\/shop.garagestyger.ch\/index.php?rest_route=%2Fwp%2Fv2%2Fproduct_cat&post=2532"},{"taxonomy":"product_tag","embeddable":true,"href":"https:\/\/shop.garagestyger.ch\/index.php?rest_route=%2Fwp%2Fv2%2Fproduct_tag&post=2532"}],"curies":[{"name":"wp","href":"https:\/\/api.w.org\/{rel}","templated":true}]}}