{"id":2523,"date":"2021-12-21T15:07:23","date_gmt":"2021-12-21T15:07:23","guid":{"rendered":"https:\/\/shop.garagestyger.ch\/?post_type=product&#038;p=2523"},"modified":"2021-12-21T15:07:23","modified_gmt":"2021-12-21T15:07:23","slug":"hartschalen-dachzelt-airtop","status":"publish","type":"product","link":"https:\/\/shop.garagestyger.ch\/?product=hartschalen-dachzelt-airtop","title":{"rendered":"Hartschalen Dachzelt &#8218;Airtop&#8216;"},"content":{"rendered":"<p>AirTop\u00a0<a title=\"Dachzelt\" href=\"https:\/\/www.autohome-official.com\/de\">Dachzelt<\/a>\u00a0weist alle St\u00e4rken der herk\u00f6mmlichen Maggiolina-Serie auf, aber mit unvergleichlicher Handlichkeit: Drei Verschl\u00fcsse \u00f6ffnen und das Zelt entfaltet sich in Sekunden dank der 4 Gasfedern. Sie l\u00e4sst sich mit 4 Gasfedern schnell \u00f6ffnen. Das Anheben der Schale erfolgt in zwei Phasen, wof\u00fcr die Bet\u00e4tigungsstellung zu wechseln ist.<\/p>\n<p>&nbsp;<\/p>\n<p>Material:<\/p>\n<p>&nbsp;<\/p>\n<p>Bei Autohome ist die Qualit\u00e4t gleichbleibend. Es gibt keine unterschiedlichen Produktionen. Die Auto-Dachzelte,<br \/>\ndie auf den extremsten Gebieten von erfahrenen Tour L\u00e4ndern, welche Forscher und Profis in Sachen Reisen sind, genutzt werden,<br \/>\nsind vollst\u00e4ndig identisch mit denen aus der normalen Serienproduktion. Exakt dasselbe Produkt, das jedermann erwerben kann.<\/p>\n<ul>\n<li>Hartschalen aus Glasfaser: Gewebefaser, die mit einem Fl\u00fcssig Kunststoff impr\u00e4gniert ist. Es absorbiert keine Hitze, es heizt sich nicht auf und isoliert, ist stabil, resistent und vollst\u00e4ndig reparierbar.<\/li>\n<li>Unterdach: Die Struktur besteht aus einem Zwischenraum, um einen vollst\u00e4ndigen W\u00e4rme- und L\u00e4rmschutz sowie eine gesunde und leise Umgebung, selbst bei Regen, zu garantieren.<\/li>\n<li>Boden: \u201eSandwichstruktur\u201c mit zwei Stahlschienen. 4 integrierte Handgriffe erm\u00f6glichen ein einfaches Bewegen des Dachzeltes.<\/li>\n<li>Stoff: Dralon\u00ae Acrylfaser. Wasserdicht und sehr atmungsaktiv. Absorbiert keine Hitze und die Feuchtigkeit kann auf nat\u00fcrliche Weise entweichen. Keine Anstauungen von Feuchtigkeit und schlechten Ger\u00fcchen. Es m\u00fcssen keine Ventilatoren oder Ger\u00e4te, die eine Kondensbildung verhindern,verwendet werden. Man muss sich somit umso weniger auf angeblich wundervollbringende technische Spielereien verlassen, um der Feuchtigkeit entgegenzuwirken.<\/li>\n<li>3 im bew\u00e4hrte Schnellspanner verschlie\u00dfen das Dachzelt zuverl\u00e4ssig.<\/li>\n<li>Inneres Licht: Lampe von OSRAM\u00ae mit 3 drehbaren, ultrahellen LEDs (12 Volt)<\/li>\n<li>Schlie\u00dfmechanismus der Hartschalen: Mit verstellbaren Verschl\u00fcssen aus Stahl zum Verriegeln des Dachzeltes..<\/li>\n<li>Matratze: Schaumgummimatratze mit einer Dichte von 25kg\/m\u00b3. Formbest\u00e4ndig und dank des Rei\u00dfverschlusses abziehbar.<\/li>\n<li>Bezug der Matratze und der Kissen: 100% Baumwolle, auf das jeweilige Modell abgestimmt.<\/li>\n<\/ul>\n<p>Leistung:<\/p>\n<ul>\n<li>Besonders beliebt wegen der blitzschnellen \u00d6ffnung, die mittels der 4 Gasfedern erfolgt.<\/li>\n<li>H\u00e4ndler weltweit best\u00e4tigen, dass es sich hierbei um eine au\u00dfergew\u00f6hnliche Alternative zum klassischen Maggiolina-Modell handelt.<\/li>\n<li>Die Atmungsaktivit\u00e4t des Stoffes ist das wesentliche Element. Selbst an k\u00fchlen Sommerabenden oder bei niedrigen Temperaturen, wenn die T\u00fcren und Fenster geschlossen sind, l\u00e4sst jeder Zentimeter des Stoffes die Feuchtigkeit und den Wasserdampf, den die Insassen produzieren, auf nat\u00fcrliche Weise entweichen. Es werden keine l\u00fcfter oder andere komplizierte technische Ger\u00e4te, die sich bei der Konkurrenz finden lassen, ben\u00f6tigt.<\/li>\n<li>Die N\u00e4hte auf dem Stoff sind gesch\u00fctzt, auf das N\u00f6tigste reduziert, gut verarbeitet und ohne \u201eFalten\u201c oder Kr\u00e4uselungen.<\/li>\n<\/ul>\n<p>&nbsp;<\/p>\n","protected":false},"excerpt":{"rendered":"<p>AirTop\u00a0Dachzelt\u00a0weist alle St\u00e4rken der herk\u00f6mmlichen Maggiolina-Serie auf, aber mit unvergleichlicher Handlichkeit: Drei Verschl\u00fcsse \u00f6ffnen und das Zelt entfaltet sich in Sekunden dank der 4 Gasfedern. Sie l\u00e4sst sich mit 4 Gasfedern schnell \u00f6ffnen. Das Anheben der Schale erfolgt in zwei Phasen, wof\u00fcr die Bet\u00e4tigungsstellung zu wechseln ist. &nbsp; Material: &nbsp; Bei Autohome ist die Qualit\u00e4t [&hellip;]<\/p>\n","protected":false},"featured_media":2524,"comment_status":"open","ping_status":"closed","template":"","meta":[],"product_cat":[404,733,15,30,400],"product_tag":[807,738,806],"_links":{"self":[{"href":"https:\/\/shop.garagestyger.ch\/index.php?rest_route=\/wp\/v2\/product\/2523"}],"collection":[{"href":"https:\/\/shop.garagestyger.ch\/index.php?rest_route=\/wp\/v2\/product"}],"about":[{"href":"https:\/\/shop.garagestyger.ch\/index.php?rest_route=\/wp\/v2\/types\/product"}],"replies":[{"embeddable":true,"href":"https:\/\/shop.garagestyger.ch\/index.php?rest_route=%2Fwp%2Fv2%2Fcomments&post=2523"}],"wp:featuredmedia":[{"embeddable":true,"href":"https:\/\/shop.garagestyger.ch\/index.php?rest_route=\/wp\/v2\/media\/2524"}],"wp:attachment":[{"href":"https:\/\/shop.garagestyger.ch\/index.php?rest_route=%2Fwp%2Fv2%2Fmedia&parent=2523"}],"wp:term":[{"taxonomy":"product_cat","embeddable":true,"href":"https:\/\/shop.garagestyger.ch\/index.php?rest_route=%2Fwp%2Fv2%2Fproduct_cat&post=2523"},{"taxonomy":"product_tag","embeddable":true,"href":"https:\/\/shop.garagestyger.ch\/index.php?rest_route=%2Fwp%2Fv2%2Fproduct_tag&post=2523"}],"curies":[{"name":"wp","href":"https:\/\/api.w.org\/{rel}","templated":true}]}}