{"id":2509,"date":"2021-12-21T13:48:23","date_gmt":"2021-12-21T13:48:23","guid":{"rendered":"https:\/\/shop.garagestyger.ch\/?post_type=product&#038;p=2509"},"modified":"2023-10-09T19:21:32","modified_gmt":"2023-10-09T19:21:32","slug":"abstandhalter-abnehmbar-2-fahrrad-uebler","status":"publish","type":"product","link":"https:\/\/shop.garagestyger.ch\/?product=abstandhalter-abnehmbar-2-fahrrad-uebler","title":{"rendered":"Abstandshalter abnehmbar 2. Fahrrad Uebler f\u00fcr i21"},"content":{"rendered":"<h3><strong>Abstandshalter 2. Fahrrad abnehmbar<\/strong><\/h3>\n<p>Abschlie\u00dfbar und abnehmbar.<\/p>\n<p>Mit Carbonschutz.<\/p>\n<p>F\u00fcr Fahrradrahmen (auch Kastenrahmen) bis 120 x 80 mm.<\/p>\n<p>f\u00fcr i21, X21 S, P22 S, F24<\/p>\n","protected":false},"excerpt":{"rendered":"<p>Abstandshalter 2. Fahrrad abnehmbar Abschlie\u00dfbar und abnehmbar. Mit Carbonschutz. F\u00fcr Fahrradrahmen (auch Kastenrahmen) bis 120 x 80 mm. f\u00fcr i21, X21 S, P22 S, F24<\/p>\n","protected":false},"featured_media":2510,"comment_status":"open","ping_status":"closed","template":"","meta":[],"product_cat":[824,15,30,400],"product_tag":[795,800,798,801,787],"_links":{"self":[{"href":"https:\/\/shop.garagestyger.ch\/index.php?rest_route=\/wp\/v2\/product\/2509"}],"collection":[{"href":"https:\/\/shop.garagestyger.ch\/index.php?rest_route=\/wp\/v2\/product"}],"about":[{"href":"https:\/\/shop.garagestyger.ch\/index.php?rest_route=\/wp\/v2\/types\/product"}],"replies":[{"embeddable":true,"href":"https:\/\/shop.garagestyger.ch\/index.php?rest_route=%2Fwp%2Fv2%2Fcomments&post=2509"}],"wp:featuredmedia":[{"embeddable":true,"href":"https:\/\/shop.garagestyger.ch\/index.php?rest_route=\/wp\/v2\/media\/2510"}],"wp:attachment":[{"href":"https:\/\/shop.garagestyger.ch\/index.php?rest_route=%2Fwp%2Fv2%2Fmedia&parent=2509"}],"wp:term":[{"taxonomy":"product_cat","embeddable":true,"href":"https:\/\/shop.garagestyger.ch\/index.php?rest_route=%2Fwp%2Fv2%2Fproduct_cat&post=2509"},{"taxonomy":"product_tag","embeddable":true,"href":"https:\/\/shop.garagestyger.ch\/index.php?rest_route=%2Fwp%2Fv2%2Fproduct_tag&post=2509"}],"curies":[{"name":"wp","href":"https:\/\/api.w.org\/{rel}","templated":true}]}}