{"id":2507,"date":"2021-12-21T13:41:19","date_gmt":"2021-12-21T13:41:19","guid":{"rendered":"https:\/\/shop.garagestyger.ch\/?post_type=product&#038;p=2507"},"modified":"2023-10-04T04:18:33","modified_gmt":"2023-10-04T04:18:33","slug":"transport-tasche-uebler-fuer-fahrradtraeger-i31","status":"publish","type":"product","link":"https:\/\/shop.garagestyger.ch\/?product=transport-tasche-uebler-fuer-fahrradtraeger-i31","title":{"rendered":"Transport-Tasche Uebler f\u00fcr Fahrradtr\u00e4ger i31"},"content":{"rendered":"<h3><strong>Transporttasche<\/strong><\/h3>\n<h4>F\u00fcr Uebler Kupplungstr\u00e4ger:<\/h4>\n<h4>Art.-Nr. 19840, f\u00fcr i21, F24Art.-Nr. 19850, f\u00fcr i31, F34<\/h4>\n","protected":false},"excerpt":{"rendered":"<p>Transporttasche F\u00fcr Uebler Kupplungstr\u00e4ger: Art.-Nr. 19840, f\u00fcr i21, F24Art.-Nr. 19850, f\u00fcr i31, F34<\/p>\n","protected":false},"featured_media":2504,"comment_status":"open","ping_status":"closed","template":"","meta":[],"product_cat":[824,15,30,400],"product_tag":[],"_links":{"self":[{"href":"https:\/\/shop.garagestyger.ch\/index.php?rest_route=\/wp\/v2\/product\/2507"}],"collection":[{"href":"https:\/\/shop.garagestyger.ch\/index.php?rest_route=\/wp\/v2\/product"}],"about":[{"href":"https:\/\/shop.garagestyger.ch\/index.php?rest_route=\/wp\/v2\/types\/product"}],"replies":[{"embeddable":true,"href":"https:\/\/shop.garagestyger.ch\/index.php?rest_route=%2Fwp%2Fv2%2Fcomments&post=2507"}],"wp:featuredmedia":[{"embeddable":true,"href":"https:\/\/shop.garagestyger.ch\/index.php?rest_route=\/wp\/v2\/media\/2504"}],"wp:attachment":[{"href":"https:\/\/shop.garagestyger.ch\/index.php?rest_route=%2Fwp%2Fv2%2Fmedia&parent=2507"}],"wp:term":[{"taxonomy":"product_cat","embeddable":true,"href":"https:\/\/shop.garagestyger.ch\/index.php?rest_route=%2Fwp%2Fv2%2Fproduct_cat&post=2507"},{"taxonomy":"product_tag","embeddable":true,"href":"https:\/\/shop.garagestyger.ch\/index.php?rest_route=%2Fwp%2Fv2%2Fproduct_tag&post=2507"}],"curies":[{"name":"wp","href":"https:\/\/api.w.org\/{rel}","templated":true}]}}