{"id":2505,"date":"2021-12-21T13:35:53","date_gmt":"2021-12-21T13:35:53","guid":{"rendered":"https:\/\/shop.garagestyger.ch\/?post_type=product&#038;p=2505"},"modified":"2023-10-09T19:21:32","modified_gmt":"2023-10-09T19:21:32","slug":"abstandhalter-1-fahrrad-abnehmbar-uebler","status":"publish","type":"product","link":"https:\/\/shop.garagestyger.ch\/?product=abstandhalter-1-fahrrad-abnehmbar-uebler","title":{"rendered":"Abstandshalter 1. Fahrrad abnehmbar Uebler"},"content":{"rendered":"<h3>Abstandshalter 1. Fahrrad abnehmbar<\/h3>\n<p>Abschlie\u00dfbar und abnehmbar.<\/p>\n<p>Mit Carbonschutz.<\/p>\n<p>F\u00fcr Fahrradrahmen (auch Kastenrahmen) bis 120 x 80 mm<\/p>\n<p>f\u00fcr i21, i31, X21 S, X31 S, P22 S, P32S, F14, F24, F34, F32, F32 XL, F42<\/p>\n","protected":false},"excerpt":{"rendered":"<p>Abstandshalter 1. Fahrrad abnehmbar Abschlie\u00dfbar und abnehmbar. Mit Carbonschutz. F\u00fcr Fahrradrahmen (auch Kastenrahmen) bis 120 x 80 mm f\u00fcr i21, i31, X21 S, X31 S, P22 S, P32S, F14, F24, F34, F32, F32 XL, F42<\/p>\n","protected":false},"featured_media":2506,"comment_status":"open","ping_status":"closed","template":"","meta":[],"product_cat":[824,15,30,400],"product_tag":[795,789,798,797,799,787,796],"_links":{"self":[{"href":"https:\/\/shop.garagestyger.ch\/index.php?rest_route=\/wp\/v2\/product\/2505"}],"collection":[{"href":"https:\/\/shop.garagestyger.ch\/index.php?rest_route=\/wp\/v2\/product"}],"about":[{"href":"https:\/\/shop.garagestyger.ch\/index.php?rest_route=\/wp\/v2\/types\/product"}],"replies":[{"embeddable":true,"href":"https:\/\/shop.garagestyger.ch\/index.php?rest_route=%2Fwp%2Fv2%2Fcomments&post=2505"}],"wp:featuredmedia":[{"embeddable":true,"href":"https:\/\/shop.garagestyger.ch\/index.php?rest_route=\/wp\/v2\/media\/2506"}],"wp:attachment":[{"href":"https:\/\/shop.garagestyger.ch\/index.php?rest_route=%2Fwp%2Fv2%2Fmedia&parent=2505"}],"wp:term":[{"taxonomy":"product_cat","embeddable":true,"href":"https:\/\/shop.garagestyger.ch\/index.php?rest_route=%2Fwp%2Fv2%2Fproduct_cat&post=2505"},{"taxonomy":"product_tag","embeddable":true,"href":"https:\/\/shop.garagestyger.ch\/index.php?rest_route=%2Fwp%2Fv2%2Fproduct_tag&post=2505"}],"curies":[{"name":"wp","href":"https:\/\/api.w.org\/{rel}","templated":true}]}}