{"id":2503,"date":"2021-12-21T13:20:17","date_gmt":"2021-12-21T13:20:17","guid":{"rendered":"https:\/\/shop.garagestyger.ch\/?post_type=product&#038;p=2503"},"modified":"2023-10-04T04:18:13","modified_gmt":"2023-10-04T04:18:13","slug":"transport-tasche-uebler-fuer-fahrradtraeger-i21","status":"publish","type":"product","link":"https:\/\/shop.garagestyger.ch\/?product=transport-tasche-uebler-fuer-fahrradtraeger-i21","title":{"rendered":"Transport-Tasche Uebler f\u00fcr Fahrradtr\u00e4ger i21"},"content":{"rendered":"<h3><strong>Transporttasche f\u00fcr Uebler Kupplungstr\u00e4ger:<\/strong><\/h3>\n<h3>F\u00fcr Uebler Kupplungstr\u00e4ger:<\/h3>\n<h3>Art.-Nr. 19840 f\u00fcr i21, F24<\/h3>\n<p>&nbsp;<\/p>\n","protected":false},"excerpt":{"rendered":"<p>Transporttasche f\u00fcr Uebler Kupplungstr\u00e4ger: F\u00fcr Uebler Kupplungstr\u00e4ger: Art.-Nr. 19840 f\u00fcr i21, F24 &nbsp;<\/p>\n","protected":false},"featured_media":2504,"comment_status":"open","ping_status":"closed","template":"","meta":[],"product_cat":[824,15,30,400],"product_tag":[],"_links":{"self":[{"href":"https:\/\/shop.garagestyger.ch\/index.php?rest_route=\/wp\/v2\/product\/2503"}],"collection":[{"href":"https:\/\/shop.garagestyger.ch\/index.php?rest_route=\/wp\/v2\/product"}],"about":[{"href":"https:\/\/shop.garagestyger.ch\/index.php?rest_route=\/wp\/v2\/types\/product"}],"replies":[{"embeddable":true,"href":"https:\/\/shop.garagestyger.ch\/index.php?rest_route=%2Fwp%2Fv2%2Fcomments&post=2503"}],"wp:featuredmedia":[{"embeddable":true,"href":"https:\/\/shop.garagestyger.ch\/index.php?rest_route=\/wp\/v2\/media\/2504"}],"wp:attachment":[{"href":"https:\/\/shop.garagestyger.ch\/index.php?rest_route=%2Fwp%2Fv2%2Fmedia&parent=2503"}],"wp:term":[{"taxonomy":"product_cat","embeddable":true,"href":"https:\/\/shop.garagestyger.ch\/index.php?rest_route=%2Fwp%2Fv2%2Fproduct_cat&post=2503"},{"taxonomy":"product_tag","embeddable":true,"href":"https:\/\/shop.garagestyger.ch\/index.php?rest_route=%2Fwp%2Fv2%2Fproduct_tag&post=2503"}],"curies":[{"name":"wp","href":"https:\/\/api.w.org\/{rel}","templated":true}]}}